{"id":5234,"date":"2023-12-11T14:06:31","date_gmt":"2023-12-11T12:06:31","guid":{"rendered":"https:\/\/www.hingelaegas.ee\/?post_type=product&#038;p=5234"},"modified":"2025-11-30T23:23:51","modified_gmt":"2025-11-30T21:23:51","slug":"aroomiteraapia-kinkekomplekt-jouluaroomid","status":"publish","type":"product","link":"https:\/\/hingelaegas.ee\/en\/product\/aroomiteraapia-kinkekomplekt-jouluaroomid\/","title":{"rendered":"Aromatherapy gift set - Christmas Aromas (12 x 5 ml)"},"content":{"rendered":"<div id=\"pageBodyContent\">\n<div class=\"pagewrapper\">\n<div class=\"pagemain\">\n<div class=\"pagecontent web-content\">\n<div class=\"content-container\">\n<section id=\"s3\" class=\"product-content-section c50 closed\">\n<div class=\"product-content-container c50\">\n<div class=\"product-content c50 child-spacing\">\n<div id=\"tw-ob\" class=\"tw-src-ltr\">\n<div class=\"oSioSc\">\n<div id=\"tw-target\">\n<div id=\"kAz1tf\" class=\"g9WsWb\">\n<div id=\"tw-target-text-container\" class=\"tw-ta-container hide-focus-ring tw-nfl\" tabindex=\"0\">\n<div id=\"pageBodyContent\">\n<div class=\"pagewrapper\">\n<div class=\"pagemain\">\n<div class=\"pagecontent web-content\">\n<div class=\"content-container\">\n<section id=\"s3\" class=\"product-content-section c50 closed\">\n<div class=\"product-content-container c50\">\n<div class=\"product-content c50 child-spacing\">\n<div class=\"jhH5U\">\n<div id=\"tw-ob\" class=\"tw-src-ltr\">\n<div class=\"oSioSc\">\n<div id=\"tw-target\">\n<div id=\"kAz1tf\" class=\"g9WsWb\">\n<div id=\"tw-target-text-container\" class=\"tw-ta-container hide-focus-ring tw-nfl\" tabindex=\"0\">\n<div id=\"tw-ob\" class=\"tw-src-ltr\">\n<div class=\"oSioSc\">\n<div id=\"tw-target\">\n<div class=\"tw-ta-container hide-focus-ring tw-nfl\" tabindex=\"0\">\n<h2><span style=\"font-size: 14pt;\"><strong>Recommended uses<\/strong><\/span><\/h2>\n<div id=\"pageBodyContent\">\n<div class=\"pagewrapper\">\n<div class=\"pagemain\">\n<div class=\"pagecontent web-content\">\n<div class=\"content-container\">\n<section id=\"s3\" class=\"product-content-section c50 closed\">\n<div class=\"product-content-container c50\">\n<div class=\"product-content c50 child-spacing\">\n<div class=\"list-block c83\">\n<div class=\"heading c83\"><u>Aromatic<\/u><\/div>\n<\/div>\n<div class=\"list-block c83\">\n<ul class=\"c83\">\n<li class=\"c83\">Can be used in an aroma diffuser both at home or in the office to create a pleasant and cozy atmosphere that relaxes the senses and creates a pleasant aroma around you.<\/li>\n<li>It can also be added to an oil burner. Don't forget to add water to the oil burner and then drip in the aroma oil!<\/li>\n<li>Can be diluted in the spray bottle with water and spray it at home, in the office, or just to refresh your bed linen.<\/li>\n<li>Can also be sprayed on a pillow to promote sleep.<\/li>\n<li>During long car trips, use the car diffuser to create a pleasant atmosphere and stimulate your senses.<\/li>\n<li>If you are a sauna fan, then of course you can also use these oils for a relaxing sauna experience.<\/li>\n<\/ul>\n<p>&nbsp;<\/p>\n<\/div>\n<\/div>\n<\/div>\n<\/section>\n<\/div>\n<\/div>\n<\/div>\n<\/div>\n<\/div>\n<\/div>\n<\/div>\n<\/div>\n<\/div>\n<\/div>\n<\/div>\n<\/div>\n<\/div>\n<\/div>\n<\/div>\n<p>You can read more about aromatherapy and essential oils from <a href=\"https:\/\/hingelaegas.ee\/blogi\/aroomiteraapia-ja-eeterlike-olide-kasulikud-omadused-ning-kasutamine\/\"><strong>HERE<\/strong><\/a>.<\/p>\n<p>&nbsp;<\/p>\n<\/div>\n<\/div>\n<\/section>\n<section id=\"s4\" class=\"product-content-section c50 closed\">\n<div class=\"product-content-container c50\">\n<h2 class=\"heading c50\"><em style=\"font-size: 16px;\">Caution!<\/em><\/h2>\n<ul>\n<li>Keep out of reach of children.<\/li>\n<li>For external use only.<\/li>\n<li>Avoid contact with eyes or mucous membranes.<\/li>\n<li>In case of pregnancy, breast-feeding, taking medication or any other medical condition, consult your doctor before use.<\/li>\n<li>The information about essential and carrier oils on Hingelaegas website comes from public sources. The information given does not constitute health advice and references to the properties and effects of the oils are based on aromatherapy and folk medicine. Therefore, Hingelaegas O\u00dc can't be held responsible for the accuracy of the information. The use of essential and carrier oils is the responsibility of each indiviudal itself.<\/li>\n<\/ul>\n<\/div>\n<\/section>\n<\/div>\n<\/div>\n<\/div>\n<\/div>\n<\/div>\n<\/div>\n<\/div>\n<\/div>\n<\/div>\n<\/div>\n<\/div>\n<\/div>\n<\/section>\n<\/div>\n<\/div>\n<\/div>\n<\/div>\n<\/div>","protected":false},"excerpt":{"rendered":"<p>Aromatherapy aroma oil gift set \"Christmas aromas\" is a set of aroma oils specially created for the holidays and packed with Christmas and winter aromas. This set contains 12 aroma oils (5ml each) and 2 droppers.<\/p>\n<p><strong>The set includes:<\/strong><\/p>\n<p>1 x Valged J\u00f5ulud (<em>White Christmas<\/em>) aroma oil<\/p>\n<p>1 x Hubased Talve\u00f6\u00f6d (<em>Cozy Winter Nights<\/em>) aroma oil<\/p>\n<p>1 x Kolm Kuningat (<em>Three Kings<\/em>) aroma oil<\/p>\n<p>1 x Kuld (<em>Gold<\/em>) aroma oil<\/p>\n<p>1 x Sandlipuu (<em>Sandalwood<\/em>) aroma oil<\/p>\n<p>1 x Kaneel &amp; Apelsin (<em>Cinnamon &amp; Orange<\/em>) aroma oil<\/p>\n<p>1 x J\u00f5uluvanik (<em>Christmas Garland<\/em>) aroma oil<\/p>\n<p>1 x Pidulik Hommik (<em>Festive Morning<\/em>) aroma oil<\/p>\n<p>1 x Holly &amp; Ivy (<em>Holly &amp; Ivy<\/em>) aroma oil<\/p>\n<p>1 x M\u00fcrr (<em>Myrrh<\/em>) aroma oil<\/p>\n<p>1 x Iileksimari &amp; Puuv\u00f5\u00f5rik (<em>Holly Berry &amp; Mistletoe<\/em>) aroma oil<\/p>\n<p>1 x Viirukipuu (<em>Frankincense<\/em>) aroma oil<\/p>\n<p>2 x dropper caps<\/p>\n<p><strong>Volume<\/strong><\/p>\n<p>12 x 5 ml<\/p>","protected":false},"featured_media":5235,"comment_status":"open","ping_status":"closed","template":"","meta":{"_monsterinsights_skip_tracking":false,"_monsterinsights_sitenote_active":false,"_monsterinsights_sitenote_note":"","_monsterinsights_sitenote_category":0},"product_brand":[],"product_cat":[615,413],"product_tag":[138,414],"class_list":{"0":"post-5234","1":"product","2":"type-product","3":"status-publish","4":"has-post-thumbnail","6":"product_cat-aroomiolid","7":"product_cat-kinkekomplektid","8":"product_tag-aroomiteraapia","9":"product_tag-kinkekomplektid","11":"first","12":"instock","13":"taxable","14":"shipping-taxable","15":"purchasable","16":"product-type-simple"},"yoast_head":"<!-- This site is optimized with the Yoast SEO plugin v27.3 - https:\/\/yoast.com\/product\/yoast-seo-wordpress\/ -->\n<title>Aroomiteraapia kinkekomplekt - J\u00f5uluaroomid (12 x 5 ml) - Hingelaegas<\/title>\n<meta name=\"description\" content=\"J\u00f5uluaroomide kinkekomplekt on spetsiaalselt p\u00fchade meeleolu loovatest ning j\u00f5ulustest ja talvistest aroomidest pakatavate aroomi\u00f5lide komplekt. See komplekt sisaldab 12 aroomi\u00f5li (iga\u00fcks 5 ml) ja 2 tilgutit.\" \/>\n<meta name=\"robots\" content=\"index, follow, max-snippet:-1, max-image-preview:large, max-video-preview:-1\" \/>\n<link rel=\"canonical\" href=\"https:\/\/www.hingelaegas.ee\/product\/aroomiteraapia-kinkekomplekt-jouluaroomid\/\" \/>\n<meta property=\"og:locale\" content=\"en_GB\" \/>\n<meta property=\"og:type\" content=\"article\" \/>\n<meta property=\"og:title\" content=\"Aroomiteraapia kinkekomplekt - J\u00f5uluaroomid (12 x 5 ml) - Hingelaegas\" \/>\n<meta property=\"og:description\" content=\"J\u00f5uluaroomide kinkekomplekt on spetsiaalselt p\u00fchade meeleolu loovatest ning j\u00f5ulustest ja talvistest aroomidest pakatavate aroomi\u00f5lide komplekt. See komplekt sisaldab 12 aroomi\u00f5li (iga\u00fcks 5 ml) ja 2 tilgutit.\" \/>\n<meta property=\"og:url\" content=\"https:\/\/www.hingelaegas.ee\/product\/aroomiteraapia-kinkekomplekt-jouluaroomid\/\" \/>\n<meta property=\"og:site_name\" content=\"Hingelaegas\" \/>\n<meta property=\"article:modified_time\" content=\"2025-11-30T21:23:51+00:00\" \/>\n<meta property=\"og:image\" content=\"https:\/\/i0.wp.com\/www.hingelaegas.ee\/wp-content\/uploads\/2023\/12\/kinkekomplekt_xmas-e1703326626199.jpeg?fit=1200%2C1200&ssl=1\" \/>\n\t<meta property=\"og:image:width\" content=\"1200\" \/>\n\t<meta property=\"og:image:height\" content=\"1200\" \/>\n\t<meta property=\"og:image:type\" content=\"image\/jpeg\" \/>\n<meta name=\"twitter:card\" content=\"summary_large_image\" \/>\n<meta name=\"twitter:label1\" content=\"Estimated reading time\" \/>\n\t<meta name=\"twitter:data1\" content=\"2 minutes\" \/>\n<script type=\"application\/ld+json\" class=\"yoast-schema-graph\">{\"@context\":\"https:\\\/\\\/schema.org\",\"@graph\":[{\"@type\":\"WebPage\",\"@id\":\"https:\\\/\\\/www.hingelaegas.ee\\\/product\\\/aroomiteraapia-kinkekomplekt-jouluaroomid\\\/\",\"url\":\"https:\\\/\\\/www.hingelaegas.ee\\\/product\\\/aroomiteraapia-kinkekomplekt-jouluaroomid\\\/\",\"name\":\"Aroomiteraapia kinkekomplekt - J\u00f5uluaroomid (12 x 5 ml) - Hingelaegas\",\"isPartOf\":{\"@id\":\"https:\\\/\\\/www.hingelaegas.ee\\\/#website\"},\"primaryImageOfPage\":{\"@id\":\"https:\\\/\\\/www.hingelaegas.ee\\\/product\\\/aroomiteraapia-kinkekomplekt-jouluaroomid\\\/#primaryimage\"},\"image\":{\"@id\":\"https:\\\/\\\/www.hingelaegas.ee\\\/product\\\/aroomiteraapia-kinkekomplekt-jouluaroomid\\\/#primaryimage\"},\"thumbnailUrl\":\"https:\\\/\\\/i0.wp.com\\\/hingelaegas.ee\\\/wp-content\\\/uploads\\\/2023\\\/12\\\/kinkekomplekt_xmas-e1703326626199.jpeg?fit=1200%2C1200&ssl=1\",\"datePublished\":\"2023-12-11T12:06:31+00:00\",\"dateModified\":\"2025-11-30T21:23:51+00:00\",\"description\":\"J\u00f5uluaroomide kinkekomplekt on spetsiaalselt p\u00fchade meeleolu loovatest ning j\u00f5ulustest ja talvistest aroomidest pakatavate aroomi\u00f5lide komplekt. See komplekt sisaldab 12 aroomi\u00f5li (iga\u00fcks 5 ml) ja 2 tilgutit.\",\"breadcrumb\":{\"@id\":\"https:\\\/\\\/www.hingelaegas.ee\\\/product\\\/aroomiteraapia-kinkekomplekt-jouluaroomid\\\/#breadcrumb\"},\"inLanguage\":\"en-GB\",\"potentialAction\":[{\"@type\":\"ReadAction\",\"target\":[\"https:\\\/\\\/www.hingelaegas.ee\\\/product\\\/aroomiteraapia-kinkekomplekt-jouluaroomid\\\/\"]}]},{\"@type\":\"ImageObject\",\"inLanguage\":\"en-GB\",\"@id\":\"https:\\\/\\\/www.hingelaegas.ee\\\/product\\\/aroomiteraapia-kinkekomplekt-jouluaroomid\\\/#primaryimage\",\"url\":\"https:\\\/\\\/i0.wp.com\\\/hingelaegas.ee\\\/wp-content\\\/uploads\\\/2023\\\/12\\\/kinkekomplekt_xmas-e1703326626199.jpeg?fit=1200%2C1200&ssl=1\",\"contentUrl\":\"https:\\\/\\\/i0.wp.com\\\/hingelaegas.ee\\\/wp-content\\\/uploads\\\/2023\\\/12\\\/kinkekomplekt_xmas-e1703326626199.jpeg?fit=1200%2C1200&ssl=1\",\"width\":1200,\"height\":1200},{\"@type\":\"BreadcrumbList\",\"@id\":\"https:\\\/\\\/www.hingelaegas.ee\\\/product\\\/aroomiteraapia-kinkekomplekt-jouluaroomid\\\/#breadcrumb\",\"itemListElement\":[{\"@type\":\"ListItem\",\"position\":1,\"name\":\"Home\",\"item\":\"https:\\\/\\\/www.hingelaegas.ee\\\/\"},{\"@type\":\"ListItem\",\"position\":2,\"name\":\"E-POOD\",\"item\":\"https:\\\/\\\/www.hingelaegas.ee\\\/e-pood\\\/\"},{\"@type\":\"ListItem\",\"position\":3,\"name\":\"Aroomiteraapia kinkekomplekt &#8211; J\u00f5uluaroomid (12 x 5 ml)\"}]},{\"@type\":\"WebSite\",\"@id\":\"https:\\\/\\\/www.hingelaegas.ee\\\/#website\",\"url\":\"https:\\\/\\\/www.hingelaegas.ee\\\/\",\"name\":\"Hingelaegas\",\"description\":\"Hingele. Kehale. Vaimule.\",\"publisher\":{\"@id\":\"https:\\\/\\\/www.hingelaegas.ee\\\/#organization\"},\"potentialAction\":[{\"@type\":\"SearchAction\",\"target\":{\"@type\":\"EntryPoint\",\"urlTemplate\":\"https:\\\/\\\/www.hingelaegas.ee\\\/?s={search_term_string}\"},\"query-input\":{\"@type\":\"PropertyValueSpecification\",\"valueRequired\":true,\"valueName\":\"search_term_string\"}}],\"inLanguage\":\"en-GB\"},{\"@type\":\"Organization\",\"@id\":\"https:\\\/\\\/www.hingelaegas.ee\\\/#organization\",\"name\":\"Hingelaegas O\u00dc\",\"url\":\"https:\\\/\\\/www.hingelaegas.ee\\\/\",\"logo\":{\"@type\":\"ImageObject\",\"inLanguage\":\"en-GB\",\"@id\":\"https:\\\/\\\/www.hingelaegas.ee\\\/#\\\/schema\\\/logo\\\/image\\\/\",\"url\":\"https:\\\/\\\/hingelaegas.ee\\\/wp-content\\\/uploads\\\/2020\\\/12\\\/hingelaegas_vaike.png\",\"contentUrl\":\"https:\\\/\\\/hingelaegas.ee\\\/wp-content\\\/uploads\\\/2020\\\/12\\\/hingelaegas_vaike.png\",\"width\":700,\"height\":700,\"caption\":\"Hingelaegas O\u00dc\"},\"image\":{\"@id\":\"https:\\\/\\\/www.hingelaegas.ee\\\/#\\\/schema\\\/logo\\\/image\\\/\"}}]}<\/script>\n<!-- \/ Yoast SEO plugin. -->","yoast_head_json":{"title":"Aroomiteraapia kinkekomplekt - J\u00f5uluaroomid (12 x 5 ml) - Hingelaegas","description":"J\u00f5uluaroomide kinkekomplekt on spetsiaalselt p\u00fchade meeleolu loovatest ning j\u00f5ulustest ja talvistest aroomidest pakatavate aroomi\u00f5lide komplekt. See komplekt sisaldab 12 aroomi\u00f5li (iga\u00fcks 5 ml) ja 2 tilgutit.","robots":{"index":"index","follow":"follow","max-snippet":"max-snippet:-1","max-image-preview":"max-image-preview:large","max-video-preview":"max-video-preview:-1"},"canonical":"https:\/\/www.hingelaegas.ee\/product\/aroomiteraapia-kinkekomplekt-jouluaroomid\/","og_locale":"en_GB","og_type":"article","og_title":"Aroomiteraapia kinkekomplekt - J\u00f5uluaroomid (12 x 5 ml) - Hingelaegas","og_description":"J\u00f5uluaroomide kinkekomplekt on spetsiaalselt p\u00fchade meeleolu loovatest ning j\u00f5ulustest ja talvistest aroomidest pakatavate aroomi\u00f5lide komplekt. See komplekt sisaldab 12 aroomi\u00f5li (iga\u00fcks 5 ml) ja 2 tilgutit.","og_url":"https:\/\/www.hingelaegas.ee\/product\/aroomiteraapia-kinkekomplekt-jouluaroomid\/","og_site_name":"Hingelaegas","article_modified_time":"2025-11-30T21:23:51+00:00","og_image":[{"width":1200,"height":1200,"url":"https:\/\/i0.wp.com\/www.hingelaegas.ee\/wp-content\/uploads\/2023\/12\/kinkekomplekt_xmas-e1703326626199.jpeg?fit=1200%2C1200&ssl=1","type":"image\/jpeg"}],"twitter_card":"summary_large_image","twitter_misc":{"Estimated reading time":"2 minutes"},"schema":{"@context":"https:\/\/schema.org","@graph":[{"@type":"WebPage","@id":"https:\/\/www.hingelaegas.ee\/product\/aroomiteraapia-kinkekomplekt-jouluaroomid\/","url":"https:\/\/www.hingelaegas.ee\/product\/aroomiteraapia-kinkekomplekt-jouluaroomid\/","name":"Aroomiteraapia kinkekomplekt - J\u00f5uluaroomid (12 x 5 ml) - Hingelaegas","isPartOf":{"@id":"https:\/\/www.hingelaegas.ee\/#website"},"primaryImageOfPage":{"@id":"https:\/\/www.hingelaegas.ee\/product\/aroomiteraapia-kinkekomplekt-jouluaroomid\/#primaryimage"},"image":{"@id":"https:\/\/www.hingelaegas.ee\/product\/aroomiteraapia-kinkekomplekt-jouluaroomid\/#primaryimage"},"thumbnailUrl":"https:\/\/i0.wp.com\/hingelaegas.ee\/wp-content\/uploads\/2023\/12\/kinkekomplekt_xmas-e1703326626199.jpeg?fit=1200%2C1200&ssl=1","datePublished":"2023-12-11T12:06:31+00:00","dateModified":"2025-11-30T21:23:51+00:00","description":"J\u00f5uluaroomide kinkekomplekt on spetsiaalselt p\u00fchade meeleolu loovatest ning j\u00f5ulustest ja talvistest aroomidest pakatavate aroomi\u00f5lide komplekt. See komplekt sisaldab 12 aroomi\u00f5li (iga\u00fcks 5 ml) ja 2 tilgutit.","breadcrumb":{"@id":"https:\/\/www.hingelaegas.ee\/product\/aroomiteraapia-kinkekomplekt-jouluaroomid\/#breadcrumb"},"inLanguage":"en-GB","potentialAction":[{"@type":"ReadAction","target":["https:\/\/www.hingelaegas.ee\/product\/aroomiteraapia-kinkekomplekt-jouluaroomid\/"]}]},{"@type":"ImageObject","inLanguage":"en-GB","@id":"https:\/\/www.hingelaegas.ee\/product\/aroomiteraapia-kinkekomplekt-jouluaroomid\/#primaryimage","url":"https:\/\/i0.wp.com\/hingelaegas.ee\/wp-content\/uploads\/2023\/12\/kinkekomplekt_xmas-e1703326626199.jpeg?fit=1200%2C1200&ssl=1","contentUrl":"https:\/\/i0.wp.com\/hingelaegas.ee\/wp-content\/uploads\/2023\/12\/kinkekomplekt_xmas-e1703326626199.jpeg?fit=1200%2C1200&ssl=1","width":1200,"height":1200},{"@type":"BreadcrumbList","@id":"https:\/\/www.hingelaegas.ee\/product\/aroomiteraapia-kinkekomplekt-jouluaroomid\/#breadcrumb","itemListElement":[{"@type":"ListItem","position":1,"name":"Home","item":"https:\/\/www.hingelaegas.ee\/"},{"@type":"ListItem","position":2,"name":"E-POOD","item":"https:\/\/www.hingelaegas.ee\/e-pood\/"},{"@type":"ListItem","position":3,"name":"Aroomiteraapia kinkekomplekt &#8211; J\u00f5uluaroomid (12 x 5 ml)"}]},{"@type":"WebSite","@id":"https:\/\/www.hingelaegas.ee\/#website","url":"https:\/\/www.hingelaegas.ee\/","name":"Hingelaegas","description":"For Soul. For Body. For Mind.","publisher":{"@id":"https:\/\/www.hingelaegas.ee\/#organization"},"potentialAction":[{"@type":"SearchAction","target":{"@type":"EntryPoint","urlTemplate":"https:\/\/www.hingelaegas.ee\/?s={search_term_string}"},"query-input":{"@type":"PropertyValueSpecification","valueRequired":true,"valueName":"search_term_string"}}],"inLanguage":"en-GB"},{"@type":"Organization","@id":"https:\/\/www.hingelaegas.ee\/#organization","name":"Hingelaegas O\u00dc","url":"https:\/\/www.hingelaegas.ee\/","logo":{"@type":"ImageObject","inLanguage":"en-GB","@id":"https:\/\/www.hingelaegas.ee\/#\/schema\/logo\/image\/","url":"https:\/\/hingelaegas.ee\/wp-content\/uploads\/2020\/12\/hingelaegas_vaike.png","contentUrl":"https:\/\/hingelaegas.ee\/wp-content\/uploads\/2020\/12\/hingelaegas_vaike.png","width":700,"height":700,"caption":"Hingelaegas O\u00dc"},"image":{"@id":"https:\/\/www.hingelaegas.ee\/#\/schema\/logo\/image\/"}}]}},"acf":[],"jetpack_likes_enabled":false,"jetpack_sharing_enabled":true,"_links":{"self":[{"href":"https:\/\/hingelaegas.ee\/en\/wp-json\/wp\/v2\/product\/5234","targetHints":{"allow":["GET"]}}],"collection":[{"href":"https:\/\/hingelaegas.ee\/en\/wp-json\/wp\/v2\/product"}],"about":[{"href":"https:\/\/hingelaegas.ee\/en\/wp-json\/wp\/v2\/types\/product"}],"replies":[{"embeddable":true,"href":"https:\/\/hingelaegas.ee\/en\/wp-json\/wp\/v2\/comments?post=5234"}],"wp:featuredmedia":[{"embeddable":true,"href":"https:\/\/hingelaegas.ee\/en\/wp-json\/wp\/v2\/media\/5235"}],"wp:attachment":[{"href":"https:\/\/hingelaegas.ee\/en\/wp-json\/wp\/v2\/media?parent=5234"}],"wp:term":[{"taxonomy":"product_brand","embeddable":true,"href":"https:\/\/hingelaegas.ee\/en\/wp-json\/wp\/v2\/product_brand?post=5234"},{"taxonomy":"product_cat","embeddable":true,"href":"https:\/\/hingelaegas.ee\/en\/wp-json\/wp\/v2\/product_cat?post=5234"},{"taxonomy":"product_tag","embeddable":true,"href":"https:\/\/hingelaegas.ee\/en\/wp-json\/wp\/v2\/product_tag?post=5234"}],"curies":[{"name":"wp","href":"https:\/\/api.w.org\/{rel}","templated":true}]}}