{"id":5415,"date":"2024-02-09T10:57:16","date_gmt":"2024-02-09T08:57:16","guid":{"rendered":"https:\/\/www.hingelaegas.ee\/?post_type=product&#038;p=5415"},"modified":"2025-07-02T20:33:13","modified_gmt":"2025-07-02T18:33:13","slug":"mangopuidust-karp-eeterlikele-olidele-6tk","status":"publish","type":"product","link":"https:\/\/hingelaegas.ee\/en\/product\/mangopuidust-karp-eeterlikele-olidele-6tk\/","title":{"rendered":"Mango wood box for essential oils (holds 6)"},"content":{"rendered":"","protected":false},"excerpt":{"rendered":"<p>A beautiful and elegant mango wood box for essential oils. Holds 6 bottles (10 ml with a diameter of approx. 25 mm and a height of approx. 65 mm). The boxes are carved by hand.<\/p>\n<p>Dimensions of the gift box: 8 x 11 x 8 cm<\/p>","protected":false},"featured_media":5416,"comment_status":"open","ping_status":"closed","template":"","meta":{"_monsterinsights_skip_tracking":false,"_monsterinsights_sitenote_active":false,"_monsterinsights_sitenote_note":"","_monsterinsights_sitenote_category":0},"product_brand":[],"product_cat":[102,413],"product_tag":[519,414,579],"class_list":{"0":"post-5415","1":"product","2":"type-product","3":"status-publish","4":"has-post-thumbnail","6":"product_cat-eeterlikud-olid","7":"product_cat-kinkekomplektid","8":"product_tag-kinkekarbid","9":"product_tag-kinkekomplektid","10":"product_tag-pakendid","12":"first","13":"instock","14":"taxable","15":"shipping-taxable","16":"purchasable","17":"product-type-simple"},"yoast_head":"<!-- This site is optimized with the Yoast SEO plugin v27.3 - https:\/\/yoast.com\/product\/yoast-seo-wordpress\/ -->\n<title>Mangopuidust karp eeterlikele \u00f5lidele (6 tk) - Hingelaegas<\/title>\n<meta name=\"description\" content=\"Kaunis ja elegantne mangopuidust karp eeterlikele \u00f5lidele. Mahutab 6 pudelit (10 ml). Karbid on nikerdatud k\u00e4sit\u00f6\u00f6na.\" \/>\n<meta name=\"robots\" content=\"index, follow, max-snippet:-1, max-image-preview:large, max-video-preview:-1\" \/>\n<link rel=\"canonical\" href=\"https:\/\/www.hingelaegas.ee\/en\/product\/mangopuidust-karp-eeterlikele-olidele-6tk\/\" \/>\n<meta property=\"og:locale\" content=\"en_GB\" \/>\n<meta property=\"og:type\" content=\"article\" \/>\n<meta property=\"og:title\" content=\"Mangopuidust karp eeterlikele \u00f5lidele (6 tk) - Hingelaegas\" \/>\n<meta property=\"og:description\" content=\"Kaunis ja elegantne mangopuidust karp eeterlikele \u00f5lidele. Mahutab 6 pudelit (10 ml). Karbid on nikerdatud k\u00e4sit\u00f6\u00f6na.\" \/>\n<meta property=\"og:url\" content=\"https:\/\/www.hingelaegas.ee\/en\/product\/mangopuidust-karp-eeterlikele-olidele-6tk\/\" \/>\n<meta property=\"og:site_name\" content=\"Hingelaegas\" \/>\n<meta property=\"article:modified_time\" content=\"2025-07-02T18:33:13+00:00\" \/>\n<meta property=\"og:image\" content=\"https:\/\/i0.wp.com\/www.hingelaegas.ee\/wp-content\/uploads\/2024\/02\/AR-karp-6-olile.jpeg?fit=1496%2C1496&ssl=1\" \/>\n\t<meta property=\"og:image:width\" content=\"1496\" \/>\n\t<meta property=\"og:image:height\" content=\"1496\" \/>\n\t<meta property=\"og:image:type\" content=\"image\/jpeg\" \/>\n<meta name=\"twitter:card\" content=\"summary_large_image\" \/>\n<meta name=\"twitter:label1\" content=\"Estimated reading time\" \/>\n\t<meta name=\"twitter:data1\" content=\"1 minute\" \/>\n<script type=\"application\/ld+json\" class=\"yoast-schema-graph\">{\"@context\":\"https:\\\/\\\/schema.org\",\"@graph\":[{\"@type\":\"WebPage\",\"@id\":\"https:\\\/\\\/www.hingelaegas.ee\\\/en\\\/product\\\/mangopuidust-karp-eeterlikele-olidele-6tk\\\/\",\"url\":\"https:\\\/\\\/www.hingelaegas.ee\\\/en\\\/product\\\/mangopuidust-karp-eeterlikele-olidele-6tk\\\/\",\"name\":\"Mangopuidust karp eeterlikele \u00f5lidele (6 tk) - Hingelaegas\",\"isPartOf\":{\"@id\":\"https:\\\/\\\/www.hingelaegas.ee\\\/#website\"},\"primaryImageOfPage\":{\"@id\":\"https:\\\/\\\/www.hingelaegas.ee\\\/en\\\/product\\\/mangopuidust-karp-eeterlikele-olidele-6tk\\\/#primaryimage\"},\"image\":{\"@id\":\"https:\\\/\\\/www.hingelaegas.ee\\\/en\\\/product\\\/mangopuidust-karp-eeterlikele-olidele-6tk\\\/#primaryimage\"},\"thumbnailUrl\":\"https:\\\/\\\/i0.wp.com\\\/hingelaegas.ee\\\/wp-content\\\/uploads\\\/2024\\\/02\\\/AR-karp-6-olile.jpeg?fit=1496%2C1496&ssl=1\",\"datePublished\":\"2024-02-09T08:57:16+00:00\",\"dateModified\":\"2025-07-02T18:33:13+00:00\",\"description\":\"Kaunis ja elegantne mangopuidust karp eeterlikele \u00f5lidele. Mahutab 6 pudelit (10 ml). Karbid on nikerdatud k\u00e4sit\u00f6\u00f6na.\",\"breadcrumb\":{\"@id\":\"https:\\\/\\\/www.hingelaegas.ee\\\/en\\\/product\\\/mangopuidust-karp-eeterlikele-olidele-6tk\\\/#breadcrumb\"},\"inLanguage\":\"en-GB\",\"potentialAction\":[{\"@type\":\"ReadAction\",\"target\":[\"https:\\\/\\\/www.hingelaegas.ee\\\/en\\\/product\\\/mangopuidust-karp-eeterlikele-olidele-6tk\\\/\"]}]},{\"@type\":\"ImageObject\",\"inLanguage\":\"en-GB\",\"@id\":\"https:\\\/\\\/www.hingelaegas.ee\\\/en\\\/product\\\/mangopuidust-karp-eeterlikele-olidele-6tk\\\/#primaryimage\",\"url\":\"https:\\\/\\\/i0.wp.com\\\/hingelaegas.ee\\\/wp-content\\\/uploads\\\/2024\\\/02\\\/AR-karp-6-olile.jpeg?fit=1496%2C1496&ssl=1\",\"contentUrl\":\"https:\\\/\\\/i0.wp.com\\\/hingelaegas.ee\\\/wp-content\\\/uploads\\\/2024\\\/02\\\/AR-karp-6-olile.jpeg?fit=1496%2C1496&ssl=1\",\"width\":1496,\"height\":1496,\"caption\":\"eeterlike \u00f5lide karp\"},{\"@type\":\"BreadcrumbList\",\"@id\":\"https:\\\/\\\/www.hingelaegas.ee\\\/en\\\/product\\\/mangopuidust-karp-eeterlikele-olidele-6tk\\\/#breadcrumb\",\"itemListElement\":[{\"@type\":\"ListItem\",\"position\":1,\"name\":\"Home\",\"item\":\"https:\\\/\\\/www.hingelaegas.ee\\\/en\\\/\"},{\"@type\":\"ListItem\",\"position\":2,\"name\":\"E-POOD\",\"item\":\"https:\\\/\\\/www.hingelaegas.ee\\\/en\\\/e-pood\\\/\"},{\"@type\":\"ListItem\",\"position\":3,\"name\":\"Mangopuidust karp eeterlikele \u00f5lidele (6 tk)\"}]},{\"@type\":\"WebSite\",\"@id\":\"https:\\\/\\\/www.hingelaegas.ee\\\/#website\",\"url\":\"https:\\\/\\\/www.hingelaegas.ee\\\/\",\"name\":\"Hingelaegas\",\"description\":\"Hingele. Kehale. Vaimule.\",\"publisher\":{\"@id\":\"https:\\\/\\\/www.hingelaegas.ee\\\/#organization\"},\"potentialAction\":[{\"@type\":\"SearchAction\",\"target\":{\"@type\":\"EntryPoint\",\"urlTemplate\":\"https:\\\/\\\/www.hingelaegas.ee\\\/?s={search_term_string}\"},\"query-input\":{\"@type\":\"PropertyValueSpecification\",\"valueRequired\":true,\"valueName\":\"search_term_string\"}}],\"inLanguage\":\"en-GB\"},{\"@type\":\"Organization\",\"@id\":\"https:\\\/\\\/www.hingelaegas.ee\\\/#organization\",\"name\":\"Hingelaegas O\u00dc\",\"url\":\"https:\\\/\\\/www.hingelaegas.ee\\\/\",\"logo\":{\"@type\":\"ImageObject\",\"inLanguage\":\"en-GB\",\"@id\":\"https:\\\/\\\/www.hingelaegas.ee\\\/#\\\/schema\\\/logo\\\/image\\\/\",\"url\":\"https:\\\/\\\/hingelaegas.ee\\\/wp-content\\\/uploads\\\/2020\\\/12\\\/hingelaegas_vaike.png\",\"contentUrl\":\"https:\\\/\\\/hingelaegas.ee\\\/wp-content\\\/uploads\\\/2020\\\/12\\\/hingelaegas_vaike.png\",\"width\":700,\"height\":700,\"caption\":\"Hingelaegas O\u00dc\"},\"image\":{\"@id\":\"https:\\\/\\\/www.hingelaegas.ee\\\/#\\\/schema\\\/logo\\\/image\\\/\"}}]}<\/script>\n<!-- \/ Yoast SEO plugin. -->","yoast_head_json":{"title":"Mangopuidust karp eeterlikele \u00f5lidele (6 tk) - Hingelaegas","description":"Kaunis ja elegantne mangopuidust karp eeterlikele \u00f5lidele. Mahutab 6 pudelit (10 ml). Karbid on nikerdatud k\u00e4sit\u00f6\u00f6na.","robots":{"index":"index","follow":"follow","max-snippet":"max-snippet:-1","max-image-preview":"max-image-preview:large","max-video-preview":"max-video-preview:-1"},"canonical":"https:\/\/www.hingelaegas.ee\/en\/product\/mangopuidust-karp-eeterlikele-olidele-6tk\/","og_locale":"en_GB","og_type":"article","og_title":"Mangopuidust karp eeterlikele \u00f5lidele (6 tk) - Hingelaegas","og_description":"Kaunis ja elegantne mangopuidust karp eeterlikele \u00f5lidele. Mahutab 6 pudelit (10 ml). Karbid on nikerdatud k\u00e4sit\u00f6\u00f6na.","og_url":"https:\/\/www.hingelaegas.ee\/en\/product\/mangopuidust-karp-eeterlikele-olidele-6tk\/","og_site_name":"Hingelaegas","article_modified_time":"2025-07-02T18:33:13+00:00","og_image":[{"width":1496,"height":1496,"url":"https:\/\/i0.wp.com\/www.hingelaegas.ee\/wp-content\/uploads\/2024\/02\/AR-karp-6-olile.jpeg?fit=1496%2C1496&ssl=1","type":"image\/jpeg"}],"twitter_card":"summary_large_image","twitter_misc":{"Estimated reading time":"1 minute"},"schema":{"@context":"https:\/\/schema.org","@graph":[{"@type":"WebPage","@id":"https:\/\/www.hingelaegas.ee\/en\/product\/mangopuidust-karp-eeterlikele-olidele-6tk\/","url":"https:\/\/www.hingelaegas.ee\/en\/product\/mangopuidust-karp-eeterlikele-olidele-6tk\/","name":"Mangopuidust karp eeterlikele \u00f5lidele (6 tk) - Hingelaegas","isPartOf":{"@id":"https:\/\/www.hingelaegas.ee\/#website"},"primaryImageOfPage":{"@id":"https:\/\/www.hingelaegas.ee\/en\/product\/mangopuidust-karp-eeterlikele-olidele-6tk\/#primaryimage"},"image":{"@id":"https:\/\/www.hingelaegas.ee\/en\/product\/mangopuidust-karp-eeterlikele-olidele-6tk\/#primaryimage"},"thumbnailUrl":"https:\/\/i0.wp.com\/hingelaegas.ee\/wp-content\/uploads\/2024\/02\/AR-karp-6-olile.jpeg?fit=1496%2C1496&ssl=1","datePublished":"2024-02-09T08:57:16+00:00","dateModified":"2025-07-02T18:33:13+00:00","description":"Kaunis ja elegantne mangopuidust karp eeterlikele \u00f5lidele. Mahutab 6 pudelit (10 ml). Karbid on nikerdatud k\u00e4sit\u00f6\u00f6na.","breadcrumb":{"@id":"https:\/\/www.hingelaegas.ee\/en\/product\/mangopuidust-karp-eeterlikele-olidele-6tk\/#breadcrumb"},"inLanguage":"en-GB","potentialAction":[{"@type":"ReadAction","target":["https:\/\/www.hingelaegas.ee\/en\/product\/mangopuidust-karp-eeterlikele-olidele-6tk\/"]}]},{"@type":"ImageObject","inLanguage":"en-GB","@id":"https:\/\/www.hingelaegas.ee\/en\/product\/mangopuidust-karp-eeterlikele-olidele-6tk\/#primaryimage","url":"https:\/\/i0.wp.com\/hingelaegas.ee\/wp-content\/uploads\/2024\/02\/AR-karp-6-olile.jpeg?fit=1496%2C1496&ssl=1","contentUrl":"https:\/\/i0.wp.com\/hingelaegas.ee\/wp-content\/uploads\/2024\/02\/AR-karp-6-olile.jpeg?fit=1496%2C1496&ssl=1","width":1496,"height":1496,"caption":"eeterlike \u00f5lide karp"},{"@type":"BreadcrumbList","@id":"https:\/\/www.hingelaegas.ee\/en\/product\/mangopuidust-karp-eeterlikele-olidele-6tk\/#breadcrumb","itemListElement":[{"@type":"ListItem","position":1,"name":"Home","item":"https:\/\/www.hingelaegas.ee\/en\/"},{"@type":"ListItem","position":2,"name":"E-POOD","item":"https:\/\/www.hingelaegas.ee\/en\/e-pood\/"},{"@type":"ListItem","position":3,"name":"Mangopuidust karp eeterlikele \u00f5lidele (6 tk)"}]},{"@type":"WebSite","@id":"https:\/\/www.hingelaegas.ee\/#website","url":"https:\/\/www.hingelaegas.ee\/","name":"Hingelaegas","description":"For Soul. For Body. For Mind.","publisher":{"@id":"https:\/\/www.hingelaegas.ee\/#organization"},"potentialAction":[{"@type":"SearchAction","target":{"@type":"EntryPoint","urlTemplate":"https:\/\/www.hingelaegas.ee\/?s={search_term_string}"},"query-input":{"@type":"PropertyValueSpecification","valueRequired":true,"valueName":"search_term_string"}}],"inLanguage":"en-GB"},{"@type":"Organization","@id":"https:\/\/www.hingelaegas.ee\/#organization","name":"Hingelaegas O\u00dc","url":"https:\/\/www.hingelaegas.ee\/","logo":{"@type":"ImageObject","inLanguage":"en-GB","@id":"https:\/\/www.hingelaegas.ee\/#\/schema\/logo\/image\/","url":"https:\/\/hingelaegas.ee\/wp-content\/uploads\/2020\/12\/hingelaegas_vaike.png","contentUrl":"https:\/\/hingelaegas.ee\/wp-content\/uploads\/2020\/12\/hingelaegas_vaike.png","width":700,"height":700,"caption":"Hingelaegas O\u00dc"},"image":{"@id":"https:\/\/www.hingelaegas.ee\/#\/schema\/logo\/image\/"}}]}},"acf":[],"jetpack_likes_enabled":false,"jetpack_sharing_enabled":true,"_links":{"self":[{"href":"https:\/\/hingelaegas.ee\/en\/wp-json\/wp\/v2\/product\/5415","targetHints":{"allow":["GET"]}}],"collection":[{"href":"https:\/\/hingelaegas.ee\/en\/wp-json\/wp\/v2\/product"}],"about":[{"href":"https:\/\/hingelaegas.ee\/en\/wp-json\/wp\/v2\/types\/product"}],"replies":[{"embeddable":true,"href":"https:\/\/hingelaegas.ee\/en\/wp-json\/wp\/v2\/comments?post=5415"}],"wp:featuredmedia":[{"embeddable":true,"href":"https:\/\/hingelaegas.ee\/en\/wp-json\/wp\/v2\/media\/5416"}],"wp:attachment":[{"href":"https:\/\/hingelaegas.ee\/en\/wp-json\/wp\/v2\/media?parent=5415"}],"wp:term":[{"taxonomy":"product_brand","embeddable":true,"href":"https:\/\/hingelaegas.ee\/en\/wp-json\/wp\/v2\/product_brand?post=5415"},{"taxonomy":"product_cat","embeddable":true,"href":"https:\/\/hingelaegas.ee\/en\/wp-json\/wp\/v2\/product_cat?post=5415"},{"taxonomy":"product_tag","embeddable":true,"href":"https:\/\/hingelaegas.ee\/en\/wp-json\/wp\/v2\/product_tag?post=5415"}],"curies":[{"name":"wp","href":"https:\/\/api.w.org\/{rel}","templated":true}]}}