{"id":5421,"date":"2024-02-09T11:31:12","date_gmt":"2024-02-09T09:31:12","guid":{"rendered":"https:\/\/www.hingelaegas.ee\/?post_type=product&#038;p=5421"},"modified":"2024-08-12T18:03:00","modified_gmt":"2024-08-12T15:03:00","slug":"viirukialus-langeva-suitsuga-viirukitele-magimaastik","status":"publish","type":"product","link":"https:\/\/hingelaegas.ee\/en\/product\/viirukialus-langeva-suitsuga-viirukitele-magimaastik\/","title":{"rendered":"Backflow incense burner - Mountainscape"},"content":{"rendered":"<p><span style=\"font-size: 12pt;\"><strong>Use instructions<\/strong><\/span><\/p>\n<p><span style=\"font-size: 12pt;\">Ignite the tip of <a href=\"https:\/\/hingelaegas.ee\/product-category\/viirukid\/viirukikoonused-langeva-suitsuga\/\">the incense cone<\/a> , and if the tip glows, carefully blow out the flame.<\/span><\/p>\n<p><span style=\"font-size: 12pt;\">Place the incense <\/span><span style=\"font-size: 12pt;\"> cone on a <a href=\"https:\/\/hingelaegas.ee\/product-category\/viirukid\/viirukialused-langeva-suitsuga-viirukitele\/\">backflow incense burner<\/a>.<\/span><\/p>\n<p>&nbsp;<\/p>\n<p><em><span style=\"font-size: 12pt;\"><strong>Caution!<\/strong><\/span><\/em><\/p>\n<ul>\n<li><span style=\"font-size: 12pt;\">Burn only in an open or well-ventilated area. For best results, burn indoors and avoid drafts.<\/span><\/li>\n<li><span style=\"font-size: 12pt;\">Avoid direct inhalation of incense smoke.<\/span><\/li>\n<li><span style=\"font-size: 12pt;\">Use only to scent the room. Do not put incense in your mouth.<\/span><\/li>\n<li><span style=\"font-size: 12pt;\">The incense must not be left unattended. Make sure that the smoking incense is not close to flammable materials and check that the ash can fall on a suitable (non-flammable) base.<\/span><\/li>\n<li><span style=\"font-size: 12pt;\">Keep out of reach of children and pets.<\/span><\/li>\n<\/ul>","protected":false},"excerpt":{"rendered":"<p><strong><a href=\"https:\/\/hingelaegas.ee\/product-category\/viirukid\/viirukikoonused-langeva-suitsuga\/\">Backflow incense<\/a> burners <\/strong>decorate the home as beautiful and effective sculptures. However, when burning backflow incense cones, they offer an enchanting and mesmerizing view, helping to create an aromatic, cozy, and relaxing atmosphere.<\/p>\n<p>The Mountainscape incense burner represents a mystical combination where hypnotising smoky rivers and flowing smoky waterfalls float between the mountains and valleys in the mountainous landscape. The incense burner can also be used for burning regular incense cones and sticks (there is a special hole for the incense stick).<\/p>\n<p>Size: height 10 cm, width 10 cm, length 25 cm<\/p>","protected":false},"featured_media":5422,"comment_status":"open","ping_status":"closed","template":"","meta":{"_monsterinsights_skip_tracking":false,"_monsterinsights_sitenote_active":false,"_monsterinsights_sitenote_note":"","_monsterinsights_sitenote_category":0},"product_brand":[],"product_cat":[101],"product_tag":[178,179,166,173],"class_list":{"0":"post-5421","1":"product","2":"type-product","3":"status-publish","4":"has-post-thumbnail","6":"product_cat-viirukialused-langeva-suitsuga-viirukitele","7":"product_tag-viirukialused","8":"product_tag-viirukialused-langeva-suitsuga-viirukitele","9":"product_tag-viirukid","10":"product_tag-viirukikoonused-langeva-suitsuga","12":"first","13":"instock","14":"taxable","15":"shipping-taxable","16":"purchasable","17":"product-type-simple"},"yoast_head":"<!-- This site is optimized with the Yoast SEO plugin v27.3 - https:\/\/yoast.com\/product\/yoast-seo-wordpress\/ -->\n<title>Viirukialus langeva suitsuga viirukitele - M\u00e4gimaastik - Hingelaegas<\/title>\n<meta name=\"description\" content=\"M\u00e4gimaastiku langeva suitsuga viirukite alus kujutab endast m\u00e4gist maastikku koos h\u00fcponitseerivate suitsuj\u00f5gede ja voogavate suitsukoskedega, mis h\u00f5ljuvad m\u00e4gede vahel ja orgudes.\" \/>\n<meta name=\"robots\" content=\"index, follow, max-snippet:-1, max-image-preview:large, max-video-preview:-1\" \/>\n<link rel=\"canonical\" href=\"https:\/\/www.hingelaegas.ee\/en\/product\/viirukialus-langeva-suitsuga-viirukitele-magimaastik\/\" \/>\n<meta property=\"og:locale\" content=\"en_GB\" \/>\n<meta property=\"og:type\" content=\"article\" \/>\n<meta property=\"og:title\" content=\"Viirukialus langeva suitsuga viirukitele - M\u00e4gimaastik - Hingelaegas\" \/>\n<meta property=\"og:description\" content=\"M\u00e4gimaastiku langeva suitsuga viirukite alus kujutab endast m\u00e4gist maastikku koos h\u00fcponitseerivate suitsuj\u00f5gede ja voogavate suitsukoskedega, mis h\u00f5ljuvad m\u00e4gede vahel ja orgudes.\" \/>\n<meta property=\"og:url\" content=\"https:\/\/www.hingelaegas.ee\/en\/product\/viirukialus-langeva-suitsuga-viirukitele-magimaastik\/\" \/>\n<meta property=\"og:site_name\" content=\"Hingelaegas\" \/>\n<meta property=\"article:modified_time\" content=\"2024-08-12T15:03:00+00:00\" \/>\n<meta property=\"og:image\" content=\"https:\/\/i0.wp.com\/www.hingelaegas.ee\/wp-content\/uploads\/2024\/02\/backflow_burner_mountain_scape.jpeg?fit=2000%2C2000&ssl=1\" \/>\n\t<meta property=\"og:image:width\" content=\"2000\" \/>\n\t<meta property=\"og:image:height\" content=\"2000\" \/>\n\t<meta property=\"og:image:type\" content=\"image\/jpeg\" \/>\n<meta name=\"twitter:card\" content=\"summary_large_image\" \/>\n<meta name=\"twitter:label1\" content=\"Estimated reading time\" \/>\n\t<meta name=\"twitter:data1\" content=\"1 minute\" \/>\n<script type=\"application\/ld+json\" class=\"yoast-schema-graph\">{\"@context\":\"https:\\\/\\\/schema.org\",\"@graph\":[{\"@type\":\"WebPage\",\"@id\":\"https:\\\/\\\/www.hingelaegas.ee\\\/en\\\/product\\\/viirukialus-langeva-suitsuga-viirukitele-magimaastik\\\/\",\"url\":\"https:\\\/\\\/www.hingelaegas.ee\\\/en\\\/product\\\/viirukialus-langeva-suitsuga-viirukitele-magimaastik\\\/\",\"name\":\"Viirukialus langeva suitsuga viirukitele - M\u00e4gimaastik - Hingelaegas\",\"isPartOf\":{\"@id\":\"https:\\\/\\\/www.hingelaegas.ee\\\/#website\"},\"primaryImageOfPage\":{\"@id\":\"https:\\\/\\\/www.hingelaegas.ee\\\/en\\\/product\\\/viirukialus-langeva-suitsuga-viirukitele-magimaastik\\\/#primaryimage\"},\"image\":{\"@id\":\"https:\\\/\\\/www.hingelaegas.ee\\\/en\\\/product\\\/viirukialus-langeva-suitsuga-viirukitele-magimaastik\\\/#primaryimage\"},\"thumbnailUrl\":\"https:\\\/\\\/i0.wp.com\\\/hingelaegas.ee\\\/wp-content\\\/uploads\\\/2024\\\/02\\\/backflow_burner_mountain_scape.jpeg?fit=2000%2C2000&ssl=1\",\"datePublished\":\"2024-02-09T09:31:12+00:00\",\"dateModified\":\"2024-08-12T15:03:00+00:00\",\"description\":\"M\u00e4gimaastiku langeva suitsuga viirukite alus kujutab endast m\u00e4gist maastikku koos h\u00fcponitseerivate suitsuj\u00f5gede ja voogavate suitsukoskedega, mis h\u00f5ljuvad m\u00e4gede vahel ja orgudes.\",\"breadcrumb\":{\"@id\":\"https:\\\/\\\/www.hingelaegas.ee\\\/en\\\/product\\\/viirukialus-langeva-suitsuga-viirukitele-magimaastik\\\/#breadcrumb\"},\"inLanguage\":\"en-GB\",\"potentialAction\":[{\"@type\":\"ReadAction\",\"target\":[\"https:\\\/\\\/www.hingelaegas.ee\\\/en\\\/product\\\/viirukialus-langeva-suitsuga-viirukitele-magimaastik\\\/\"]}]},{\"@type\":\"ImageObject\",\"inLanguage\":\"en-GB\",\"@id\":\"https:\\\/\\\/www.hingelaegas.ee\\\/en\\\/product\\\/viirukialus-langeva-suitsuga-viirukitele-magimaastik\\\/#primaryimage\",\"url\":\"https:\\\/\\\/i0.wp.com\\\/hingelaegas.ee\\\/wp-content\\\/uploads\\\/2024\\\/02\\\/backflow_burner_mountain_scape.jpeg?fit=2000%2C2000&ssl=1\",\"contentUrl\":\"https:\\\/\\\/i0.wp.com\\\/hingelaegas.ee\\\/wp-content\\\/uploads\\\/2024\\\/02\\\/backflow_burner_mountain_scape.jpeg?fit=2000%2C2000&ssl=1\",\"width\":2000,\"height\":2000,\"caption\":\"langeva suitsuga viirukite alus\"},{\"@type\":\"BreadcrumbList\",\"@id\":\"https:\\\/\\\/www.hingelaegas.ee\\\/en\\\/product\\\/viirukialus-langeva-suitsuga-viirukitele-magimaastik\\\/#breadcrumb\",\"itemListElement\":[{\"@type\":\"ListItem\",\"position\":1,\"name\":\"Home\",\"item\":\"https:\\\/\\\/www.hingelaegas.ee\\\/en\\\/\"},{\"@type\":\"ListItem\",\"position\":2,\"name\":\"E-POOD\",\"item\":\"https:\\\/\\\/www.hingelaegas.ee\\\/en\\\/e-pood\\\/\"},{\"@type\":\"ListItem\",\"position\":3,\"name\":\"Viirukialus langeva suitsuga viirukitele &#8211; M\u00e4gimaastik\"}]},{\"@type\":\"WebSite\",\"@id\":\"https:\\\/\\\/www.hingelaegas.ee\\\/#website\",\"url\":\"https:\\\/\\\/www.hingelaegas.ee\\\/\",\"name\":\"Hingelaegas\",\"description\":\"Hingele. Kehale. Vaimule.\",\"publisher\":{\"@id\":\"https:\\\/\\\/www.hingelaegas.ee\\\/#organization\"},\"potentialAction\":[{\"@type\":\"SearchAction\",\"target\":{\"@type\":\"EntryPoint\",\"urlTemplate\":\"https:\\\/\\\/www.hingelaegas.ee\\\/?s={search_term_string}\"},\"query-input\":{\"@type\":\"PropertyValueSpecification\",\"valueRequired\":true,\"valueName\":\"search_term_string\"}}],\"inLanguage\":\"en-GB\"},{\"@type\":\"Organization\",\"@id\":\"https:\\\/\\\/www.hingelaegas.ee\\\/#organization\",\"name\":\"Hingelaegas O\u00dc\",\"url\":\"https:\\\/\\\/www.hingelaegas.ee\\\/\",\"logo\":{\"@type\":\"ImageObject\",\"inLanguage\":\"en-GB\",\"@id\":\"https:\\\/\\\/www.hingelaegas.ee\\\/#\\\/schema\\\/logo\\\/image\\\/\",\"url\":\"https:\\\/\\\/hingelaegas.ee\\\/wp-content\\\/uploads\\\/2020\\\/12\\\/hingelaegas_vaike.png\",\"contentUrl\":\"https:\\\/\\\/hingelaegas.ee\\\/wp-content\\\/uploads\\\/2020\\\/12\\\/hingelaegas_vaike.png\",\"width\":700,\"height\":700,\"caption\":\"Hingelaegas O\u00dc\"},\"image\":{\"@id\":\"https:\\\/\\\/www.hingelaegas.ee\\\/#\\\/schema\\\/logo\\\/image\\\/\"}}]}<\/script>\n<!-- \/ Yoast SEO plugin. -->","yoast_head_json":{"title":"Viirukialus langeva suitsuga viirukitele - M\u00e4gimaastik - Hingelaegas","description":"M\u00e4gimaastiku langeva suitsuga viirukite alus kujutab endast m\u00e4gist maastikku koos h\u00fcponitseerivate suitsuj\u00f5gede ja voogavate suitsukoskedega, mis h\u00f5ljuvad m\u00e4gede vahel ja orgudes.","robots":{"index":"index","follow":"follow","max-snippet":"max-snippet:-1","max-image-preview":"max-image-preview:large","max-video-preview":"max-video-preview:-1"},"canonical":"https:\/\/www.hingelaegas.ee\/en\/product\/viirukialus-langeva-suitsuga-viirukitele-magimaastik\/","og_locale":"en_GB","og_type":"article","og_title":"Viirukialus langeva suitsuga viirukitele - M\u00e4gimaastik - Hingelaegas","og_description":"M\u00e4gimaastiku langeva suitsuga viirukite alus kujutab endast m\u00e4gist maastikku koos h\u00fcponitseerivate suitsuj\u00f5gede ja voogavate suitsukoskedega, mis h\u00f5ljuvad m\u00e4gede vahel ja orgudes.","og_url":"https:\/\/www.hingelaegas.ee\/en\/product\/viirukialus-langeva-suitsuga-viirukitele-magimaastik\/","og_site_name":"Hingelaegas","article_modified_time":"2024-08-12T15:03:00+00:00","og_image":[{"width":2000,"height":2000,"url":"https:\/\/i0.wp.com\/www.hingelaegas.ee\/wp-content\/uploads\/2024\/02\/backflow_burner_mountain_scape.jpeg?fit=2000%2C2000&ssl=1","type":"image\/jpeg"}],"twitter_card":"summary_large_image","twitter_misc":{"Estimated reading time":"1 minute"},"schema":{"@context":"https:\/\/schema.org","@graph":[{"@type":"WebPage","@id":"https:\/\/www.hingelaegas.ee\/en\/product\/viirukialus-langeva-suitsuga-viirukitele-magimaastik\/","url":"https:\/\/www.hingelaegas.ee\/en\/product\/viirukialus-langeva-suitsuga-viirukitele-magimaastik\/","name":"Viirukialus langeva suitsuga viirukitele - M\u00e4gimaastik - Hingelaegas","isPartOf":{"@id":"https:\/\/www.hingelaegas.ee\/#website"},"primaryImageOfPage":{"@id":"https:\/\/www.hingelaegas.ee\/en\/product\/viirukialus-langeva-suitsuga-viirukitele-magimaastik\/#primaryimage"},"image":{"@id":"https:\/\/www.hingelaegas.ee\/en\/product\/viirukialus-langeva-suitsuga-viirukitele-magimaastik\/#primaryimage"},"thumbnailUrl":"https:\/\/i0.wp.com\/hingelaegas.ee\/wp-content\/uploads\/2024\/02\/backflow_burner_mountain_scape.jpeg?fit=2000%2C2000&ssl=1","datePublished":"2024-02-09T09:31:12+00:00","dateModified":"2024-08-12T15:03:00+00:00","description":"M\u00e4gimaastiku langeva suitsuga viirukite alus kujutab endast m\u00e4gist maastikku koos h\u00fcponitseerivate suitsuj\u00f5gede ja voogavate suitsukoskedega, mis h\u00f5ljuvad m\u00e4gede vahel ja orgudes.","breadcrumb":{"@id":"https:\/\/www.hingelaegas.ee\/en\/product\/viirukialus-langeva-suitsuga-viirukitele-magimaastik\/#breadcrumb"},"inLanguage":"en-GB","potentialAction":[{"@type":"ReadAction","target":["https:\/\/www.hingelaegas.ee\/en\/product\/viirukialus-langeva-suitsuga-viirukitele-magimaastik\/"]}]},{"@type":"ImageObject","inLanguage":"en-GB","@id":"https:\/\/www.hingelaegas.ee\/en\/product\/viirukialus-langeva-suitsuga-viirukitele-magimaastik\/#primaryimage","url":"https:\/\/i0.wp.com\/hingelaegas.ee\/wp-content\/uploads\/2024\/02\/backflow_burner_mountain_scape.jpeg?fit=2000%2C2000&ssl=1","contentUrl":"https:\/\/i0.wp.com\/hingelaegas.ee\/wp-content\/uploads\/2024\/02\/backflow_burner_mountain_scape.jpeg?fit=2000%2C2000&ssl=1","width":2000,"height":2000,"caption":"langeva suitsuga viirukite alus"},{"@type":"BreadcrumbList","@id":"https:\/\/www.hingelaegas.ee\/en\/product\/viirukialus-langeva-suitsuga-viirukitele-magimaastik\/#breadcrumb","itemListElement":[{"@type":"ListItem","position":1,"name":"Home","item":"https:\/\/www.hingelaegas.ee\/en\/"},{"@type":"ListItem","position":2,"name":"E-POOD","item":"https:\/\/www.hingelaegas.ee\/en\/e-pood\/"},{"@type":"ListItem","position":3,"name":"Viirukialus langeva suitsuga viirukitele &#8211; M\u00e4gimaastik"}]},{"@type":"WebSite","@id":"https:\/\/www.hingelaegas.ee\/#website","url":"https:\/\/www.hingelaegas.ee\/","name":"Hingelaegas","description":"For Soul. For Body. For Mind.","publisher":{"@id":"https:\/\/www.hingelaegas.ee\/#organization"},"potentialAction":[{"@type":"SearchAction","target":{"@type":"EntryPoint","urlTemplate":"https:\/\/www.hingelaegas.ee\/?s={search_term_string}"},"query-input":{"@type":"PropertyValueSpecification","valueRequired":true,"valueName":"search_term_string"}}],"inLanguage":"en-GB"},{"@type":"Organization","@id":"https:\/\/www.hingelaegas.ee\/#organization","name":"Hingelaegas O\u00dc","url":"https:\/\/www.hingelaegas.ee\/","logo":{"@type":"ImageObject","inLanguage":"en-GB","@id":"https:\/\/www.hingelaegas.ee\/#\/schema\/logo\/image\/","url":"https:\/\/hingelaegas.ee\/wp-content\/uploads\/2020\/12\/hingelaegas_vaike.png","contentUrl":"https:\/\/hingelaegas.ee\/wp-content\/uploads\/2020\/12\/hingelaegas_vaike.png","width":700,"height":700,"caption":"Hingelaegas O\u00dc"},"image":{"@id":"https:\/\/www.hingelaegas.ee\/#\/schema\/logo\/image\/"}}]}},"acf":[],"jetpack_likes_enabled":false,"jetpack_sharing_enabled":true,"_links":{"self":[{"href":"https:\/\/hingelaegas.ee\/en\/wp-json\/wp\/v2\/product\/5421","targetHints":{"allow":["GET"]}}],"collection":[{"href":"https:\/\/hingelaegas.ee\/en\/wp-json\/wp\/v2\/product"}],"about":[{"href":"https:\/\/hingelaegas.ee\/en\/wp-json\/wp\/v2\/types\/product"}],"replies":[{"embeddable":true,"href":"https:\/\/hingelaegas.ee\/en\/wp-json\/wp\/v2\/comments?post=5421"}],"wp:featuredmedia":[{"embeddable":true,"href":"https:\/\/hingelaegas.ee\/en\/wp-json\/wp\/v2\/media\/5422"}],"wp:attachment":[{"href":"https:\/\/hingelaegas.ee\/en\/wp-json\/wp\/v2\/media?parent=5421"}],"wp:term":[{"taxonomy":"product_brand","embeddable":true,"href":"https:\/\/hingelaegas.ee\/en\/wp-json\/wp\/v2\/product_brand?post=5421"},{"taxonomy":"product_cat","embeddable":true,"href":"https:\/\/hingelaegas.ee\/en\/wp-json\/wp\/v2\/product_cat?post=5421"},{"taxonomy":"product_tag","embeddable":true,"href":"https:\/\/hingelaegas.ee\/en\/wp-json\/wp\/v2\/product_tag?post=5421"}],"curies":[{"name":"wp","href":"https:\/\/api.w.org\/{rel}","templated":true}]}}