{"id":5629,"date":"2024-04-26T18:29:40","date_gmt":"2024-04-26T16:29:40","guid":{"rendered":"https:\/\/hingelaegas.ee\/?post_type=product&#038;p=5629"},"modified":"2025-07-02T19:41:42","modified_gmt":"2025-07-02T17:41:42","slug":"kehahoolduskomplekt-meelerahu","status":"publish","type":"product","link":"https:\/\/hingelaegas.ee\/en\/product\/kehahoolduskomplekt-meelerahu\/","title":{"rendered":"Body care set - Serenity"},"content":{"rendered":"<div id=\"pageBodyContent\">\n<div class=\"pagewrapper\">\n<div class=\"pagemain\">\n<div class=\"pagecontent web-content\">\n<div class=\"content-container\">\n<section id=\"s3\" class=\"product-content-section c50 closed\">\n<div class=\"product-content-container c50\">\n<div class=\"product-content c50 child-spacing\">\n<div id=\"tw-ob\" class=\"tw-src-ltr\">\n<div class=\"oSioSc\">\n<div id=\"tw-target\">\n<div id=\"kAz1tf\" class=\"g9WsWb\">\n<div id=\"tw-target-text-container\" class=\"tw-ta-container hide-focus-ring tw-nfl\" tabindex=\"0\">\n<div id=\"pageBodyContent\">\n<div class=\"pagewrapper\">\n<div class=\"pagemain\">\n<div class=\"pagecontent web-content\">\n<div class=\"content-container\">\n<section id=\"s3\" class=\"product-content-section c50 closed\">\n<div class=\"product-content-container c50\">\n<div class=\"product-content c50 child-spacing\">\n<div class=\"jhH5U\">\n<div id=\"tw-ob\" class=\"tw-src-ltr\">\n<div class=\"oSioSc\">\n<div id=\"tw-target\">\n<div id=\"kAz1tf\" class=\"g9WsWb\">\n<div id=\"tw-target-text-container\" class=\"tw-ta-container hide-focus-ring tw-nfl\" tabindex=\"0\">\n<div id=\"tw-ob\" class=\"tw-src-ltr\">\n<div class=\"oSioSc\">\n<div id=\"tw-target\">\n<div class=\"tw-ta-container hide-focus-ring tw-nfl\" tabindex=\"0\">\n<p><strong><em style=\"font-size: 16px;\">Caution!<\/em><\/strong><\/p>\n<\/div>\n<\/div>\n<\/div>\n<\/div>\n<\/div>\n<\/div>\n<\/div>\n<\/div>\n<\/div>\n<\/div>\n<\/div>\n<\/div>\n<\/section>\n<section id=\"s4\" class=\"product-content-section c50 closed\">\n<div class=\"product-content-container c50\">\n<ul>\n<li>Keep out of reach of children.<\/li>\n<li>For external use only.<\/li>\n<li>Avoid contact with eyes or mucous membranes.<\/li>\n<li>In case of pregnancy, breast-feeding, taking medication or any other medical condition, consult your doctor before use.<\/li>\n<li>The information about essential and carrier oils on Hingelaegas website comes from public sources. The information given does not constitute health advice and references to the properties and effects of the oils are based on aromatherapy and folk medicine. Therefore, Hingelaegas O\u00dc can't be held responsible for the accuracy of the information. The use of essential and carrier oils is the responsibility of each indiviudal itself.<\/li>\n<\/ul>\n<\/div>\n<\/section>\n<\/div>\n<\/div>\n<\/div>\n<\/div>\n<\/div>\n<\/div>\n<\/div>\n<\/div>\n<\/div>\n<\/div>\n<\/div>\n<\/div>\n<\/section>\n<\/div>\n<\/div>\n<\/div>\n<\/div>\n<\/div>","protected":false},"excerpt":{"rendered":"<p>In today's fast-paced world, taking care of yourself is extremely important. We are pleased to present to you a relaxing and invigorating self-care set that allows you to enjoy a mini-vacation without leaving your home.<\/p>\n<p>The body care set \"Serenity\" is carefully assembled from products that help you relax, bring you a youthful glow and create a pleasant feeling of well-being.<\/p>\n<p><strong>The set includes:<\/strong><br \/>\n1 x sugar body scrub with an alluring strawberry aroma (80g)<br \/>\n1 x rejuvenating body cream with an invigorating aroma (60 g) that nourishes the skin and leaves it pleasantly silky and moisturized<br \/>\n3 x bath salts with natural ingredients (3 x 40 g): energise, clarity and sensual<br \/>\n1 x facial serum with vitamin C (30 ml), bursting with antioxidants and gives a bright and healthy complexion<\/p>\n<p><em>Box dimensions: 28 x 19 x 3.8 cm<\/em><\/p>","protected":false},"featured_media":5634,"comment_status":"open","ping_status":"closed","template":"","meta":{"_monsterinsights_skip_tracking":false,"_monsterinsights_sitenote_active":false,"_monsterinsights_sitenote_note":"","_monsterinsights_sitenote_category":0},"product_brand":[],"product_cat":[484,413],"product_tag":[138,489,414],"class_list":{"0":"post-5629","1":"product","2":"type-product","3":"status-publish","4":"has-post-thumbnail","6":"product_cat-kehahooldus","7":"product_cat-kinkekomplektid","8":"product_tag-aroomiteraapia","9":"product_tag-kehahooldus","10":"product_tag-kinkekomplektid","12":"first","13":"instock","14":"taxable","15":"shipping-taxable","16":"purchasable","17":"product-type-simple"},"yoast_head":"<!-- This site is optimized with the Yoast SEO plugin v27.3 - https:\/\/yoast.com\/product\/yoast-seo-wordpress\/ -->\n<title>Kehahoolduskomplekt - Meelerahu - Hingelaegas<\/title>\n<meta name=\"description\" content=\"Kehahooldustoodete komplekt &quot;Meelerahu&quot; on hoolikalt komplekteeritud toodetest, mis aitavad l\u00f5\u00f5gastuda, tuua nooruslikku s\u00e4ra ja luua m\u00f5nusat heaolutunnet.\" \/>\n<meta name=\"robots\" content=\"index, follow, max-snippet:-1, max-image-preview:large, max-video-preview:-1\" \/>\n<link rel=\"canonical\" href=\"https:\/\/hingelaegas.ee\/en\/product\/kehahoolduskomplekt-meelerahu\/\" \/>\n<meta property=\"og:locale\" content=\"en_GB\" \/>\n<meta property=\"og:type\" content=\"article\" \/>\n<meta property=\"og:title\" content=\"Kehahoolduskomplekt - Meelerahu - Hingelaegas\" \/>\n<meta property=\"og:description\" content=\"Kehahooldustoodete komplekt &quot;Meelerahu&quot; on hoolikalt komplekteeritud toodetest, mis aitavad l\u00f5\u00f5gastuda, tuua nooruslikku s\u00e4ra ja luua m\u00f5nusat heaolutunnet.\" \/>\n<meta property=\"og:url\" content=\"https:\/\/hingelaegas.ee\/en\/product\/kehahoolduskomplekt-meelerahu\/\" \/>\n<meta property=\"og:site_name\" content=\"Hingelaegas\" \/>\n<meta property=\"article:modified_time\" content=\"2025-07-02T17:41:42+00:00\" \/>\n<meta property=\"og:image\" content=\"https:\/\/hingelaegas.ee\/wp-content\/uploads\/2024\/04\/KI_self-care_serenity-1024x1024.jpeg\" \/>\n\t<meta property=\"og:image:width\" content=\"1024\" \/>\n\t<meta property=\"og:image:height\" content=\"1024\" \/>\n\t<meta property=\"og:image:type\" content=\"image\/jpeg\" \/>\n<meta name=\"twitter:card\" content=\"summary_large_image\" \/>\n<meta name=\"twitter:label1\" content=\"Estimated reading time\" \/>\n\t<meta name=\"twitter:data1\" content=\"1 minute\" \/>\n<script type=\"application\/ld+json\" class=\"yoast-schema-graph\">{\"@context\":\"https:\\\/\\\/schema.org\",\"@graph\":[{\"@type\":\"WebPage\",\"@id\":\"https:\\\/\\\/hingelaegas.ee\\\/en\\\/product\\\/kehahoolduskomplekt-meelerahu\\\/\",\"url\":\"https:\\\/\\\/hingelaegas.ee\\\/en\\\/product\\\/kehahoolduskomplekt-meelerahu\\\/\",\"name\":\"Kehahoolduskomplekt - Meelerahu - Hingelaegas\",\"isPartOf\":{\"@id\":\"https:\\\/\\\/www.hingelaegas.ee\\\/#website\"},\"primaryImageOfPage\":{\"@id\":\"https:\\\/\\\/hingelaegas.ee\\\/en\\\/product\\\/kehahoolduskomplekt-meelerahu\\\/#primaryimage\"},\"image\":{\"@id\":\"https:\\\/\\\/hingelaegas.ee\\\/en\\\/product\\\/kehahoolduskomplekt-meelerahu\\\/#primaryimage\"},\"thumbnailUrl\":\"https:\\\/\\\/i0.wp.com\\\/www.hingelaegas.ee\\\/wp-content\\\/uploads\\\/2024\\\/04\\\/KI_self-care_serenity.jpeg?fit=2000%2C2000&ssl=1\",\"datePublished\":\"2024-04-26T16:29:40+00:00\",\"dateModified\":\"2025-07-02T17:41:42+00:00\",\"description\":\"Kehahooldustoodete komplekt \\\"Meelerahu\\\" on hoolikalt komplekteeritud toodetest, mis aitavad l\u00f5\u00f5gastuda, tuua nooruslikku s\u00e4ra ja luua m\u00f5nusat heaolutunnet.\",\"breadcrumb\":{\"@id\":\"https:\\\/\\\/hingelaegas.ee\\\/en\\\/product\\\/kehahoolduskomplekt-meelerahu\\\/#breadcrumb\"},\"inLanguage\":\"en-GB\",\"potentialAction\":[{\"@type\":\"ReadAction\",\"target\":[\"https:\\\/\\\/hingelaegas.ee\\\/en\\\/product\\\/kehahoolduskomplekt-meelerahu\\\/\"]}]},{\"@type\":\"ImageObject\",\"inLanguage\":\"en-GB\",\"@id\":\"https:\\\/\\\/hingelaegas.ee\\\/en\\\/product\\\/kehahoolduskomplekt-meelerahu\\\/#primaryimage\",\"url\":\"https:\\\/\\\/i0.wp.com\\\/www.hingelaegas.ee\\\/wp-content\\\/uploads\\\/2024\\\/04\\\/KI_self-care_serenity.jpeg?fit=2000%2C2000&ssl=1\",\"contentUrl\":\"https:\\\/\\\/i0.wp.com\\\/www.hingelaegas.ee\\\/wp-content\\\/uploads\\\/2024\\\/04\\\/KI_self-care_serenity.jpeg?fit=2000%2C2000&ssl=1\",\"width\":2000,\"height\":2000},{\"@type\":\"BreadcrumbList\",\"@id\":\"https:\\\/\\\/hingelaegas.ee\\\/en\\\/product\\\/kehahoolduskomplekt-meelerahu\\\/#breadcrumb\",\"itemListElement\":[{\"@type\":\"ListItem\",\"position\":1,\"name\":\"Home\",\"item\":\"https:\\\/\\\/www.hingelaegas.ee\\\/en\\\/\"},{\"@type\":\"ListItem\",\"position\":2,\"name\":\"E-POOD\",\"item\":\"https:\\\/\\\/www.hingelaegas.ee\\\/en\\\/e-pood\\\/\"},{\"@type\":\"ListItem\",\"position\":3,\"name\":\"Kehahoolduskomplekt &#8211; Meelerahu\"}]},{\"@type\":\"WebSite\",\"@id\":\"https:\\\/\\\/www.hingelaegas.ee\\\/#website\",\"url\":\"https:\\\/\\\/www.hingelaegas.ee\\\/\",\"name\":\"Hingelaegas\",\"description\":\"Hingele. Kehale. Vaimule.\",\"publisher\":{\"@id\":\"https:\\\/\\\/www.hingelaegas.ee\\\/#organization\"},\"potentialAction\":[{\"@type\":\"SearchAction\",\"target\":{\"@type\":\"EntryPoint\",\"urlTemplate\":\"https:\\\/\\\/www.hingelaegas.ee\\\/?s={search_term_string}\"},\"query-input\":{\"@type\":\"PropertyValueSpecification\",\"valueRequired\":true,\"valueName\":\"search_term_string\"}}],\"inLanguage\":\"en-GB\"},{\"@type\":\"Organization\",\"@id\":\"https:\\\/\\\/www.hingelaegas.ee\\\/#organization\",\"name\":\"Hingelaegas O\u00dc\",\"url\":\"https:\\\/\\\/www.hingelaegas.ee\\\/\",\"logo\":{\"@type\":\"ImageObject\",\"inLanguage\":\"en-GB\",\"@id\":\"https:\\\/\\\/www.hingelaegas.ee\\\/#\\\/schema\\\/logo\\\/image\\\/\",\"url\":\"https:\\\/\\\/hingelaegas.ee\\\/wp-content\\\/uploads\\\/2020\\\/12\\\/hingelaegas_vaike.png\",\"contentUrl\":\"https:\\\/\\\/hingelaegas.ee\\\/wp-content\\\/uploads\\\/2020\\\/12\\\/hingelaegas_vaike.png\",\"width\":700,\"height\":700,\"caption\":\"Hingelaegas O\u00dc\"},\"image\":{\"@id\":\"https:\\\/\\\/www.hingelaegas.ee\\\/#\\\/schema\\\/logo\\\/image\\\/\"}}]}<\/script>\n<!-- \/ Yoast SEO plugin. -->","yoast_head_json":{"title":"Kehahoolduskomplekt - Meelerahu - Hingelaegas","description":"Kehahooldustoodete komplekt \"Meelerahu\" on hoolikalt komplekteeritud toodetest, mis aitavad l\u00f5\u00f5gastuda, tuua nooruslikku s\u00e4ra ja luua m\u00f5nusat heaolutunnet.","robots":{"index":"index","follow":"follow","max-snippet":"max-snippet:-1","max-image-preview":"max-image-preview:large","max-video-preview":"max-video-preview:-1"},"canonical":"https:\/\/hingelaegas.ee\/en\/product\/kehahoolduskomplekt-meelerahu\/","og_locale":"en_GB","og_type":"article","og_title":"Kehahoolduskomplekt - Meelerahu - Hingelaegas","og_description":"Kehahooldustoodete komplekt \"Meelerahu\" on hoolikalt komplekteeritud toodetest, mis aitavad l\u00f5\u00f5gastuda, tuua nooruslikku s\u00e4ra ja luua m\u00f5nusat heaolutunnet.","og_url":"https:\/\/hingelaegas.ee\/en\/product\/kehahoolduskomplekt-meelerahu\/","og_site_name":"Hingelaegas","article_modified_time":"2025-07-02T17:41:42+00:00","og_image":[{"width":1024,"height":1024,"url":"https:\/\/hingelaegas.ee\/wp-content\/uploads\/2024\/04\/KI_self-care_serenity-1024x1024.jpeg","type":"image\/jpeg"}],"twitter_card":"summary_large_image","twitter_misc":{"Estimated reading time":"1 minute"},"schema":{"@context":"https:\/\/schema.org","@graph":[{"@type":"WebPage","@id":"https:\/\/hingelaegas.ee\/en\/product\/kehahoolduskomplekt-meelerahu\/","url":"https:\/\/hingelaegas.ee\/en\/product\/kehahoolduskomplekt-meelerahu\/","name":"Kehahoolduskomplekt - Meelerahu - Hingelaegas","isPartOf":{"@id":"https:\/\/www.hingelaegas.ee\/#website"},"primaryImageOfPage":{"@id":"https:\/\/hingelaegas.ee\/en\/product\/kehahoolduskomplekt-meelerahu\/#primaryimage"},"image":{"@id":"https:\/\/hingelaegas.ee\/en\/product\/kehahoolduskomplekt-meelerahu\/#primaryimage"},"thumbnailUrl":"https:\/\/i0.wp.com\/www.hingelaegas.ee\/wp-content\/uploads\/2024\/04\/KI_self-care_serenity.jpeg?fit=2000%2C2000&ssl=1","datePublished":"2024-04-26T16:29:40+00:00","dateModified":"2025-07-02T17:41:42+00:00","description":"Kehahooldustoodete komplekt \"Meelerahu\" on hoolikalt komplekteeritud toodetest, mis aitavad l\u00f5\u00f5gastuda, tuua nooruslikku s\u00e4ra ja luua m\u00f5nusat heaolutunnet.","breadcrumb":{"@id":"https:\/\/hingelaegas.ee\/en\/product\/kehahoolduskomplekt-meelerahu\/#breadcrumb"},"inLanguage":"en-GB","potentialAction":[{"@type":"ReadAction","target":["https:\/\/hingelaegas.ee\/en\/product\/kehahoolduskomplekt-meelerahu\/"]}]},{"@type":"ImageObject","inLanguage":"en-GB","@id":"https:\/\/hingelaegas.ee\/en\/product\/kehahoolduskomplekt-meelerahu\/#primaryimage","url":"https:\/\/i0.wp.com\/www.hingelaegas.ee\/wp-content\/uploads\/2024\/04\/KI_self-care_serenity.jpeg?fit=2000%2C2000&ssl=1","contentUrl":"https:\/\/i0.wp.com\/www.hingelaegas.ee\/wp-content\/uploads\/2024\/04\/KI_self-care_serenity.jpeg?fit=2000%2C2000&ssl=1","width":2000,"height":2000},{"@type":"BreadcrumbList","@id":"https:\/\/hingelaegas.ee\/en\/product\/kehahoolduskomplekt-meelerahu\/#breadcrumb","itemListElement":[{"@type":"ListItem","position":1,"name":"Home","item":"https:\/\/www.hingelaegas.ee\/en\/"},{"@type":"ListItem","position":2,"name":"E-POOD","item":"https:\/\/www.hingelaegas.ee\/en\/e-pood\/"},{"@type":"ListItem","position":3,"name":"Kehahoolduskomplekt &#8211; Meelerahu"}]},{"@type":"WebSite","@id":"https:\/\/www.hingelaegas.ee\/#website","url":"https:\/\/www.hingelaegas.ee\/","name":"Hingelaegas","description":"For Soul. For Body. For Mind.","publisher":{"@id":"https:\/\/www.hingelaegas.ee\/#organization"},"potentialAction":[{"@type":"SearchAction","target":{"@type":"EntryPoint","urlTemplate":"https:\/\/www.hingelaegas.ee\/?s={search_term_string}"},"query-input":{"@type":"PropertyValueSpecification","valueRequired":true,"valueName":"search_term_string"}}],"inLanguage":"en-GB"},{"@type":"Organization","@id":"https:\/\/www.hingelaegas.ee\/#organization","name":"Hingelaegas O\u00dc","url":"https:\/\/www.hingelaegas.ee\/","logo":{"@type":"ImageObject","inLanguage":"en-GB","@id":"https:\/\/www.hingelaegas.ee\/#\/schema\/logo\/image\/","url":"https:\/\/hingelaegas.ee\/wp-content\/uploads\/2020\/12\/hingelaegas_vaike.png","contentUrl":"https:\/\/hingelaegas.ee\/wp-content\/uploads\/2020\/12\/hingelaegas_vaike.png","width":700,"height":700,"caption":"Hingelaegas O\u00dc"},"image":{"@id":"https:\/\/www.hingelaegas.ee\/#\/schema\/logo\/image\/"}}]}},"acf":[],"jetpack_likes_enabled":false,"jetpack_sharing_enabled":true,"_links":{"self":[{"href":"https:\/\/hingelaegas.ee\/en\/wp-json\/wp\/v2\/product\/5629","targetHints":{"allow":["GET"]}}],"collection":[{"href":"https:\/\/hingelaegas.ee\/en\/wp-json\/wp\/v2\/product"}],"about":[{"href":"https:\/\/hingelaegas.ee\/en\/wp-json\/wp\/v2\/types\/product"}],"replies":[{"embeddable":true,"href":"https:\/\/hingelaegas.ee\/en\/wp-json\/wp\/v2\/comments?post=5629"}],"wp:featuredmedia":[{"embeddable":true,"href":"https:\/\/hingelaegas.ee\/en\/wp-json\/wp\/v2\/media\/5634"}],"wp:attachment":[{"href":"https:\/\/hingelaegas.ee\/en\/wp-json\/wp\/v2\/media?parent=5629"}],"wp:term":[{"taxonomy":"product_brand","embeddable":true,"href":"https:\/\/hingelaegas.ee\/en\/wp-json\/wp\/v2\/product_brand?post=5629"},{"taxonomy":"product_cat","embeddable":true,"href":"https:\/\/hingelaegas.ee\/en\/wp-json\/wp\/v2\/product_cat?post=5629"},{"taxonomy":"product_tag","embeddable":true,"href":"https:\/\/hingelaegas.ee\/en\/wp-json\/wp\/v2\/product_tag?post=5629"}],"curies":[{"name":"wp","href":"https:\/\/api.w.org\/{rel}","templated":true}]}}