{"id":5638,"date":"2024-04-27T11:59:34","date_gmt":"2024-04-27T09:59:34","guid":{"rendered":"https:\/\/hingelaegas.ee\/?post_type=product&#038;p=5638"},"modified":"2026-03-29T21:05:58","modified_gmt":"2026-03-29T19:05:58","slug":"tsakrakivid","status":"publish","type":"product","link":"https:\/\/hingelaegas.ee\/en\/product\/tsakrakivid\/","title":{"rendered":"Chakra stones"},"content":{"rendered":"<h3>Mis on t\u0161akra?<\/h3>\r\n\r\n<p>S\u00f5na \u201et\u0161akra\u201c p\u00e4rineb sanskriti keelest ja t\u00e4hendab ratast v\u00f5i ringi. T\u0161akrad on peenmateriaalsed eluenergia keskused, mida kirjeldatakse ka kui energiakeeriseid v\u00f5i -p\u00f6\u00f6riseid.<\/p>\r\n\r\n\r\n\r\n<p>Arvatakse, et \u00f5petus t\u0161akratest tekkis 4000 aastat tagasi Indias. Esimesed kirjalikud allikad p\u00e4rinevad umbes 800. aastat eKr. \u00d5petusi nendest peentest energiakeskusest on lisaks Indiale leitud ka n\u00e4iteks Egiptusest, sufismist ja osaliselt ka judaismist. Siiski erinevad need s\u00fcsteemid \u00fcksteisest n\u00e4iteks energiakeskuste asukoha, funktsioonide v\u00f5i arvu poolest. <sup>[1]<\/sup><\/p>\r\n\r\n\r\n\r\n<p>India ja Hiina \u00f5petused on m\u00f5nev\u00f5rra sarnased. M\u00f5lema \u00f5petuse j\u00e4rgi on kehal mitmeid energiapunkte ehk t\u0161akraid, nii suuri kui v\u00e4ikeseid, ning neid \u00fchendavad energiakanalid, mida m\u00f6\u00f6da voolab eluenergia.<\/p>\r\n\r\n\r\n\r\n<p>T\u00e4nap\u00e4eval asetatakse energeetilises ravis p\u00f5hir\u00f5hk seitsmele traditsioonilisele t\u0161akrale, mis asuvad piki selgroogu, alates kubemepiirkonnast kuni pealaeni. Igal p\u00f5hit\u0161akral on oma kindel \u00fclesanne ning iga t\u0161akra m\u00f5jutab ka teisi kehalisi, hingelisi ja vaimseid funktsioone.<\/p>\r\n\r\n\r\n\r\n<p><strong>Meil on seitse p\u00f5hit\u0161akrat:<\/strong> esimene t\u0161akra ehk juurt\u0161akra teine t\u0161akra ehk sakraalt\u0161akra kolmas t\u0161akra ehk p\u00e4ikesep\u00f5imik neljas t\u0161akra ehk s\u00fcdamet\u0161akra viies t\u0161akra ehk kurgut\u0161akra kuues t\u0161akra ehk kolmas silm seitsmes t\u0161akra ehk kroont\u0161akra<\/p>\r\n\r\n<p>Kui soovid t\u0161akrate kohta rohkem teada saada, siis loe l\u00e4hemalt <a href=\"https:\/\/hingelaegas.ee\/blogi\/category\/energeetika-tsakrad\/\">blogist<\/a>.<\/p>\r\n<h3>Kuidas saad kasutada t\u0161akrakive?<\/h3>\r\n<p>T\u0161akrakivide komplektis vastab iga kivi konkreetsele t\u0161akrale ning on t\u00e4histatud vastava t\u0161akra s\u00fcmboliga. Kivide abil saad enda t\u0161akraid taash\u00e4\u00e4lestada ja tasakaalustada, kasutades neid j\u00e4rgmiselt:<\/p>\r\n<p>&#8211; mediteeri nende kividega, kas neid k\u00e4es hoides v\u00f5i asetades t\u0161akrakivi oma kehale vastava t\u0161akra peale<\/p>\r\n<p>&#8211; kasuta neid <a href=\"https:\/\/hingelaegas.ee\/blogi\/reiki-tervendav-vagi-nii-kehale-vaimule-kui-hingele\/\">reikiseansi<\/a> ajal kehale asetades<\/p>\r\n<p>&#8211; kanna kivi endaga kaasas (n\u00e4iteks kotis v\u00f5i taskus)<\/p>\r\n<p>&#8211; maga nii, et kivi on asetatud Sinu padja alla v\u00f5i voodi k\u00f5rvale<\/p>\r\n\r\n<p>&nbsp;<\/p>\r\n\r\n\r\n<hr class=\"wp-block-separator has-css-opacity\" \/>\r\n\r\n\r\n<p>[1] Wu, L.; Lauer, N. (2018). <em>Energiaravi k\u00e4siraamat<\/em>. Tallinn: Varrak.<\/p>\r\n","protected":false},"excerpt":{"rendered":"<div id=\"tw-container\" class=\"\" data-cp=\"1\" data-is-ver=\"false\" data-nnttsvi=\"1\" data-sm=\"1\" data-sugg-time=\"500\" data-sugg-url=\"https:\/\/clients1.google.com\/complete\/search\" data-uilc=\"et\">\n<div id=\"tw-ob\" class=\"tw-src-ltr\">\n<div class=\"oSioSc\">\n<div id=\"tw-target\">\n<div id=\"kAz1tf\" class=\"g9WsWb\">\n<div id=\"tw-target-text-container\" class=\"tw-ta-container F0azHf tw-nfl\" tabindex=\"0\">\n<div id=\"tw-container\" class=\"\" data-cp=\"1\" data-is-ver=\"false\" data-nnttsvi=\"1\" data-sm=\"1\" data-sugg-time=\"500\" data-sugg-url=\"https:\/\/clients1.google.com\/complete\/search\" data-uilc=\"et\">\n<div id=\"tw-ob\" class=\"tw-src-ltr\">\n<div class=\"oSioSc\">\n<div id=\"tw-target\">\n<div id=\"kAz1tf\" class=\"g9WsWb\">\n<p id=\"tw-target-text-container\" class=\"tw-ta-container F0azHf tw-nfl\" tabindex=\"0\">In the chakra stone set, each stone corresponds to a specific chakra and is marked with the corresponding chakra symbol. With the help of stones, you can retune and balance your chakras by meditating with them or carrying them with you.<\/p>\n<p class=\"tw-ta-container F0azHf tw-nfl\" tabindex=\"0\"><strong>The set includes:<\/strong><\/p>\n<p class=\"tw-ta-container F0azHf tw-nfl\" tabindex=\"0\">amethyst \u2192 <em>crown chakra<\/em><\/p>\n<p class=\"tw-ta-container F0azHf tw-nfl\" tabindex=\"0\">blue aventurine (grey shade) \u2192 <em>third eye<\/em><\/p>\n<p class=\"tw-ta-container F0azHf tw-nfl\" tabindex=\"0\">blue sodalite \u2192 <em>throat chakra<\/em><\/p>\n<p class=\"tw-ta-container F0azHf tw-nfl\" tabindex=\"0\">green aventurine \u2192 <em>heart chakra<\/em><\/p>\n<p class=\"tw-ta-container F0azHf tw-nfl\" tabindex=\"0\">yellow aventurine \u2192 <em>solar plexus<\/em><\/p>\n<p class=\"tw-ta-container F0azHf tw-nfl\" tabindex=\"0\">red aventurine \u2192 <em>sacral chakra<\/em><\/p>\n<p class=\"tw-ta-container F0azHf tw-nfl\" tabindex=\"0\">red jaspis \u2192 <em>root chakra<\/em><\/p>\n<p tabindex=\"0\">\u00a0<\/p>\n<p dir=\"ltr\" data-placeholder=\"T\u00f5lge\">Dimensions: 12 x 16 cm (bag), stone diameter approx. 3.5 cm<\/p>\n<\/div>\n<\/div>\n<\/div>\n<\/div>\n<\/div>\n<\/div>\n<\/div>\n<\/div>\n<\/div>\n<\/div>\n<\/div>","protected":false},"featured_media":5643,"comment_status":"open","ping_status":"closed","template":"","meta":{"_monsterinsights_skip_tracking":false,"_monsterinsights_sitenote_active":false,"_monsterinsights_sitenote_note":"","_monsterinsights_sitenote_category":0},"product_brand":[],"product_cat":[110],"product_tag":[184,77,175,617,616],"class_list":{"0":"post-5638","1":"product","2":"type-product","3":"status-publish","4":"has-post-thumbnail","6":"product_cat-rituaalivahendid","7":"product_tag-poolvaariskivid","8":"product_tag-reiki","9":"product_tag-rituaalivahendid","10":"product_tag-tsakrad","11":"product_tag-tsakrakivid","13":"first","14":"instock","15":"taxable","16":"shipping-taxable","17":"purchasable","18":"product-type-simple"},"yoast_head":"<!-- This site is optimized with the Yoast SEO plugin v27.4 - https:\/\/yoast.com\/product\/yoast-seo-wordpress\/ -->\n<title>T\u0161akrakivid - Hingelaegas<\/title>\n<meta name=\"robots\" content=\"index, follow, max-snippet:-1, max-image-preview:large, max-video-preview:-1\" \/>\n<link rel=\"canonical\" href=\"https:\/\/hingelaegas.ee\/en\/product\/tsakrakivid\/\" \/>\n<meta property=\"og:locale\" content=\"en_GB\" \/>\n<meta property=\"og:type\" content=\"article\" \/>\n<meta property=\"og:title\" content=\"T\u0161akrakivid - Hingelaegas\" \/>\n<meta property=\"og:description\" content=\"T\u0161akrakivide komplektis vastab iga kivi konkreetsele t\u0161akrale ning on t\u00e4histatud vastava t\u0161akra s\u00fcmboliga. Kivide abil saad enda t\u0161akraid taash\u00e4\u00e4lestada ja tasakaalustada, nendega mediteerides v\u00f5i endaga kaasas kandes. Komplekt sisaldab: amet\u00fcst \u2192 kroont\u0161akra sinine aventuriin (halli varjundiga) \u2192 kolmas silm sinine sodaliit \u2192 kurgut\u0161akra roheline aventuriin \u2192 s\u00fcdamet\u0161akra kollane aventuriin \u2192 p\u00e4ikesep\u00f5imik punane aventuriin \u2192 sakraalt\u0161akra punane jaspis \u2192 juurt\u0161akra \u00a0 M\u00f5\u00f5dud: 12 x 16 cm (kott), kivi l\u00e4bim\u00f5\u00f5t ca 3,5 cm\" \/>\n<meta property=\"og:url\" content=\"https:\/\/hingelaegas.ee\/en\/product\/tsakrakivid\/\" \/>\n<meta property=\"og:site_name\" content=\"Hingelaegas\" \/>\n<meta property=\"article:modified_time\" content=\"2026-03-29T19:05:58+00:00\" \/>\n<meta property=\"og:image\" content=\"https:\/\/i0.wp.com\/hingelaegas.ee\/wp-content\/uploads\/2024\/04\/chakra-stones-e1714290924466.jpg?fit=600%2C600&ssl=1\" \/>\n\t<meta property=\"og:image:width\" content=\"600\" \/>\n\t<meta property=\"og:image:height\" content=\"600\" \/>\n\t<meta property=\"og:image:type\" content=\"image\/jpeg\" \/>\n<meta name=\"twitter:card\" content=\"summary_large_image\" \/>\n<meta name=\"twitter:label1\" content=\"Estimated reading time\" \/>\n\t<meta name=\"twitter:data1\" content=\"2 minutes\" \/>\n<script type=\"application\/ld+json\" class=\"yoast-schema-graph\">{\"@context\":\"https:\\\/\\\/schema.org\",\"@graph\":[{\"@type\":\"WebPage\",\"@id\":\"https:\\\/\\\/hingelaegas.ee\\\/en\\\/product\\\/tsakrakivid\\\/\",\"url\":\"https:\\\/\\\/hingelaegas.ee\\\/en\\\/product\\\/tsakrakivid\\\/\",\"name\":\"T\u0161akrakivid - Hingelaegas\",\"isPartOf\":{\"@id\":\"https:\\\/\\\/www.hingelaegas.ee\\\/#website\"},\"primaryImageOfPage\":{\"@id\":\"https:\\\/\\\/hingelaegas.ee\\\/en\\\/product\\\/tsakrakivid\\\/#primaryimage\"},\"image\":{\"@id\":\"https:\\\/\\\/hingelaegas.ee\\\/en\\\/product\\\/tsakrakivid\\\/#primaryimage\"},\"thumbnailUrl\":\"https:\\\/\\\/i0.wp.com\\\/hingelaegas.ee\\\/wp-content\\\/uploads\\\/2024\\\/04\\\/chakra-stones-e1714290924466.jpg?fit=600%2C600&ssl=1\",\"datePublished\":\"2024-04-27T09:59:34+00:00\",\"dateModified\":\"2026-03-29T19:05:58+00:00\",\"breadcrumb\":{\"@id\":\"https:\\\/\\\/hingelaegas.ee\\\/en\\\/product\\\/tsakrakivid\\\/#breadcrumb\"},\"inLanguage\":\"en-GB\",\"potentialAction\":[{\"@type\":\"ReadAction\",\"target\":[\"https:\\\/\\\/hingelaegas.ee\\\/en\\\/product\\\/tsakrakivid\\\/\"]}]},{\"@type\":\"ImageObject\",\"inLanguage\":\"en-GB\",\"@id\":\"https:\\\/\\\/hingelaegas.ee\\\/en\\\/product\\\/tsakrakivid\\\/#primaryimage\",\"url\":\"https:\\\/\\\/i0.wp.com\\\/hingelaegas.ee\\\/wp-content\\\/uploads\\\/2024\\\/04\\\/chakra-stones-e1714290924466.jpg?fit=600%2C600&ssl=1\",\"contentUrl\":\"https:\\\/\\\/i0.wp.com\\\/hingelaegas.ee\\\/wp-content\\\/uploads\\\/2024\\\/04\\\/chakra-stones-e1714290924466.jpg?fit=600%2C600&ssl=1\",\"width\":600,\"height\":600},{\"@type\":\"BreadcrumbList\",\"@id\":\"https:\\\/\\\/hingelaegas.ee\\\/en\\\/product\\\/tsakrakivid\\\/#breadcrumb\",\"itemListElement\":[{\"@type\":\"ListItem\",\"position\":1,\"name\":\"Home\",\"item\":\"https:\\\/\\\/www.hingelaegas.ee\\\/\"},{\"@type\":\"ListItem\",\"position\":2,\"name\":\"E-POOD\",\"item\":\"https:\\\/\\\/www.hingelaegas.ee\\\/e-pood\\\/\"},{\"@type\":\"ListItem\",\"position\":3,\"name\":\"T\u0161akrakivid\"}]},{\"@type\":\"WebSite\",\"@id\":\"https:\\\/\\\/www.hingelaegas.ee\\\/#website\",\"url\":\"https:\\\/\\\/www.hingelaegas.ee\\\/\",\"name\":\"Hingelaegas\",\"description\":\"Hingele. Kehale. Vaimule.\",\"publisher\":{\"@id\":\"https:\\\/\\\/www.hingelaegas.ee\\\/#organization\"},\"potentialAction\":[{\"@type\":\"SearchAction\",\"target\":{\"@type\":\"EntryPoint\",\"urlTemplate\":\"https:\\\/\\\/www.hingelaegas.ee\\\/?s={search_term_string}\"},\"query-input\":{\"@type\":\"PropertyValueSpecification\",\"valueRequired\":true,\"valueName\":\"search_term_string\"}}],\"inLanguage\":\"en-GB\"},{\"@type\":\"Organization\",\"@id\":\"https:\\\/\\\/www.hingelaegas.ee\\\/#organization\",\"name\":\"Hingelaegas O\u00dc\",\"url\":\"https:\\\/\\\/www.hingelaegas.ee\\\/\",\"logo\":{\"@type\":\"ImageObject\",\"inLanguage\":\"en-GB\",\"@id\":\"https:\\\/\\\/www.hingelaegas.ee\\\/#\\\/schema\\\/logo\\\/image\\\/\",\"url\":\"https:\\\/\\\/hingelaegas.ee\\\/wp-content\\\/uploads\\\/2020\\\/12\\\/hingelaegas_vaike.png\",\"contentUrl\":\"https:\\\/\\\/hingelaegas.ee\\\/wp-content\\\/uploads\\\/2020\\\/12\\\/hingelaegas_vaike.png\",\"width\":700,\"height\":700,\"caption\":\"Hingelaegas O\u00dc\"},\"image\":{\"@id\":\"https:\\\/\\\/www.hingelaegas.ee\\\/#\\\/schema\\\/logo\\\/image\\\/\"}}]}<\/script>\n<!-- \/ Yoast SEO plugin. -->","yoast_head_json":{"title":"T\u0161akrakivid - Hingelaegas","robots":{"index":"index","follow":"follow","max-snippet":"max-snippet:-1","max-image-preview":"max-image-preview:large","max-video-preview":"max-video-preview:-1"},"canonical":"https:\/\/hingelaegas.ee\/en\/product\/tsakrakivid\/","og_locale":"en_GB","og_type":"article","og_title":"T\u0161akrakivid - Hingelaegas","og_description":"T\u0161akrakivide komplektis vastab iga kivi konkreetsele t\u0161akrale ning on t\u00e4histatud vastava t\u0161akra s\u00fcmboliga. Kivide abil saad enda t\u0161akraid taash\u00e4\u00e4lestada ja tasakaalustada, nendega mediteerides v\u00f5i endaga kaasas kandes. Komplekt sisaldab: amet\u00fcst \u2192 kroont\u0161akra sinine aventuriin (halli varjundiga) \u2192 kolmas silm sinine sodaliit \u2192 kurgut\u0161akra roheline aventuriin \u2192 s\u00fcdamet\u0161akra kollane aventuriin \u2192 p\u00e4ikesep\u00f5imik punane aventuriin \u2192 sakraalt\u0161akra punane jaspis \u2192 juurt\u0161akra \u00a0 M\u00f5\u00f5dud: 12 x 16 cm (kott), kivi l\u00e4bim\u00f5\u00f5t ca 3,5 cm","og_url":"https:\/\/hingelaegas.ee\/en\/product\/tsakrakivid\/","og_site_name":"Hingelaegas","article_modified_time":"2026-03-29T19:05:58+00:00","og_image":[{"width":600,"height":600,"url":"https:\/\/i0.wp.com\/hingelaegas.ee\/wp-content\/uploads\/2024\/04\/chakra-stones-e1714290924466.jpg?fit=600%2C600&ssl=1","type":"image\/jpeg"}],"twitter_card":"summary_large_image","twitter_misc":{"Estimated reading time":"2 minutes"},"schema":{"@context":"https:\/\/schema.org","@graph":[{"@type":"WebPage","@id":"https:\/\/hingelaegas.ee\/en\/product\/tsakrakivid\/","url":"https:\/\/hingelaegas.ee\/en\/product\/tsakrakivid\/","name":"T\u0161akrakivid - Hingelaegas","isPartOf":{"@id":"https:\/\/www.hingelaegas.ee\/#website"},"primaryImageOfPage":{"@id":"https:\/\/hingelaegas.ee\/en\/product\/tsakrakivid\/#primaryimage"},"image":{"@id":"https:\/\/hingelaegas.ee\/en\/product\/tsakrakivid\/#primaryimage"},"thumbnailUrl":"https:\/\/i0.wp.com\/hingelaegas.ee\/wp-content\/uploads\/2024\/04\/chakra-stones-e1714290924466.jpg?fit=600%2C600&ssl=1","datePublished":"2024-04-27T09:59:34+00:00","dateModified":"2026-03-29T19:05:58+00:00","breadcrumb":{"@id":"https:\/\/hingelaegas.ee\/en\/product\/tsakrakivid\/#breadcrumb"},"inLanguage":"en-GB","potentialAction":[{"@type":"ReadAction","target":["https:\/\/hingelaegas.ee\/en\/product\/tsakrakivid\/"]}]},{"@type":"ImageObject","inLanguage":"en-GB","@id":"https:\/\/hingelaegas.ee\/en\/product\/tsakrakivid\/#primaryimage","url":"https:\/\/i0.wp.com\/hingelaegas.ee\/wp-content\/uploads\/2024\/04\/chakra-stones-e1714290924466.jpg?fit=600%2C600&ssl=1","contentUrl":"https:\/\/i0.wp.com\/hingelaegas.ee\/wp-content\/uploads\/2024\/04\/chakra-stones-e1714290924466.jpg?fit=600%2C600&ssl=1","width":600,"height":600},{"@type":"BreadcrumbList","@id":"https:\/\/hingelaegas.ee\/en\/product\/tsakrakivid\/#breadcrumb","itemListElement":[{"@type":"ListItem","position":1,"name":"Home","item":"https:\/\/www.hingelaegas.ee\/"},{"@type":"ListItem","position":2,"name":"E-POOD","item":"https:\/\/www.hingelaegas.ee\/e-pood\/"},{"@type":"ListItem","position":3,"name":"T\u0161akrakivid"}]},{"@type":"WebSite","@id":"https:\/\/www.hingelaegas.ee\/#website","url":"https:\/\/www.hingelaegas.ee\/","name":"Hingelaegas","description":"For Soul. For Body. For Mind.","publisher":{"@id":"https:\/\/www.hingelaegas.ee\/#organization"},"potentialAction":[{"@type":"SearchAction","target":{"@type":"EntryPoint","urlTemplate":"https:\/\/www.hingelaegas.ee\/?s={search_term_string}"},"query-input":{"@type":"PropertyValueSpecification","valueRequired":true,"valueName":"search_term_string"}}],"inLanguage":"en-GB"},{"@type":"Organization","@id":"https:\/\/www.hingelaegas.ee\/#organization","name":"Hingelaegas O\u00dc","url":"https:\/\/www.hingelaegas.ee\/","logo":{"@type":"ImageObject","inLanguage":"en-GB","@id":"https:\/\/www.hingelaegas.ee\/#\/schema\/logo\/image\/","url":"https:\/\/hingelaegas.ee\/wp-content\/uploads\/2020\/12\/hingelaegas_vaike.png","contentUrl":"https:\/\/hingelaegas.ee\/wp-content\/uploads\/2020\/12\/hingelaegas_vaike.png","width":700,"height":700,"caption":"Hingelaegas O\u00dc"},"image":{"@id":"https:\/\/www.hingelaegas.ee\/#\/schema\/logo\/image\/"}}]}},"acf":[],"jetpack_likes_enabled":false,"jetpack_sharing_enabled":true,"_links":{"self":[{"href":"https:\/\/hingelaegas.ee\/en\/wp-json\/wp\/v2\/product\/5638","targetHints":{"allow":["GET"]}}],"collection":[{"href":"https:\/\/hingelaegas.ee\/en\/wp-json\/wp\/v2\/product"}],"about":[{"href":"https:\/\/hingelaegas.ee\/en\/wp-json\/wp\/v2\/types\/product"}],"replies":[{"embeddable":true,"href":"https:\/\/hingelaegas.ee\/en\/wp-json\/wp\/v2\/comments?post=5638"}],"wp:featuredmedia":[{"embeddable":true,"href":"https:\/\/hingelaegas.ee\/en\/wp-json\/wp\/v2\/media\/5643"}],"wp:attachment":[{"href":"https:\/\/hingelaegas.ee\/en\/wp-json\/wp\/v2\/media?parent=5638"}],"wp:term":[{"taxonomy":"product_brand","embeddable":true,"href":"https:\/\/hingelaegas.ee\/en\/wp-json\/wp\/v2\/product_brand?post=5638"},{"taxonomy":"product_cat","embeddable":true,"href":"https:\/\/hingelaegas.ee\/en\/wp-json\/wp\/v2\/product_cat?post=5638"},{"taxonomy":"product_tag","embeddable":true,"href":"https:\/\/hingelaegas.ee\/en\/wp-json\/wp\/v2\/product_tag?post=5638"}],"curies":[{"name":"wp","href":"https:\/\/api.w.org\/{rel}","templated":true}]}}