{"id":5787,"date":"2024-06-26T10:48:51","date_gmt":"2024-06-26T08:48:51","guid":{"rendered":"https:\/\/hingelaegas.ee\/?post_type=product&#038;p=5787"},"modified":"2025-09-21T16:11:21","modified_gmt":"2025-09-21T13:11:21","slug":"kuunalde-hoidja-6-kuunlale","status":"publish","type":"product","link":"https:\/\/hingelaegas.ee\/en\/product\/kuunalde-hoidja-6-kuunlale\/","title":{"rendered":"Candle holder for 6 candles"},"content":{"rendered":"","protected":false},"excerpt":{"rendered":"<p>The candle holder designed on an elegant black metal frame beautifully brings out the cozy romantic glow of candles. The tinted glass base shines through, giving the candlelight a nice soft effect. Suitable for burning tea candles as well as smaller votive candles.<\/p>\n<p><strong>Dimensions of the candle holder:<\/strong> diameter 24 cm, height 27\u00a0cm<\/p>\n<p><strong>Glass holder dimensions: <\/strong>outer diameter 6.5 cm, inner diameter 5.5 cm, height 6 cm<\/p>\n<p>For six candles.<\/p>\n<p>Material: metal and glass.<\/p>","protected":false},"featured_media":5788,"comment_status":"open","ping_status":"closed","template":"","meta":{"_monsterinsights_skip_tracking":false,"_monsterinsights_sitenote_active":false,"_monsterinsights_sitenote_note":"","_monsterinsights_sitenote_category":0},"product_brand":[],"product_cat":[164],"product_tag":[183,185],"class_list":{"0":"post-5787","1":"product","2":"type-product","3":"status-publish","4":"has-post-thumbnail","6":"product_cat-kuunlahoidjad","7":"product_tag-kodusisustus","8":"product_tag-kuunlahoidjad","10":"first","11":"outofstock","12":"taxable","13":"shipping-taxable","14":"purchasable","15":"product-type-simple"},"yoast_head":"<!-- This site is optimized with the Yoast SEO plugin v27.3 - https:\/\/yoast.com\/product\/yoast-seo-wordpress\/ -->\n<title>K\u00fc\u00fcnalde hoidja 6 k\u00fc\u00fcnlale - Hingelaegas<\/title>\n<meta name=\"description\" content=\"Kauni musta v\u00e4rvi metallist raamile disainitud k\u00fc\u00fcnalde hoidja toob kaunilt esile k\u00fc\u00fcnalde hubase romantilise kuma. Toonitud klaasist alus kumab l\u00e4bi, andes k\u00fc\u00fcnlavalgusele m\u00f5nusa maheda efekti.\" \/>\n<meta name=\"robots\" content=\"index, follow, max-snippet:-1, max-image-preview:large, max-video-preview:-1\" \/>\n<link rel=\"canonical\" href=\"https:\/\/hingelaegas.ee\/en\/product\/kuunalde-hoidja-6-kuunlale\/\" \/>\n<meta property=\"og:locale\" content=\"en_GB\" \/>\n<meta property=\"og:type\" content=\"article\" \/>\n<meta property=\"og:title\" content=\"K\u00fc\u00fcnalde hoidja 6 k\u00fc\u00fcnlale - Hingelaegas\" \/>\n<meta property=\"og:description\" content=\"Kauni musta v\u00e4rvi metallist raamile disainitud k\u00fc\u00fcnalde hoidja toob kaunilt esile k\u00fc\u00fcnalde hubase romantilise kuma. Toonitud klaasist alus kumab l\u00e4bi, andes k\u00fc\u00fcnlavalgusele m\u00f5nusa maheda efekti.\" \/>\n<meta property=\"og:url\" content=\"https:\/\/hingelaegas.ee\/en\/product\/kuunalde-hoidja-6-kuunlale\/\" \/>\n<meta property=\"og:site_name\" content=\"Hingelaegas\" \/>\n<meta property=\"article:modified_time\" content=\"2025-09-21T13:11:21+00:00\" \/>\n<meta property=\"og:image\" content=\"https:\/\/i0.wp.com\/www.hingelaegas.ee\/wp-content\/uploads\/2024\/06\/kuunalde-hoidja_6-kuunalt-e1719392148122.jpeg?fit=800%2C800&ssl=1\" \/>\n\t<meta property=\"og:image:width\" content=\"800\" \/>\n\t<meta property=\"og:image:height\" content=\"800\" \/>\n\t<meta property=\"og:image:type\" content=\"image\/jpeg\" \/>\n<meta name=\"twitter:card\" content=\"summary_large_image\" \/>\n<meta name=\"twitter:label1\" content=\"Estimated reading time\" \/>\n\t<meta name=\"twitter:data1\" content=\"1 minute\" \/>\n<script type=\"application\/ld+json\" class=\"yoast-schema-graph\">{\"@context\":\"https:\\\/\\\/schema.org\",\"@graph\":[{\"@type\":\"WebPage\",\"@id\":\"https:\\\/\\\/hingelaegas.ee\\\/en\\\/product\\\/kuunalde-hoidja-6-kuunlale\\\/\",\"url\":\"https:\\\/\\\/hingelaegas.ee\\\/en\\\/product\\\/kuunalde-hoidja-6-kuunlale\\\/\",\"name\":\"K\u00fc\u00fcnalde hoidja 6 k\u00fc\u00fcnlale - Hingelaegas\",\"isPartOf\":{\"@id\":\"https:\\\/\\\/www.hingelaegas.ee\\\/#website\"},\"primaryImageOfPage\":{\"@id\":\"https:\\\/\\\/hingelaegas.ee\\\/en\\\/product\\\/kuunalde-hoidja-6-kuunlale\\\/#primaryimage\"},\"image\":{\"@id\":\"https:\\\/\\\/hingelaegas.ee\\\/en\\\/product\\\/kuunalde-hoidja-6-kuunlale\\\/#primaryimage\"},\"thumbnailUrl\":\"https:\\\/\\\/i0.wp.com\\\/www.hingelaegas.ee\\\/wp-content\\\/uploads\\\/2024\\\/06\\\/kuunalde-hoidja_6-kuunalt-e1719392148122.jpeg?fit=800%2C800&ssl=1\",\"datePublished\":\"2024-06-26T08:48:51+00:00\",\"dateModified\":\"2025-09-21T13:11:21+00:00\",\"description\":\"Kauni musta v\u00e4rvi metallist raamile disainitud k\u00fc\u00fcnalde hoidja toob kaunilt esile k\u00fc\u00fcnalde hubase romantilise kuma. Toonitud klaasist alus kumab l\u00e4bi, andes k\u00fc\u00fcnlavalgusele m\u00f5nusa maheda efekti.\",\"breadcrumb\":{\"@id\":\"https:\\\/\\\/hingelaegas.ee\\\/en\\\/product\\\/kuunalde-hoidja-6-kuunlale\\\/#breadcrumb\"},\"inLanguage\":\"en-GB\",\"potentialAction\":[{\"@type\":\"ReadAction\",\"target\":[\"https:\\\/\\\/hingelaegas.ee\\\/en\\\/product\\\/kuunalde-hoidja-6-kuunlale\\\/\"]}]},{\"@type\":\"ImageObject\",\"inLanguage\":\"en-GB\",\"@id\":\"https:\\\/\\\/hingelaegas.ee\\\/en\\\/product\\\/kuunalde-hoidja-6-kuunlale\\\/#primaryimage\",\"url\":\"https:\\\/\\\/i0.wp.com\\\/www.hingelaegas.ee\\\/wp-content\\\/uploads\\\/2024\\\/06\\\/kuunalde-hoidja_6-kuunalt-e1719392148122.jpeg?fit=800%2C800&ssl=1\",\"contentUrl\":\"https:\\\/\\\/i0.wp.com\\\/www.hingelaegas.ee\\\/wp-content\\\/uploads\\\/2024\\\/06\\\/kuunalde-hoidja_6-kuunalt-e1719392148122.jpeg?fit=800%2C800&ssl=1\",\"width\":800,\"height\":800},{\"@type\":\"BreadcrumbList\",\"@id\":\"https:\\\/\\\/hingelaegas.ee\\\/en\\\/product\\\/kuunalde-hoidja-6-kuunlale\\\/#breadcrumb\",\"itemListElement\":[{\"@type\":\"ListItem\",\"position\":1,\"name\":\"Home\",\"item\":\"https:\\\/\\\/www.hingelaegas.ee\\\/en\\\/\"},{\"@type\":\"ListItem\",\"position\":2,\"name\":\"E-POOD\",\"item\":\"https:\\\/\\\/www.hingelaegas.ee\\\/en\\\/e-pood\\\/\"},{\"@type\":\"ListItem\",\"position\":3,\"name\":\"K\u00fc\u00fcnalde hoidja 6 k\u00fc\u00fcnlale\"}]},{\"@type\":\"WebSite\",\"@id\":\"https:\\\/\\\/www.hingelaegas.ee\\\/#website\",\"url\":\"https:\\\/\\\/www.hingelaegas.ee\\\/\",\"name\":\"Hingelaegas\",\"description\":\"Hingele. Kehale. Vaimule.\",\"publisher\":{\"@id\":\"https:\\\/\\\/www.hingelaegas.ee\\\/#organization\"},\"potentialAction\":[{\"@type\":\"SearchAction\",\"target\":{\"@type\":\"EntryPoint\",\"urlTemplate\":\"https:\\\/\\\/www.hingelaegas.ee\\\/?s={search_term_string}\"},\"query-input\":{\"@type\":\"PropertyValueSpecification\",\"valueRequired\":true,\"valueName\":\"search_term_string\"}}],\"inLanguage\":\"en-GB\"},{\"@type\":\"Organization\",\"@id\":\"https:\\\/\\\/www.hingelaegas.ee\\\/#organization\",\"name\":\"Hingelaegas O\u00dc\",\"url\":\"https:\\\/\\\/www.hingelaegas.ee\\\/\",\"logo\":{\"@type\":\"ImageObject\",\"inLanguage\":\"en-GB\",\"@id\":\"https:\\\/\\\/www.hingelaegas.ee\\\/#\\\/schema\\\/logo\\\/image\\\/\",\"url\":\"https:\\\/\\\/hingelaegas.ee\\\/wp-content\\\/uploads\\\/2020\\\/12\\\/hingelaegas_vaike.png\",\"contentUrl\":\"https:\\\/\\\/hingelaegas.ee\\\/wp-content\\\/uploads\\\/2020\\\/12\\\/hingelaegas_vaike.png\",\"width\":700,\"height\":700,\"caption\":\"Hingelaegas O\u00dc\"},\"image\":{\"@id\":\"https:\\\/\\\/www.hingelaegas.ee\\\/#\\\/schema\\\/logo\\\/image\\\/\"}}]}<\/script>\n<!-- \/ Yoast SEO plugin. -->","yoast_head_json":{"title":"K\u00fc\u00fcnalde hoidja 6 k\u00fc\u00fcnlale - Hingelaegas","description":"Kauni musta v\u00e4rvi metallist raamile disainitud k\u00fc\u00fcnalde hoidja toob kaunilt esile k\u00fc\u00fcnalde hubase romantilise kuma. Toonitud klaasist alus kumab l\u00e4bi, andes k\u00fc\u00fcnlavalgusele m\u00f5nusa maheda efekti.","robots":{"index":"index","follow":"follow","max-snippet":"max-snippet:-1","max-image-preview":"max-image-preview:large","max-video-preview":"max-video-preview:-1"},"canonical":"https:\/\/hingelaegas.ee\/en\/product\/kuunalde-hoidja-6-kuunlale\/","og_locale":"en_GB","og_type":"article","og_title":"K\u00fc\u00fcnalde hoidja 6 k\u00fc\u00fcnlale - Hingelaegas","og_description":"Kauni musta v\u00e4rvi metallist raamile disainitud k\u00fc\u00fcnalde hoidja toob kaunilt esile k\u00fc\u00fcnalde hubase romantilise kuma. Toonitud klaasist alus kumab l\u00e4bi, andes k\u00fc\u00fcnlavalgusele m\u00f5nusa maheda efekti.","og_url":"https:\/\/hingelaegas.ee\/en\/product\/kuunalde-hoidja-6-kuunlale\/","og_site_name":"Hingelaegas","article_modified_time":"2025-09-21T13:11:21+00:00","og_image":[{"width":800,"height":800,"url":"https:\/\/i0.wp.com\/www.hingelaegas.ee\/wp-content\/uploads\/2024\/06\/kuunalde-hoidja_6-kuunalt-e1719392148122.jpeg?fit=800%2C800&ssl=1","type":"image\/jpeg"}],"twitter_card":"summary_large_image","twitter_misc":{"Estimated reading time":"1 minute"},"schema":{"@context":"https:\/\/schema.org","@graph":[{"@type":"WebPage","@id":"https:\/\/hingelaegas.ee\/en\/product\/kuunalde-hoidja-6-kuunlale\/","url":"https:\/\/hingelaegas.ee\/en\/product\/kuunalde-hoidja-6-kuunlale\/","name":"K\u00fc\u00fcnalde hoidja 6 k\u00fc\u00fcnlale - Hingelaegas","isPartOf":{"@id":"https:\/\/www.hingelaegas.ee\/#website"},"primaryImageOfPage":{"@id":"https:\/\/hingelaegas.ee\/en\/product\/kuunalde-hoidja-6-kuunlale\/#primaryimage"},"image":{"@id":"https:\/\/hingelaegas.ee\/en\/product\/kuunalde-hoidja-6-kuunlale\/#primaryimage"},"thumbnailUrl":"https:\/\/i0.wp.com\/www.hingelaegas.ee\/wp-content\/uploads\/2024\/06\/kuunalde-hoidja_6-kuunalt-e1719392148122.jpeg?fit=800%2C800&ssl=1","datePublished":"2024-06-26T08:48:51+00:00","dateModified":"2025-09-21T13:11:21+00:00","description":"Kauni musta v\u00e4rvi metallist raamile disainitud k\u00fc\u00fcnalde hoidja toob kaunilt esile k\u00fc\u00fcnalde hubase romantilise kuma. Toonitud klaasist alus kumab l\u00e4bi, andes k\u00fc\u00fcnlavalgusele m\u00f5nusa maheda efekti.","breadcrumb":{"@id":"https:\/\/hingelaegas.ee\/en\/product\/kuunalde-hoidja-6-kuunlale\/#breadcrumb"},"inLanguage":"en-GB","potentialAction":[{"@type":"ReadAction","target":["https:\/\/hingelaegas.ee\/en\/product\/kuunalde-hoidja-6-kuunlale\/"]}]},{"@type":"ImageObject","inLanguage":"en-GB","@id":"https:\/\/hingelaegas.ee\/en\/product\/kuunalde-hoidja-6-kuunlale\/#primaryimage","url":"https:\/\/i0.wp.com\/www.hingelaegas.ee\/wp-content\/uploads\/2024\/06\/kuunalde-hoidja_6-kuunalt-e1719392148122.jpeg?fit=800%2C800&ssl=1","contentUrl":"https:\/\/i0.wp.com\/www.hingelaegas.ee\/wp-content\/uploads\/2024\/06\/kuunalde-hoidja_6-kuunalt-e1719392148122.jpeg?fit=800%2C800&ssl=1","width":800,"height":800},{"@type":"BreadcrumbList","@id":"https:\/\/hingelaegas.ee\/en\/product\/kuunalde-hoidja-6-kuunlale\/#breadcrumb","itemListElement":[{"@type":"ListItem","position":1,"name":"Home","item":"https:\/\/www.hingelaegas.ee\/en\/"},{"@type":"ListItem","position":2,"name":"E-POOD","item":"https:\/\/www.hingelaegas.ee\/en\/e-pood\/"},{"@type":"ListItem","position":3,"name":"K\u00fc\u00fcnalde hoidja 6 k\u00fc\u00fcnlale"}]},{"@type":"WebSite","@id":"https:\/\/www.hingelaegas.ee\/#website","url":"https:\/\/www.hingelaegas.ee\/","name":"Hingelaegas","description":"For Soul. For Body. For Mind.","publisher":{"@id":"https:\/\/www.hingelaegas.ee\/#organization"},"potentialAction":[{"@type":"SearchAction","target":{"@type":"EntryPoint","urlTemplate":"https:\/\/www.hingelaegas.ee\/?s={search_term_string}"},"query-input":{"@type":"PropertyValueSpecification","valueRequired":true,"valueName":"search_term_string"}}],"inLanguage":"en-GB"},{"@type":"Organization","@id":"https:\/\/www.hingelaegas.ee\/#organization","name":"Hingelaegas O\u00dc","url":"https:\/\/www.hingelaegas.ee\/","logo":{"@type":"ImageObject","inLanguage":"en-GB","@id":"https:\/\/www.hingelaegas.ee\/#\/schema\/logo\/image\/","url":"https:\/\/hingelaegas.ee\/wp-content\/uploads\/2020\/12\/hingelaegas_vaike.png","contentUrl":"https:\/\/hingelaegas.ee\/wp-content\/uploads\/2020\/12\/hingelaegas_vaike.png","width":700,"height":700,"caption":"Hingelaegas O\u00dc"},"image":{"@id":"https:\/\/www.hingelaegas.ee\/#\/schema\/logo\/image\/"}}]}},"acf":[],"jetpack_likes_enabled":false,"jetpack_sharing_enabled":true,"_links":{"self":[{"href":"https:\/\/hingelaegas.ee\/en\/wp-json\/wp\/v2\/product\/5787","targetHints":{"allow":["GET"]}}],"collection":[{"href":"https:\/\/hingelaegas.ee\/en\/wp-json\/wp\/v2\/product"}],"about":[{"href":"https:\/\/hingelaegas.ee\/en\/wp-json\/wp\/v2\/types\/product"}],"replies":[{"embeddable":true,"href":"https:\/\/hingelaegas.ee\/en\/wp-json\/wp\/v2\/comments?post=5787"}],"wp:featuredmedia":[{"embeddable":true,"href":"https:\/\/hingelaegas.ee\/en\/wp-json\/wp\/v2\/media\/5788"}],"wp:attachment":[{"href":"https:\/\/hingelaegas.ee\/en\/wp-json\/wp\/v2\/media?parent=5787"}],"wp:term":[{"taxonomy":"product_brand","embeddable":true,"href":"https:\/\/hingelaegas.ee\/en\/wp-json\/wp\/v2\/product_brand?post=5787"},{"taxonomy":"product_cat","embeddable":true,"href":"https:\/\/hingelaegas.ee\/en\/wp-json\/wp\/v2\/product_cat?post=5787"},{"taxonomy":"product_tag","embeddable":true,"href":"https:\/\/hingelaegas.ee\/en\/wp-json\/wp\/v2\/product_tag?post=5787"}],"curies":[{"name":"wp","href":"https:\/\/api.w.org\/{rel}","templated":true}]}}