{"id":5791,"date":"2024-06-26T11:12:54","date_gmt":"2024-06-26T09:12:54","guid":{"rendered":"https:\/\/hingelaegas.ee\/?post_type=product&#038;p=5791"},"modified":"2025-07-02T19:48:25","modified_gmt":"2025-07-02T17:48:25","slug":"boho-merekarbilamp-roosikera-15-cm","status":"publish","type":"product","link":"https:\/\/hingelaegas.ee\/en\/product\/boho-merekarbilamp-roosikera-15-cm\/","title":{"rendered":"Boho seashell lamp \"Rose Globe\", 15 cm"},"content":{"rendered":"","protected":false},"excerpt":{"rendered":"<div>\n<p class=\"highlight_box\">Boho-style lamps made of authentic seashells are handcrafted on the tropical paradise island of Bali, bringing coastal elegance to your home.<\/p>\n<p>The \"Rose Globe\" provides a warm and cozy light with a delicate rose pattern and spherical design placed on a wooden base, which is perfect for creating a captivating and dreamy atmosphere.<\/p>\n<\/div>\n<div class=\"product_properties\">\n<div class=\"product_properties\">\n<ul>\n<li>Diameter 15 cm.<\/li>\n<li>Weight approx. 0.12 kg.<\/li>\n<li>The set includes the lamp, a cord (~1.5 m long) and an LED bulb (230V\/3W).<\/li>\n<\/ul>\n<p><em>NB! The lamps are made by artisans with real seashells, so there may be small defects or irregularities due to the natural appearance of the shells.<\/em><\/p>\n<\/div>\n<\/div>","protected":false},"featured_media":5792,"comment_status":"open","ping_status":"closed","template":"","meta":{"_monsterinsights_skip_tracking":false,"_monsterinsights_sitenote_active":false,"_monsterinsights_sitenote_note":"","_monsterinsights_sitenote_category":0},"product_brand":[],"product_cat":[517],"product_tag":[183],"class_list":{"0":"post-5791","1":"product","2":"type-product","3":"status-publish","4":"has-post-thumbnail","6":"product_cat-valgustid","7":"product_tag-kodusisustus","9":"first","10":"instock","11":"taxable","12":"shipping-taxable","13":"purchasable","14":"product-type-simple"},"yoast_head":"<!-- This site is optimized with the Yoast SEO plugin v27.3 - https:\/\/yoast.com\/product\/yoast-seo-wordpress\/ -->\n<title>Boho stiilis merekarpidest lamp &quot;Roosikera&quot;, 15 cm - Hingelaegas<\/title>\n<meta name=\"description\" content=\"Boho stiilis lambid on valminud k\u00e4sit\u00f6\u00f6na ehtsatest merekarpidest troopilisel paradiisisaarel Balil. &quot;Roosikera&quot; puidust alusele paigutatud \u00f5rn roosimuster ja kerakujuline disain annavad sooja ja hubase valguse.\" \/>\n<meta name=\"robots\" content=\"index, follow, max-snippet:-1, max-image-preview:large, max-video-preview:-1\" \/>\n<link rel=\"canonical\" href=\"https:\/\/www.hingelaegas.ee\/product\/boho-merekarbilamp-roosikera-15-cm\/\" \/>\n<meta property=\"og:locale\" content=\"en_GB\" \/>\n<meta property=\"og:type\" content=\"article\" \/>\n<meta property=\"og:title\" content=\"Boho stiilis merekarpidest lamp &quot;Roosikera&quot;, 15 cm - Hingelaegas\" \/>\n<meta property=\"og:description\" content=\"Boho stiilis lambid on valminud k\u00e4sit\u00f6\u00f6na ehtsatest merekarpidest troopilisel paradiisisaarel Balil. &quot;Roosikera&quot; puidust alusele paigutatud \u00f5rn roosimuster ja kerakujuline disain annavad sooja ja hubase valguse.\" \/>\n<meta property=\"og:url\" content=\"https:\/\/www.hingelaegas.ee\/product\/boho-merekarbilamp-roosikera-15-cm\/\" \/>\n<meta property=\"og:site_name\" content=\"Hingelaegas\" \/>\n<meta property=\"article:modified_time\" content=\"2025-07-02T17:48:25+00:00\" \/>\n<meta property=\"og:image\" content=\"https:\/\/i0.wp.com\/www.hingelaegas.ee\/wp-content\/uploads\/2024\/06\/Boho-Sea-Shell-Lamp-Rose-Globe-15cm-e1721040032931.jpeg?fit=769%2C769&ssl=1\" \/>\n\t<meta property=\"og:image:width\" content=\"769\" \/>\n\t<meta property=\"og:image:height\" content=\"769\" \/>\n\t<meta property=\"og:image:type\" content=\"image\/jpeg\" \/>\n<meta name=\"twitter:card\" content=\"summary_large_image\" \/>\n<meta name=\"twitter:label1\" content=\"Estimated reading time\" \/>\n\t<meta name=\"twitter:data1\" content=\"1 minute\" \/>\n<script type=\"application\/ld+json\" class=\"yoast-schema-graph\">{\"@context\":\"https:\\\/\\\/schema.org\",\"@graph\":[{\"@type\":\"WebPage\",\"@id\":\"https:\\\/\\\/www.hingelaegas.ee\\\/product\\\/boho-merekarbilamp-roosikera-15-cm\\\/\",\"url\":\"https:\\\/\\\/www.hingelaegas.ee\\\/product\\\/boho-merekarbilamp-roosikera-15-cm\\\/\",\"name\":\"Boho stiilis merekarpidest lamp \\\"Roosikera\\\", 15 cm - Hingelaegas\",\"isPartOf\":{\"@id\":\"https:\\\/\\\/www.hingelaegas.ee\\\/#website\"},\"primaryImageOfPage\":{\"@id\":\"https:\\\/\\\/www.hingelaegas.ee\\\/product\\\/boho-merekarbilamp-roosikera-15-cm\\\/#primaryimage\"},\"image\":{\"@id\":\"https:\\\/\\\/www.hingelaegas.ee\\\/product\\\/boho-merekarbilamp-roosikera-15-cm\\\/#primaryimage\"},\"thumbnailUrl\":\"https:\\\/\\\/i0.wp.com\\\/hingelaegas.ee\\\/wp-content\\\/uploads\\\/2024\\\/06\\\/Boho-Sea-Shell-Lamp-Rose-Globe-15cm-e1721040032931.jpeg?fit=769%2C769&ssl=1\",\"datePublished\":\"2024-06-26T09:12:54+00:00\",\"dateModified\":\"2025-07-02T17:48:25+00:00\",\"description\":\"Boho stiilis lambid on valminud k\u00e4sit\u00f6\u00f6na ehtsatest merekarpidest troopilisel paradiisisaarel Balil. \\\"Roosikera\\\" puidust alusele paigutatud \u00f5rn roosimuster ja kerakujuline disain annavad sooja ja hubase valguse.\",\"breadcrumb\":{\"@id\":\"https:\\\/\\\/www.hingelaegas.ee\\\/product\\\/boho-merekarbilamp-roosikera-15-cm\\\/#breadcrumb\"},\"inLanguage\":\"en-GB\",\"potentialAction\":[{\"@type\":\"ReadAction\",\"target\":[\"https:\\\/\\\/www.hingelaegas.ee\\\/product\\\/boho-merekarbilamp-roosikera-15-cm\\\/\"]}]},{\"@type\":\"ImageObject\",\"inLanguage\":\"en-GB\",\"@id\":\"https:\\\/\\\/www.hingelaegas.ee\\\/product\\\/boho-merekarbilamp-roosikera-15-cm\\\/#primaryimage\",\"url\":\"https:\\\/\\\/i0.wp.com\\\/hingelaegas.ee\\\/wp-content\\\/uploads\\\/2024\\\/06\\\/Boho-Sea-Shell-Lamp-Rose-Globe-15cm-e1721040032931.jpeg?fit=769%2C769&ssl=1\",\"contentUrl\":\"https:\\\/\\\/i0.wp.com\\\/hingelaegas.ee\\\/wp-content\\\/uploads\\\/2024\\\/06\\\/Boho-Sea-Shell-Lamp-Rose-Globe-15cm-e1721040032931.jpeg?fit=769%2C769&ssl=1\",\"width\":769,\"height\":769},{\"@type\":\"BreadcrumbList\",\"@id\":\"https:\\\/\\\/www.hingelaegas.ee\\\/product\\\/boho-merekarbilamp-roosikera-15-cm\\\/#breadcrumb\",\"itemListElement\":[{\"@type\":\"ListItem\",\"position\":1,\"name\":\"Home\",\"item\":\"https:\\\/\\\/www.hingelaegas.ee\\\/en\\\/\"},{\"@type\":\"ListItem\",\"position\":2,\"name\":\"E-POOD\",\"item\":\"https:\\\/\\\/www.hingelaegas.ee\\\/en\\\/e-pood\\\/\"},{\"@type\":\"ListItem\",\"position\":3,\"name\":\"Boho stiilis merekarpidest lamp &#8220;Roosikera&#8221;, 15 cm\"}]},{\"@type\":\"WebSite\",\"@id\":\"https:\\\/\\\/www.hingelaegas.ee\\\/#website\",\"url\":\"https:\\\/\\\/www.hingelaegas.ee\\\/\",\"name\":\"Hingelaegas\",\"description\":\"Hingele. Kehale. Vaimule.\",\"publisher\":{\"@id\":\"https:\\\/\\\/www.hingelaegas.ee\\\/#organization\"},\"potentialAction\":[{\"@type\":\"SearchAction\",\"target\":{\"@type\":\"EntryPoint\",\"urlTemplate\":\"https:\\\/\\\/www.hingelaegas.ee\\\/?s={search_term_string}\"},\"query-input\":{\"@type\":\"PropertyValueSpecification\",\"valueRequired\":true,\"valueName\":\"search_term_string\"}}],\"inLanguage\":\"en-GB\"},{\"@type\":\"Organization\",\"@id\":\"https:\\\/\\\/www.hingelaegas.ee\\\/#organization\",\"name\":\"Hingelaegas O\u00dc\",\"url\":\"https:\\\/\\\/www.hingelaegas.ee\\\/\",\"logo\":{\"@type\":\"ImageObject\",\"inLanguage\":\"en-GB\",\"@id\":\"https:\\\/\\\/www.hingelaegas.ee\\\/#\\\/schema\\\/logo\\\/image\\\/\",\"url\":\"https:\\\/\\\/hingelaegas.ee\\\/wp-content\\\/uploads\\\/2020\\\/12\\\/hingelaegas_vaike.png\",\"contentUrl\":\"https:\\\/\\\/hingelaegas.ee\\\/wp-content\\\/uploads\\\/2020\\\/12\\\/hingelaegas_vaike.png\",\"width\":700,\"height\":700,\"caption\":\"Hingelaegas O\u00dc\"},\"image\":{\"@id\":\"https:\\\/\\\/www.hingelaegas.ee\\\/#\\\/schema\\\/logo\\\/image\\\/\"}}]}<\/script>\n<!-- \/ Yoast SEO plugin. -->","yoast_head_json":{"title":"Boho stiilis merekarpidest lamp \"Roosikera\", 15 cm - Hingelaegas","description":"Boho stiilis lambid on valminud k\u00e4sit\u00f6\u00f6na ehtsatest merekarpidest troopilisel paradiisisaarel Balil. \"Roosikera\" puidust alusele paigutatud \u00f5rn roosimuster ja kerakujuline disain annavad sooja ja hubase valguse.","robots":{"index":"index","follow":"follow","max-snippet":"max-snippet:-1","max-image-preview":"max-image-preview:large","max-video-preview":"max-video-preview:-1"},"canonical":"https:\/\/www.hingelaegas.ee\/product\/boho-merekarbilamp-roosikera-15-cm\/","og_locale":"en_GB","og_type":"article","og_title":"Boho stiilis merekarpidest lamp \"Roosikera\", 15 cm - Hingelaegas","og_description":"Boho stiilis lambid on valminud k\u00e4sit\u00f6\u00f6na ehtsatest merekarpidest troopilisel paradiisisaarel Balil. \"Roosikera\" puidust alusele paigutatud \u00f5rn roosimuster ja kerakujuline disain annavad sooja ja hubase valguse.","og_url":"https:\/\/www.hingelaegas.ee\/product\/boho-merekarbilamp-roosikera-15-cm\/","og_site_name":"Hingelaegas","article_modified_time":"2025-07-02T17:48:25+00:00","og_image":[{"width":769,"height":769,"url":"https:\/\/i0.wp.com\/www.hingelaegas.ee\/wp-content\/uploads\/2024\/06\/Boho-Sea-Shell-Lamp-Rose-Globe-15cm-e1721040032931.jpeg?fit=769%2C769&ssl=1","type":"image\/jpeg"}],"twitter_card":"summary_large_image","twitter_misc":{"Estimated reading time":"1 minute"},"schema":{"@context":"https:\/\/schema.org","@graph":[{"@type":"WebPage","@id":"https:\/\/www.hingelaegas.ee\/product\/boho-merekarbilamp-roosikera-15-cm\/","url":"https:\/\/www.hingelaegas.ee\/product\/boho-merekarbilamp-roosikera-15-cm\/","name":"Boho stiilis merekarpidest lamp \"Roosikera\", 15 cm - Hingelaegas","isPartOf":{"@id":"https:\/\/www.hingelaegas.ee\/#website"},"primaryImageOfPage":{"@id":"https:\/\/www.hingelaegas.ee\/product\/boho-merekarbilamp-roosikera-15-cm\/#primaryimage"},"image":{"@id":"https:\/\/www.hingelaegas.ee\/product\/boho-merekarbilamp-roosikera-15-cm\/#primaryimage"},"thumbnailUrl":"https:\/\/i0.wp.com\/hingelaegas.ee\/wp-content\/uploads\/2024\/06\/Boho-Sea-Shell-Lamp-Rose-Globe-15cm-e1721040032931.jpeg?fit=769%2C769&ssl=1","datePublished":"2024-06-26T09:12:54+00:00","dateModified":"2025-07-02T17:48:25+00:00","description":"Boho stiilis lambid on valminud k\u00e4sit\u00f6\u00f6na ehtsatest merekarpidest troopilisel paradiisisaarel Balil. \"Roosikera\" puidust alusele paigutatud \u00f5rn roosimuster ja kerakujuline disain annavad sooja ja hubase valguse.","breadcrumb":{"@id":"https:\/\/www.hingelaegas.ee\/product\/boho-merekarbilamp-roosikera-15-cm\/#breadcrumb"},"inLanguage":"en-GB","potentialAction":[{"@type":"ReadAction","target":["https:\/\/www.hingelaegas.ee\/product\/boho-merekarbilamp-roosikera-15-cm\/"]}]},{"@type":"ImageObject","inLanguage":"en-GB","@id":"https:\/\/www.hingelaegas.ee\/product\/boho-merekarbilamp-roosikera-15-cm\/#primaryimage","url":"https:\/\/i0.wp.com\/hingelaegas.ee\/wp-content\/uploads\/2024\/06\/Boho-Sea-Shell-Lamp-Rose-Globe-15cm-e1721040032931.jpeg?fit=769%2C769&ssl=1","contentUrl":"https:\/\/i0.wp.com\/hingelaegas.ee\/wp-content\/uploads\/2024\/06\/Boho-Sea-Shell-Lamp-Rose-Globe-15cm-e1721040032931.jpeg?fit=769%2C769&ssl=1","width":769,"height":769},{"@type":"BreadcrumbList","@id":"https:\/\/www.hingelaegas.ee\/product\/boho-merekarbilamp-roosikera-15-cm\/#breadcrumb","itemListElement":[{"@type":"ListItem","position":1,"name":"Home","item":"https:\/\/www.hingelaegas.ee\/en\/"},{"@type":"ListItem","position":2,"name":"E-POOD","item":"https:\/\/www.hingelaegas.ee\/en\/e-pood\/"},{"@type":"ListItem","position":3,"name":"Boho stiilis merekarpidest lamp &#8220;Roosikera&#8221;, 15 cm"}]},{"@type":"WebSite","@id":"https:\/\/www.hingelaegas.ee\/#website","url":"https:\/\/www.hingelaegas.ee\/","name":"Hingelaegas","description":"For Soul. For Body. For Mind.","publisher":{"@id":"https:\/\/www.hingelaegas.ee\/#organization"},"potentialAction":[{"@type":"SearchAction","target":{"@type":"EntryPoint","urlTemplate":"https:\/\/www.hingelaegas.ee\/?s={search_term_string}"},"query-input":{"@type":"PropertyValueSpecification","valueRequired":true,"valueName":"search_term_string"}}],"inLanguage":"en-GB"},{"@type":"Organization","@id":"https:\/\/www.hingelaegas.ee\/#organization","name":"Hingelaegas O\u00dc","url":"https:\/\/www.hingelaegas.ee\/","logo":{"@type":"ImageObject","inLanguage":"en-GB","@id":"https:\/\/www.hingelaegas.ee\/#\/schema\/logo\/image\/","url":"https:\/\/hingelaegas.ee\/wp-content\/uploads\/2020\/12\/hingelaegas_vaike.png","contentUrl":"https:\/\/hingelaegas.ee\/wp-content\/uploads\/2020\/12\/hingelaegas_vaike.png","width":700,"height":700,"caption":"Hingelaegas O\u00dc"},"image":{"@id":"https:\/\/www.hingelaegas.ee\/#\/schema\/logo\/image\/"}}]}},"acf":[],"jetpack_likes_enabled":false,"jetpack_sharing_enabled":true,"_links":{"self":[{"href":"https:\/\/hingelaegas.ee\/en\/wp-json\/wp\/v2\/product\/5791","targetHints":{"allow":["GET"]}}],"collection":[{"href":"https:\/\/hingelaegas.ee\/en\/wp-json\/wp\/v2\/product"}],"about":[{"href":"https:\/\/hingelaegas.ee\/en\/wp-json\/wp\/v2\/types\/product"}],"replies":[{"embeddable":true,"href":"https:\/\/hingelaegas.ee\/en\/wp-json\/wp\/v2\/comments?post=5791"}],"wp:featuredmedia":[{"embeddable":true,"href":"https:\/\/hingelaegas.ee\/en\/wp-json\/wp\/v2\/media\/5792"}],"wp:attachment":[{"href":"https:\/\/hingelaegas.ee\/en\/wp-json\/wp\/v2\/media?parent=5791"}],"wp:term":[{"taxonomy":"product_brand","embeddable":true,"href":"https:\/\/hingelaegas.ee\/en\/wp-json\/wp\/v2\/product_brand?post=5791"},{"taxonomy":"product_cat","embeddable":true,"href":"https:\/\/hingelaegas.ee\/en\/wp-json\/wp\/v2\/product_cat?post=5791"},{"taxonomy":"product_tag","embeddable":true,"href":"https:\/\/hingelaegas.ee\/en\/wp-json\/wp\/v2\/product_tag?post=5791"}],"curies":[{"name":"wp","href":"https:\/\/api.w.org\/{rel}","templated":true}]}}