{"id":6106,"date":"2024-08-12T19:37:47","date_gmt":"2024-08-12T16:37:47","guid":{"rendered":"https:\/\/hingelaegas.ee\/?post_type=product&#038;p=6106"},"modified":"2025-08-16T14:33:35","modified_gmt":"2025-08-16T11:33:35","slug":"argaaniaoli","status":"publish","type":"product","link":"https:\/\/hingelaegas.ee\/en\/product\/argaaniaoli\/","title":{"rendered":"Argan oil"},"content":{"rendered":"<div id=\"pageBodyContent\">\r\n<div class=\"pagewrapper\">\r\n<div class=\"pagemain\">\r\n<div class=\"pagecontent web-content\">\r\n<div class=\"content-container\">\r\n<section id=\"s3\" class=\"product-content-section c50 closed\">\r\n<div class=\"product-content c50 child-spacing\">\r\n<div class=\"jhH5U\">\r\n<div id=\"tw-ob\" class=\"tw-src-ltr\">\r\n<div class=\"oSioSc\">\r\n<div id=\"tw-target\">\r\n<div id=\"kAz1tf\" class=\"g9WsWb\">\r\n<div id=\"tw-target-text-container\" class=\"tw-ta-container hide-focus-ring tw-nfl\" tabindex=\"0\">\r\n<p class=\"tw-data-text tw-text-large XcVN5d tw-ta\" dir=\"ltr\" data-placeholder=\"T\u00f5lge\"><\/p>\r\n<p id=\"tw-target-text\">Carrier oils are delicate, fragrant-free vegetable oils that can be used independently for skin and hair care or for diluting essential oils, making them safe to apply to the skin (because essential oils are highly concentrated in their pure form).<\/p>\r\n<p class=\"tw-data-text tw-text-large XcVN5d tw-ta\" dir=\"ltr\" data-placeholder=\"T\u00f5lge\">\r\n\r\n<\/p>\r\n<p id=\"tw-target-text\">Essential oils themselves are highly volatile, which means that they begin to dissipate immediately after use. Carrier oils help to slow down this process. They also <strong>aid the absorption of essential oils<\/strong> through the skin.<\/p>\r\n<\/div>\r\n<\/div>\r\n<\/div>\r\n<\/div>\r\n<\/div>\r\n<\/div>\r\n<\/div>\r\n<div class=\"product-content-container c50\">\r\n<div class=\"product-content c50 child-spacing\">\r\n<div class=\"jhH5U\">\r\n<div id=\"tw-ob\" class=\"tw-src-ltr\">\r\n<div class=\"oSioSc\">\r\n<div id=\"tw-target\">\r\n<div id=\"kAz1tf\" class=\"g9WsWb\">\r\n<div id=\"tw-target-text-container\" class=\"tw-ta-container hide-focus-ring tw-nfl\" tabindex=\"0\">\r\n<p dir=\"ltr\" data-placeholder=\"T\u00f5lge\">To make your own <strong>personal roll-on perfume<\/strong>, find out some tips and tricks for this\u00a0<strong><a href=\"https:\/\/hingelaegas.ee\/blogi\/kuidas-valmistada-roll-on-lohnasegu\">HERE<\/a><\/strong>.<\/p>\r\n<\/div>\r\n<\/div>\r\n<\/div>\r\n<\/div>\r\n<\/div>\r\n<\/div>\r\n<\/div>\r\n<p class=\"product-content c50 child-spacing\">You can read more about aromatherapy and essential oils from <a href=\"https:\/\/hingelaegas.ee\/blogi\/aroomiteraapia-ja-eeterlike-olide-kasulikud-omadused-ning-kasutamine\/\"><strong>HERE<\/strong><\/a>. \u00a0<\/p>\r\n<\/div>\r\n<\/section>\r\n<section id=\"s4\" class=\"product-content-section c50 closed\">\r\n<div class=\"product-content-container c50\">\r\n<h2 class=\"product-content c50 child-spacing\"><em>Caution!<\/em><\/h2>\r\n<ul>\r\n<li>Keep out of reach of children.<\/li>\r\n<li>For external use only.<\/li>\r\n<li>Avoid contact with eyes or mucous membranes.<\/li>\r\n<li>In case of pregnancy, breast-feeding, taking medication or any other medical condition, consult your doctor before use.<\/li>\r\n<li>The information on carrier oils on Hingelaegas website comes from public sources. The information given does not constitute health advice and references to the properties and effects of the oils are based on aromatherapy and folk medicine. Therefore, Hingelaegas O\u00dc cannot be held responsible for the accuracy of the information. The use of carrier and essential oils is the responsibility of each person individually.<\/li>\r\n<\/ul>\r\n<\/div>\r\n<\/section>\r\n<\/div>\r\n<\/div>\r\n<\/div>\r\n<\/div>\r\n<\/div>","protected":false},"excerpt":{"rendered":"<div class=\"jhH5U\">\n<div id=\"tw-ob\" class=\"tw-src-ltr\">\n<div class=\"oSioSc\">\n<div id=\"tw-target\">\n<div id=\"kAz1tf\" class=\"g9WsWb\">\n<p tabindex=\"0\"><strong>Argan oil<\/strong> is a highly valued oil, helps maintain the youthful appearance of the skin and fights against the early signs of aging. It is nourishing, invigorating, stimulates and tones cells and strengthens hair. Suitable for very dry and mature skin.<\/p>\n<\/div>\n<\/div>\n<\/div>\n<\/div>\n<\/div>\n<p class=\"_04xlpA direction-ltr align-start para-style-body\"><strong><span class=\"JsGRdQ\">INCI\/Koostis: <\/span><\/strong><span class=\"JsGRdQ\">Argania Spinosa Kernel Oil (argaania\u00f5li)<\/span><\/p>\n<p><strong>Origin: <\/strong>Morocco<\/p>\n<p><strong>Used plant parts: <\/strong>kernels<\/p>\n<p><strong>Production method:<\/strong> mechanically pressed from the seeds and refined<\/p>\n<p><strong>Scent\/aroma: <\/strong>mild, characteristic<\/p>\n<p><strong>Texture:<\/strong> medium<\/p>\n<p><strong>Appearance:<\/strong> clear, yellowish<\/p>\n<p><strong>Packaging:<\/strong> amber glass bottle, black plastic cap<\/p>","protected":false},"featured_media":6169,"comment_status":"open","ping_status":"closed","template":"","meta":{"_monsterinsights_skip_tracking":false,"_monsterinsights_sitenote_active":false,"_monsterinsights_sitenote_note":"","_monsterinsights_sitenote_category":0},"product_brand":[],"product_cat":[129],"product_tag":[318,489,411,581],"class_list":{"0":"post-6106","1":"product","2":"type-product","3":"status-publish","4":"has-post-thumbnail","6":"product_cat-baasolid","7":"product_tag-baasolid","8":"product_tag-kehahooldus","9":"product_tag-kehaoli","10":"product_tag-taimsed-olid","12":"first","13":"instock","14":"taxable","15":"shipping-taxable","16":"purchasable","17":"product-type-variable"},"yoast_head":"<!-- This site is optimized with the Yoast SEO plugin v27.3 - https:\/\/yoast.com\/product\/yoast-seo-wordpress\/ -->\n<title>Argaania\u00f5li - Hingelaegas<\/title>\n<meta name=\"description\" content=\"Argaania\u00f5li on v\u00e4ga hinnatud \u00f5li, aitab s\u00e4ilitada naha nooruslikku v\u00e4limust ja v\u00f5itleb naha varajaste vananemisilmingute vastu. On toitev, kosutav, rakke stimuleeriva ja toniseeriva toimega ning juukseid tugevdav. Sobib v\u00e4ga h\u00e4sti kuivale ja k\u00fcpsele nahale.\" \/>\n<meta name=\"robots\" content=\"index, follow, max-snippet:-1, max-image-preview:large, max-video-preview:-1\" \/>\n<link rel=\"canonical\" href=\"https:\/\/hingelaegas.ee\/en\/product\/argaaniaoli\/\" \/>\n<meta property=\"og:locale\" content=\"en_GB\" \/>\n<meta property=\"og:type\" content=\"article\" \/>\n<meta property=\"og:title\" content=\"Argaania\u00f5li - Hingelaegas\" \/>\n<meta property=\"og:description\" content=\"Argaania\u00f5li on v\u00e4ga hinnatud \u00f5li, aitab s\u00e4ilitada naha nooruslikku v\u00e4limust ja v\u00f5itleb naha varajaste vananemisilmingute vastu. On toitev, kosutav, rakke stimuleeriva ja toniseeriva toimega ning juukseid tugevdav. Sobib v\u00e4ga h\u00e4sti kuivale ja k\u00fcpsele nahale.\" \/>\n<meta property=\"og:url\" content=\"https:\/\/hingelaegas.ee\/en\/product\/argaaniaoli\/\" \/>\n<meta property=\"og:site_name\" content=\"Hingelaegas\" \/>\n<meta property=\"article:modified_time\" content=\"2025-08-16T11:33:35+00:00\" \/>\n<meta property=\"og:image\" content=\"https:\/\/i0.wp.com\/hingelaegas.ee\/wp-content\/uploads\/2024\/08\/argaaniaoli.png?fit=800%2C800&ssl=1\" \/>\n\t<meta property=\"og:image:width\" content=\"800\" \/>\n\t<meta property=\"og:image:height\" content=\"800\" \/>\n\t<meta property=\"og:image:type\" content=\"image\/png\" \/>\n<meta name=\"twitter:card\" content=\"summary_large_image\" \/>\n<meta name=\"twitter:label1\" content=\"Estimated reading time\" \/>\n\t<meta name=\"twitter:data1\" content=\"2 minutes\" \/>\n<script type=\"application\/ld+json\" class=\"yoast-schema-graph\">{\"@context\":\"https:\\\/\\\/schema.org\",\"@graph\":[{\"@type\":\"WebPage\",\"@id\":\"https:\\\/\\\/hingelaegas.ee\\\/en\\\/product\\\/argaaniaoli\\\/\",\"url\":\"https:\\\/\\\/hingelaegas.ee\\\/en\\\/product\\\/argaaniaoli\\\/\",\"name\":\"Argaania\u00f5li - Hingelaegas\",\"isPartOf\":{\"@id\":\"https:\\\/\\\/www.hingelaegas.ee\\\/#website\"},\"primaryImageOfPage\":{\"@id\":\"https:\\\/\\\/hingelaegas.ee\\\/en\\\/product\\\/argaaniaoli\\\/#primaryimage\"},\"image\":{\"@id\":\"https:\\\/\\\/hingelaegas.ee\\\/en\\\/product\\\/argaaniaoli\\\/#primaryimage\"},\"thumbnailUrl\":\"https:\\\/\\\/i0.wp.com\\\/hingelaegas.ee\\\/wp-content\\\/uploads\\\/2024\\\/08\\\/argaaniaoli.png?fit=800%2C800&ssl=1\",\"datePublished\":\"2024-08-12T16:37:47+00:00\",\"dateModified\":\"2025-08-16T11:33:35+00:00\",\"description\":\"Argaania\u00f5li on v\u00e4ga hinnatud \u00f5li, aitab s\u00e4ilitada naha nooruslikku v\u00e4limust ja v\u00f5itleb naha varajaste vananemisilmingute vastu. On toitev, kosutav, rakke stimuleeriva ja toniseeriva toimega ning juukseid tugevdav. Sobib v\u00e4ga h\u00e4sti kuivale ja k\u00fcpsele nahale.\",\"breadcrumb\":{\"@id\":\"https:\\\/\\\/hingelaegas.ee\\\/en\\\/product\\\/argaaniaoli\\\/#breadcrumb\"},\"inLanguage\":\"en-GB\",\"potentialAction\":[{\"@type\":\"ReadAction\",\"target\":[\"https:\\\/\\\/hingelaegas.ee\\\/en\\\/product\\\/argaaniaoli\\\/\"]}]},{\"@type\":\"ImageObject\",\"inLanguage\":\"en-GB\",\"@id\":\"https:\\\/\\\/hingelaegas.ee\\\/en\\\/product\\\/argaaniaoli\\\/#primaryimage\",\"url\":\"https:\\\/\\\/i0.wp.com\\\/hingelaegas.ee\\\/wp-content\\\/uploads\\\/2024\\\/08\\\/argaaniaoli.png?fit=800%2C800&ssl=1\",\"contentUrl\":\"https:\\\/\\\/i0.wp.com\\\/hingelaegas.ee\\\/wp-content\\\/uploads\\\/2024\\\/08\\\/argaaniaoli.png?fit=800%2C800&ssl=1\",\"width\":800,\"height\":800},{\"@type\":\"BreadcrumbList\",\"@id\":\"https:\\\/\\\/hingelaegas.ee\\\/en\\\/product\\\/argaaniaoli\\\/#breadcrumb\",\"itemListElement\":[{\"@type\":\"ListItem\",\"position\":1,\"name\":\"Home\",\"item\":\"https:\\\/\\\/www.hingelaegas.ee\\\/en\\\/\"},{\"@type\":\"ListItem\",\"position\":2,\"name\":\"E-POOD\",\"item\":\"https:\\\/\\\/www.hingelaegas.ee\\\/en\\\/e-pood\\\/\"},{\"@type\":\"ListItem\",\"position\":3,\"name\":\"Argaania\u00f5li\"}]},{\"@type\":\"WebSite\",\"@id\":\"https:\\\/\\\/www.hingelaegas.ee\\\/#website\",\"url\":\"https:\\\/\\\/www.hingelaegas.ee\\\/\",\"name\":\"Hingelaegas\",\"description\":\"Hingele. Kehale. Vaimule.\",\"publisher\":{\"@id\":\"https:\\\/\\\/www.hingelaegas.ee\\\/#organization\"},\"potentialAction\":[{\"@type\":\"SearchAction\",\"target\":{\"@type\":\"EntryPoint\",\"urlTemplate\":\"https:\\\/\\\/www.hingelaegas.ee\\\/?s={search_term_string}\"},\"query-input\":{\"@type\":\"PropertyValueSpecification\",\"valueRequired\":true,\"valueName\":\"search_term_string\"}}],\"inLanguage\":\"en-GB\"},{\"@type\":\"Organization\",\"@id\":\"https:\\\/\\\/www.hingelaegas.ee\\\/#organization\",\"name\":\"Hingelaegas O\u00dc\",\"url\":\"https:\\\/\\\/www.hingelaegas.ee\\\/\",\"logo\":{\"@type\":\"ImageObject\",\"inLanguage\":\"en-GB\",\"@id\":\"https:\\\/\\\/www.hingelaegas.ee\\\/#\\\/schema\\\/logo\\\/image\\\/\",\"url\":\"https:\\\/\\\/hingelaegas.ee\\\/wp-content\\\/uploads\\\/2020\\\/12\\\/hingelaegas_vaike.png\",\"contentUrl\":\"https:\\\/\\\/hingelaegas.ee\\\/wp-content\\\/uploads\\\/2020\\\/12\\\/hingelaegas_vaike.png\",\"width\":700,\"height\":700,\"caption\":\"Hingelaegas O\u00dc\"},\"image\":{\"@id\":\"https:\\\/\\\/www.hingelaegas.ee\\\/#\\\/schema\\\/logo\\\/image\\\/\"}}]}<\/script>\n<!-- \/ Yoast SEO plugin. -->","yoast_head_json":{"title":"Argaania\u00f5li - Hingelaegas","description":"Argaania\u00f5li on v\u00e4ga hinnatud \u00f5li, aitab s\u00e4ilitada naha nooruslikku v\u00e4limust ja v\u00f5itleb naha varajaste vananemisilmingute vastu. On toitev, kosutav, rakke stimuleeriva ja toniseeriva toimega ning juukseid tugevdav. Sobib v\u00e4ga h\u00e4sti kuivale ja k\u00fcpsele nahale.","robots":{"index":"index","follow":"follow","max-snippet":"max-snippet:-1","max-image-preview":"max-image-preview:large","max-video-preview":"max-video-preview:-1"},"canonical":"https:\/\/hingelaegas.ee\/en\/product\/argaaniaoli\/","og_locale":"en_GB","og_type":"article","og_title":"Argaania\u00f5li - Hingelaegas","og_description":"Argaania\u00f5li on v\u00e4ga hinnatud \u00f5li, aitab s\u00e4ilitada naha nooruslikku v\u00e4limust ja v\u00f5itleb naha varajaste vananemisilmingute vastu. On toitev, kosutav, rakke stimuleeriva ja toniseeriva toimega ning juukseid tugevdav. Sobib v\u00e4ga h\u00e4sti kuivale ja k\u00fcpsele nahale.","og_url":"https:\/\/hingelaegas.ee\/en\/product\/argaaniaoli\/","og_site_name":"Hingelaegas","article_modified_time":"2025-08-16T11:33:35+00:00","og_image":[{"width":800,"height":800,"url":"https:\/\/i0.wp.com\/hingelaegas.ee\/wp-content\/uploads\/2024\/08\/argaaniaoli.png?fit=800%2C800&ssl=1","type":"image\/png"}],"twitter_card":"summary_large_image","twitter_misc":{"Estimated reading time":"2 minutes"},"schema":{"@context":"https:\/\/schema.org","@graph":[{"@type":"WebPage","@id":"https:\/\/hingelaegas.ee\/en\/product\/argaaniaoli\/","url":"https:\/\/hingelaegas.ee\/en\/product\/argaaniaoli\/","name":"Argaania\u00f5li - Hingelaegas","isPartOf":{"@id":"https:\/\/www.hingelaegas.ee\/#website"},"primaryImageOfPage":{"@id":"https:\/\/hingelaegas.ee\/en\/product\/argaaniaoli\/#primaryimage"},"image":{"@id":"https:\/\/hingelaegas.ee\/en\/product\/argaaniaoli\/#primaryimage"},"thumbnailUrl":"https:\/\/i0.wp.com\/hingelaegas.ee\/wp-content\/uploads\/2024\/08\/argaaniaoli.png?fit=800%2C800&ssl=1","datePublished":"2024-08-12T16:37:47+00:00","dateModified":"2025-08-16T11:33:35+00:00","description":"Argaania\u00f5li on v\u00e4ga hinnatud \u00f5li, aitab s\u00e4ilitada naha nooruslikku v\u00e4limust ja v\u00f5itleb naha varajaste vananemisilmingute vastu. On toitev, kosutav, rakke stimuleeriva ja toniseeriva toimega ning juukseid tugevdav. Sobib v\u00e4ga h\u00e4sti kuivale ja k\u00fcpsele nahale.","breadcrumb":{"@id":"https:\/\/hingelaegas.ee\/en\/product\/argaaniaoli\/#breadcrumb"},"inLanguage":"en-GB","potentialAction":[{"@type":"ReadAction","target":["https:\/\/hingelaegas.ee\/en\/product\/argaaniaoli\/"]}]},{"@type":"ImageObject","inLanguage":"en-GB","@id":"https:\/\/hingelaegas.ee\/en\/product\/argaaniaoli\/#primaryimage","url":"https:\/\/i0.wp.com\/hingelaegas.ee\/wp-content\/uploads\/2024\/08\/argaaniaoli.png?fit=800%2C800&ssl=1","contentUrl":"https:\/\/i0.wp.com\/hingelaegas.ee\/wp-content\/uploads\/2024\/08\/argaaniaoli.png?fit=800%2C800&ssl=1","width":800,"height":800},{"@type":"BreadcrumbList","@id":"https:\/\/hingelaegas.ee\/en\/product\/argaaniaoli\/#breadcrumb","itemListElement":[{"@type":"ListItem","position":1,"name":"Home","item":"https:\/\/www.hingelaegas.ee\/en\/"},{"@type":"ListItem","position":2,"name":"E-POOD","item":"https:\/\/www.hingelaegas.ee\/en\/e-pood\/"},{"@type":"ListItem","position":3,"name":"Argaania\u00f5li"}]},{"@type":"WebSite","@id":"https:\/\/www.hingelaegas.ee\/#website","url":"https:\/\/www.hingelaegas.ee\/","name":"Hingelaegas","description":"For Soul. For Body. For Mind.","publisher":{"@id":"https:\/\/www.hingelaegas.ee\/#organization"},"potentialAction":[{"@type":"SearchAction","target":{"@type":"EntryPoint","urlTemplate":"https:\/\/www.hingelaegas.ee\/?s={search_term_string}"},"query-input":{"@type":"PropertyValueSpecification","valueRequired":true,"valueName":"search_term_string"}}],"inLanguage":"en-GB"},{"@type":"Organization","@id":"https:\/\/www.hingelaegas.ee\/#organization","name":"Hingelaegas O\u00dc","url":"https:\/\/www.hingelaegas.ee\/","logo":{"@type":"ImageObject","inLanguage":"en-GB","@id":"https:\/\/www.hingelaegas.ee\/#\/schema\/logo\/image\/","url":"https:\/\/hingelaegas.ee\/wp-content\/uploads\/2020\/12\/hingelaegas_vaike.png","contentUrl":"https:\/\/hingelaegas.ee\/wp-content\/uploads\/2020\/12\/hingelaegas_vaike.png","width":700,"height":700,"caption":"Hingelaegas O\u00dc"},"image":{"@id":"https:\/\/www.hingelaegas.ee\/#\/schema\/logo\/image\/"}}]}},"acf":[],"jetpack_likes_enabled":false,"jetpack_sharing_enabled":true,"_links":{"self":[{"href":"https:\/\/hingelaegas.ee\/en\/wp-json\/wp\/v2\/product\/6106","targetHints":{"allow":["GET"]}}],"collection":[{"href":"https:\/\/hingelaegas.ee\/en\/wp-json\/wp\/v2\/product"}],"about":[{"href":"https:\/\/hingelaegas.ee\/en\/wp-json\/wp\/v2\/types\/product"}],"replies":[{"embeddable":true,"href":"https:\/\/hingelaegas.ee\/en\/wp-json\/wp\/v2\/comments?post=6106"}],"wp:featuredmedia":[{"embeddable":true,"href":"https:\/\/hingelaegas.ee\/en\/wp-json\/wp\/v2\/media\/6169"}],"wp:attachment":[{"href":"https:\/\/hingelaegas.ee\/en\/wp-json\/wp\/v2\/media?parent=6106"}],"wp:term":[{"taxonomy":"product_brand","embeddable":true,"href":"https:\/\/hingelaegas.ee\/en\/wp-json\/wp\/v2\/product_brand?post=6106"},{"taxonomy":"product_cat","embeddable":true,"href":"https:\/\/hingelaegas.ee\/en\/wp-json\/wp\/v2\/product_cat?post=6106"},{"taxonomy":"product_tag","embeddable":true,"href":"https:\/\/hingelaegas.ee\/en\/wp-json\/wp\/v2\/product_tag?post=6106"}],"curies":[{"name":"wp","href":"https:\/\/api.w.org\/{rel}","templated":true}]}}