{"id":7015,"date":"2024-12-19T08:20:33","date_gmt":"2024-12-19T06:20:33","guid":{"rendered":"https:\/\/hingelaegas.ee\/?post_type=product&#038;p=7015"},"modified":"2025-07-02T18:45:01","modified_gmt":"2025-07-02T16:45:01","slug":"palo-santo-eeterlik-oli","status":"publish","type":"product","link":"https:\/\/hingelaegas.ee\/en\/product\/palo-santo-eeterlik-oli\/","title":{"rendered":"Palo Santo essential oil"},"content":{"rendered":"<h1>Palo Santo<\/h1>\n<h2><strong>Origin and background<\/strong><\/h2>\n<p>Palo Santo means \"sacred tree\" (\"holy wood\") when translated from Spanish. The use of this tree comes from the indigenous culture of Central and South America, as does the use of white sage. For centuries, Palo Santo has been used to cleanse the aura and get rid of negative influences.<\/p>\n<p>Over time, Palo Santo has also become very popular in Europe, where it is mainly used for energetic cleansing of your house, belongings and crystals, and yourself, or sometimes just because of its delicately sweet vanilla scent and pleasant warm woody aroma.<\/p>\n<p>Compared to sage, which is also used to cleanse homes and has a very intense aroma, Palo Santo gives a very soft and mild scent. Did you know that Palo Santo is often used in Finnish saunas and in various home fragrances and massage oils due to its earthy and natural aroma?<\/p>\n<p>Palo Santo (<em>Bursera graveolens<\/em>) is a wild tree in Central and South America. It is found from the Yucatan Peninsula to Peru and Venezuela.<\/p>\n<p>The tree belongs to the same plant family - myrtle trees or <em>Burseraceae<\/em> - as frankincense and myrrh. It has been widely used in shamanic cleansing rituals and healing ceremonies since ancient times, and in folk medicine as a sweat inducing medicine for abdominal pain and as a salve for rheumatism.<\/p>\n<p>Palo Santo is an extremely rare tree, so the living trees are not cut down anymore. In the meantime, the tree was even under protection, as it was felled en masse by forests for sale, leading to the extinction of this tree species. However, efforts are now being made to preserve this rare species of tree, and only the naturally fallen branches of the tree are harvested for use.<\/p>\n<p>To obtain the essential oil, it is extracted from the wood of Palo Santo or the fruit of the tree. Essential oil is also used to make <a href=\"https:\/\/hingelaegas.ee\/?s=palo+santo+viiruk&amp;post_type=product\"><strong>Palo Santo incense<\/strong><\/a> . The oil can be used for aromatherapy by adding it to an oil burner or aroma diffuser, or it can be used as a healing salve by applying it topically to the skin, diluting it with a carrier oil or adding it to a neutral skin care product.<\/p>\n<h2><strong>Properties<\/strong><\/h2>\n<h3>Aromatic properties<\/h3>\n<p>Palo Santo eeterlik \u00f5li m\u00f5jub emotsionaalselt \u00fclendavalt ja tasakaalustavalt. Seda kasutatakse sageli rituaalide jaoks, samuti on see v\u00e4\u00e4rtuslik vahend mediteerimiseks, loovuse suurendamiseks ja keskendumisv\u00f5ime suurendamiseks.<\/p>\n<p>See \u00f5li loob rahuliku ja maandatud tunde, soodustab emotsionaalset stabiilsust ning v\u00f5ib aidata \u00fchenduse saamisel vaimse maailmaga.<\/p>\n<p>Energeetiliselt toetab ja tasakaalustab juurt\u0161akrat ning kolmanda silma t\u0161akrat.<\/p>\n<h3>Healing properties<\/h3>\n<p>Palo Santo eeterlikul \u00f5lil arvatakse olevat kompleksne terapeutiline toime, n\u00e4iteks \u00e4revuse ja p\u00f5letikuvastane ning isegi v\u00e4hivastane toime.<\/p>\n<p>See on suurep\u00e4rane eeterlik \u00f5li, mida kasutada sissehingamisel hingamisteede toetamiseks, eriti kerge k\u00f6ha, ninakinnisuse v\u00f5i astma korral.<\/p>\n<p>Lisaks soovitatakse seda \u00f5li kasutada baas\u00f5liga lahjendatult nahahoolduseks tema toitvate omaduste t\u00f5ttu ning samuti soovimatute lihasspasmide leevendamiseks.<\/p>\n<p>Palo Santo eeterlik \u00f5li sisaldab j\u00e4rgmisi \u00fchendeid:<\/p>\n<ul>\n<li><strong>limoneen<\/strong>: Bursera graveolensi eeterlikus \u00f5lis leiduv ts\u00fckliline terpeen, millel on v\u00e4idetavalt p\u00f5letikuvastased ja antioks\u00fcdantsed omadused.<\/li>\n<li><strong>\u03b1-pineen ja \u03b2-pineen<\/strong>: need on monoterpeenid, millel arvatakse olevat antiseptilised ja p\u00f5letikuvastased omadused.<\/li>\n<li><strong>karvakrool<\/strong>: Bursera graveolensi eeterlikus \u00f5lis leiduv fenoolne \u00fchend, millel on teadaolevalt antibakteriaalsed, antiseptilised ja seenevastased omadused.<\/li>\n<li><strong>pulegoon<\/strong>: Bursera graveolensi eeterlikus \u00f5lis leiduv monoterpeenketoon, millel on v\u00e4idetavalt valuvaigistav ja p\u00f5letikuvastane toime.<\/li>\n<li><strong>mentool<\/strong>: Bursera graveolensi eeterlikus \u00f5lis sisalduv orgaaniline \u00fchend, millel on leitud olevat nahka jahutav ja rahustav toime.<\/li>\n<\/ul>\n<h2><strong>Recommended uses<\/strong><\/h2>\n<p><span style=\"text-decoration: underline;\">Topical<\/span><\/p>\n<div id=\"pageBodyContent\">\n<div class=\"pagewrapper\">\n<div class=\"pagemain\">\n<div class=\"pagecontent web-content\">\n<div class=\"content-container\">\n<section id=\"s3\" class=\"product-content-section c50 closed\">\n<div class=\"product-content-container c50\">\n<div class=\"product-content c50 child-spacing\">\n<div class=\"list-block c83\">\n<ul class=\"c83\">\n<li class=\"c83\">It is recommended to use essential oils and their blend in a diluted form. Especially for sensitive and gentle skin. This means adding a small amount of water or carrier oil before applying it to the skin. The blend can be placed, for example, in a roll-on bottle that is convenient to carry along and can be used at any convenient time.<\/li>\n<li class=\"c83\">Can also be added to a neutral unscented cream, lotion, or liquid soap to achieve radiant and healthy skin.<\/li>\n<\/ul>\n<\/div>\n<div class=\"list-block c83\">\n<div class=\"heading c83\"><u>Aromatic<\/u><\/div>\n<\/div>\n<div class=\"list-block c83\">\n<ul class=\"c83\">\n<li class=\"c83\">Can be used in an aroma diffuser both at home or in the office to create a pleasant and cozy atmosphere that relaxes the senses and creates a pleasant aroma around you.<\/li>\n<li>It can also be added to an oil burner. Don't forget to add water to the oil burner and then drip in the essential oil! Pure essential oil is too strong and has a faint odor.<\/li>\n<li>Can be added to hot bath water and enjoy an aromatic mini-vacation in the middle of everyday life or at the end of a busy week.<\/li>\n<li class=\"c83\">Combine it with other compatible oils (see recommendations below) in a diffuser or bath water.<\/li>\n<li>Can be diluted in the spray bottle with water and spray it at home, in the office, or just to refresh your bed linen.<\/li>\n<\/ul>\n<\/div>\n<\/div>\n<\/div>\n<\/section>\n<\/div>\n<\/div>\n<\/div>\n<\/div>\n<\/div>\n<h2><strong>Compatibility with other essential oils<\/strong><\/h2>\n<p>Viirukipuu, m\u00fcrr, sandlipuu, seedripuu, muskaatsalvei, vetiver, pat\u0161uli, magus apelsin, k\u00fcpress, m\u00e4nd, bergamott, teepuu, lavendel.<\/p>\n<p>&nbsp;<\/p>\n<p>You can read more about aromatherapy and essential oils from <a href=\"https:\/\/hingelaegas.ee\/blogi\/aroomiteraapia-ja-eeterlike-olide-kasulikud-omadused-ning-kasutamine\/\"><strong>here<\/strong><\/a>.<\/p>\n<p>&nbsp;<\/p>\n<h2><em>Caution!<\/em><\/h2>\n<ul>\n<li>Keep out of reach of children.<\/li>\n<li>For external use only.<\/li>\n<li>Avoid contact with eyes or mucous membranes.<\/li>\n<li>In case of pregnancy, breast-feeding, taking medication or any other medical condition, consult your doctor before use.<\/li>\n<li>The information on essential oils on Hingelaegas website comes from public sources. The information given does not constitute health advice and references to the properties and effects of the oils are based on aromatherapy and folk medicine. Therefore, Hingelaegas O\u00dc cannot be held responsible for the accuracy of the information. The use of essential oils is the responsibility of each person individually.<\/li>\n<\/ul>","protected":false},"excerpt":{"rendered":"<p><strong>Ingredients<\/strong><\/p>\n<p>Puhas palo santo (<em>Bursera graveolens<\/em>) essential oil<\/p>\n<p><strong>Used plant parts<\/strong><\/p>\n<p>Wood<\/p>\n<p><strong>Extraction method<\/strong><\/p>\n<p>Steam distillation<\/p>\n<p><strong>Country of origin<\/strong><\/p>\n<p>Peruu<\/p>\n<p><strong>Aroma<\/strong><\/p>\n<p>Puidune, magus, s\u00fcgav, kergelt puuviljane<\/p>\n<p><strong>Volume<\/strong><\/p>\n<p>5 ml<\/p>","protected":false},"featured_media":7018,"comment_status":"open","ping_status":"closed","template":"","meta":{"_monsterinsights_skip_tracking":false,"_monsterinsights_sitenote_active":false,"_monsterinsights_sitenote_note":"","_monsterinsights_sitenote_category":0},"product_brand":[],"product_cat":[102],"product_tag":[138,267,475],"class_list":{"0":"post-7015","1":"product","2":"type-product","3":"status-publish","4":"has-post-thumbnail","6":"product_cat-eeterlikud-olid","7":"product_tag-aroomiteraapia","8":"product_tag-eeterlikud-olid","9":"product_tag-puidused-maalahedased-olid","11":"first","12":"instock","13":"taxable","14":"shipping-taxable","15":"purchasable","16":"product-type-simple"},"yoast_head":"<!-- This site is optimized with the Yoast SEO plugin v27.4 - https:\/\/yoast.com\/product\/yoast-seo-wordpress\/ -->\n<title>Palo Santo eeterlik \u00f5li - Hingelaegas<\/title>\n<meta name=\"description\" content=\"Palo Santo eeterlik \u00f5li m\u00f5jub emotsionaalselt \u00fclendavalt ja tasakaalustavalt. Seda kasutatakse sageli rituaalide jaoks, samuti on see v\u00e4\u00e4rtuslik vahend mediteerimiseks, loovuse suurendamiseks ja keskendumisv\u00f5ime suurendamiseks.\" \/>\n<meta name=\"robots\" content=\"index, follow, max-snippet:-1, max-image-preview:large, max-video-preview:-1\" \/>\n<link rel=\"canonical\" href=\"https:\/\/hingelaegas.ee\/en\/product\/palo-santo-eeterlik-oli\/\" \/>\n<meta property=\"og:locale\" content=\"en_GB\" \/>\n<meta property=\"og:type\" content=\"article\" \/>\n<meta property=\"og:title\" content=\"Palo Santo eeterlik \u00f5li - Hingelaegas\" \/>\n<meta property=\"og:description\" content=\"Palo Santo eeterlik \u00f5li m\u00f5jub emotsionaalselt \u00fclendavalt ja tasakaalustavalt. Seda kasutatakse sageli rituaalide jaoks, samuti on see v\u00e4\u00e4rtuslik vahend mediteerimiseks, loovuse suurendamiseks ja keskendumisv\u00f5ime suurendamiseks.\" \/>\n<meta property=\"og:url\" content=\"https:\/\/hingelaegas.ee\/en\/product\/palo-santo-eeterlik-oli\/\" \/>\n<meta property=\"og:site_name\" content=\"Hingelaegas\" \/>\n<meta property=\"article:modified_time\" content=\"2025-07-02T16:45:01+00:00\" \/>\n<meta property=\"og:image\" content=\"https:\/\/i0.wp.com\/hingelaegas.ee\/wp-content\/uploads\/2024\/12\/palo-santo-EO.png?fit=800%2C800&ssl=1\" \/>\n\t<meta property=\"og:image:width\" content=\"800\" \/>\n\t<meta property=\"og:image:height\" content=\"800\" \/>\n\t<meta property=\"og:image:type\" content=\"image\/png\" \/>\n<meta name=\"twitter:card\" content=\"summary_large_image\" \/>\n<meta name=\"twitter:label1\" content=\"Estimated reading time\" \/>\n\t<meta name=\"twitter:data1\" content=\"5 minutes\" \/>\n<script type=\"application\/ld+json\" class=\"yoast-schema-graph\">{\"@context\":\"https:\\\/\\\/schema.org\",\"@graph\":[{\"@type\":\"WebPage\",\"@id\":\"https:\\\/\\\/hingelaegas.ee\\\/en\\\/product\\\/palo-santo-eeterlik-oli\\\/\",\"url\":\"https:\\\/\\\/hingelaegas.ee\\\/en\\\/product\\\/palo-santo-eeterlik-oli\\\/\",\"name\":\"Palo Santo eeterlik \u00f5li - Hingelaegas\",\"isPartOf\":{\"@id\":\"https:\\\/\\\/www.hingelaegas.ee\\\/#website\"},\"primaryImageOfPage\":{\"@id\":\"https:\\\/\\\/hingelaegas.ee\\\/en\\\/product\\\/palo-santo-eeterlik-oli\\\/#primaryimage\"},\"image\":{\"@id\":\"https:\\\/\\\/hingelaegas.ee\\\/en\\\/product\\\/palo-santo-eeterlik-oli\\\/#primaryimage\"},\"thumbnailUrl\":\"https:\\\/\\\/i0.wp.com\\\/hingelaegas.ee\\\/wp-content\\\/uploads\\\/2024\\\/12\\\/palo-santo-EO.png?fit=800%2C800&ssl=1\",\"datePublished\":\"2024-12-19T06:20:33+00:00\",\"dateModified\":\"2025-07-02T16:45:01+00:00\",\"description\":\"Palo Santo eeterlik \u00f5li m\u00f5jub emotsionaalselt \u00fclendavalt ja tasakaalustavalt. Seda kasutatakse sageli rituaalide jaoks, samuti on see v\u00e4\u00e4rtuslik vahend mediteerimiseks, loovuse suurendamiseks ja keskendumisv\u00f5ime suurendamiseks.\",\"breadcrumb\":{\"@id\":\"https:\\\/\\\/hingelaegas.ee\\\/en\\\/product\\\/palo-santo-eeterlik-oli\\\/#breadcrumb\"},\"inLanguage\":\"en-GB\",\"potentialAction\":[{\"@type\":\"ReadAction\",\"target\":[\"https:\\\/\\\/hingelaegas.ee\\\/en\\\/product\\\/palo-santo-eeterlik-oli\\\/\"]}]},{\"@type\":\"ImageObject\",\"inLanguage\":\"en-GB\",\"@id\":\"https:\\\/\\\/hingelaegas.ee\\\/en\\\/product\\\/palo-santo-eeterlik-oli\\\/#primaryimage\",\"url\":\"https:\\\/\\\/i0.wp.com\\\/hingelaegas.ee\\\/wp-content\\\/uploads\\\/2024\\\/12\\\/palo-santo-EO.png?fit=800%2C800&ssl=1\",\"contentUrl\":\"https:\\\/\\\/i0.wp.com\\\/hingelaegas.ee\\\/wp-content\\\/uploads\\\/2024\\\/12\\\/palo-santo-EO.png?fit=800%2C800&ssl=1\",\"width\":800,\"height\":800},{\"@type\":\"BreadcrumbList\",\"@id\":\"https:\\\/\\\/hingelaegas.ee\\\/en\\\/product\\\/palo-santo-eeterlik-oli\\\/#breadcrumb\",\"itemListElement\":[{\"@type\":\"ListItem\",\"position\":1,\"name\":\"Home\",\"item\":\"https:\\\/\\\/www.hingelaegas.ee\\\/\"},{\"@type\":\"ListItem\",\"position\":2,\"name\":\"E-POOD\",\"item\":\"https:\\\/\\\/www.hingelaegas.ee\\\/e-pood\\\/\"},{\"@type\":\"ListItem\",\"position\":3,\"name\":\"Palo Santo eeterlik \u00f5li\"}]},{\"@type\":\"WebSite\",\"@id\":\"https:\\\/\\\/www.hingelaegas.ee\\\/#website\",\"url\":\"https:\\\/\\\/www.hingelaegas.ee\\\/\",\"name\":\"Hingelaegas\",\"description\":\"Hingele. Kehale. Vaimule.\",\"publisher\":{\"@id\":\"https:\\\/\\\/www.hingelaegas.ee\\\/#organization\"},\"potentialAction\":[{\"@type\":\"SearchAction\",\"target\":{\"@type\":\"EntryPoint\",\"urlTemplate\":\"https:\\\/\\\/www.hingelaegas.ee\\\/?s={search_term_string}\"},\"query-input\":{\"@type\":\"PropertyValueSpecification\",\"valueRequired\":true,\"valueName\":\"search_term_string\"}}],\"inLanguage\":\"en-GB\"},{\"@type\":\"Organization\",\"@id\":\"https:\\\/\\\/www.hingelaegas.ee\\\/#organization\",\"name\":\"Hingelaegas O\u00dc\",\"url\":\"https:\\\/\\\/www.hingelaegas.ee\\\/\",\"logo\":{\"@type\":\"ImageObject\",\"inLanguage\":\"en-GB\",\"@id\":\"https:\\\/\\\/www.hingelaegas.ee\\\/#\\\/schema\\\/logo\\\/image\\\/\",\"url\":\"https:\\\/\\\/hingelaegas.ee\\\/wp-content\\\/uploads\\\/2020\\\/12\\\/hingelaegas_vaike.png\",\"contentUrl\":\"https:\\\/\\\/hingelaegas.ee\\\/wp-content\\\/uploads\\\/2020\\\/12\\\/hingelaegas_vaike.png\",\"width\":700,\"height\":700,\"caption\":\"Hingelaegas O\u00dc\"},\"image\":{\"@id\":\"https:\\\/\\\/www.hingelaegas.ee\\\/#\\\/schema\\\/logo\\\/image\\\/\"}}]}<\/script>\n<!-- \/ Yoast SEO plugin. -->","yoast_head_json":{"title":"Palo Santo eeterlik \u00f5li - Hingelaegas","description":"Palo Santo eeterlik \u00f5li m\u00f5jub emotsionaalselt \u00fclendavalt ja tasakaalustavalt. Seda kasutatakse sageli rituaalide jaoks, samuti on see v\u00e4\u00e4rtuslik vahend mediteerimiseks, loovuse suurendamiseks ja keskendumisv\u00f5ime suurendamiseks.","robots":{"index":"index","follow":"follow","max-snippet":"max-snippet:-1","max-image-preview":"max-image-preview:large","max-video-preview":"max-video-preview:-1"},"canonical":"https:\/\/hingelaegas.ee\/en\/product\/palo-santo-eeterlik-oli\/","og_locale":"en_GB","og_type":"article","og_title":"Palo Santo eeterlik \u00f5li - Hingelaegas","og_description":"Palo Santo eeterlik \u00f5li m\u00f5jub emotsionaalselt \u00fclendavalt ja tasakaalustavalt. Seda kasutatakse sageli rituaalide jaoks, samuti on see v\u00e4\u00e4rtuslik vahend mediteerimiseks, loovuse suurendamiseks ja keskendumisv\u00f5ime suurendamiseks.","og_url":"https:\/\/hingelaegas.ee\/en\/product\/palo-santo-eeterlik-oli\/","og_site_name":"Hingelaegas","article_modified_time":"2025-07-02T16:45:01+00:00","og_image":[{"width":800,"height":800,"url":"https:\/\/i0.wp.com\/hingelaegas.ee\/wp-content\/uploads\/2024\/12\/palo-santo-EO.png?fit=800%2C800&ssl=1","type":"image\/png"}],"twitter_card":"summary_large_image","twitter_misc":{"Estimated reading time":"5 minutes"},"schema":{"@context":"https:\/\/schema.org","@graph":[{"@type":"WebPage","@id":"https:\/\/hingelaegas.ee\/en\/product\/palo-santo-eeterlik-oli\/","url":"https:\/\/hingelaegas.ee\/en\/product\/palo-santo-eeterlik-oli\/","name":"Palo Santo eeterlik \u00f5li - Hingelaegas","isPartOf":{"@id":"https:\/\/www.hingelaegas.ee\/#website"},"primaryImageOfPage":{"@id":"https:\/\/hingelaegas.ee\/en\/product\/palo-santo-eeterlik-oli\/#primaryimage"},"image":{"@id":"https:\/\/hingelaegas.ee\/en\/product\/palo-santo-eeterlik-oli\/#primaryimage"},"thumbnailUrl":"https:\/\/i0.wp.com\/hingelaegas.ee\/wp-content\/uploads\/2024\/12\/palo-santo-EO.png?fit=800%2C800&ssl=1","datePublished":"2024-12-19T06:20:33+00:00","dateModified":"2025-07-02T16:45:01+00:00","description":"Palo Santo eeterlik \u00f5li m\u00f5jub emotsionaalselt \u00fclendavalt ja tasakaalustavalt. Seda kasutatakse sageli rituaalide jaoks, samuti on see v\u00e4\u00e4rtuslik vahend mediteerimiseks, loovuse suurendamiseks ja keskendumisv\u00f5ime suurendamiseks.","breadcrumb":{"@id":"https:\/\/hingelaegas.ee\/en\/product\/palo-santo-eeterlik-oli\/#breadcrumb"},"inLanguage":"en-GB","potentialAction":[{"@type":"ReadAction","target":["https:\/\/hingelaegas.ee\/en\/product\/palo-santo-eeterlik-oli\/"]}]},{"@type":"ImageObject","inLanguage":"en-GB","@id":"https:\/\/hingelaegas.ee\/en\/product\/palo-santo-eeterlik-oli\/#primaryimage","url":"https:\/\/i0.wp.com\/hingelaegas.ee\/wp-content\/uploads\/2024\/12\/palo-santo-EO.png?fit=800%2C800&ssl=1","contentUrl":"https:\/\/i0.wp.com\/hingelaegas.ee\/wp-content\/uploads\/2024\/12\/palo-santo-EO.png?fit=800%2C800&ssl=1","width":800,"height":800},{"@type":"BreadcrumbList","@id":"https:\/\/hingelaegas.ee\/en\/product\/palo-santo-eeterlik-oli\/#breadcrumb","itemListElement":[{"@type":"ListItem","position":1,"name":"Home","item":"https:\/\/www.hingelaegas.ee\/"},{"@type":"ListItem","position":2,"name":"E-POOD","item":"https:\/\/www.hingelaegas.ee\/e-pood\/"},{"@type":"ListItem","position":3,"name":"Palo Santo eeterlik \u00f5li"}]},{"@type":"WebSite","@id":"https:\/\/www.hingelaegas.ee\/#website","url":"https:\/\/www.hingelaegas.ee\/","name":"Hingelaegas","description":"For Soul. For Body. For Mind.","publisher":{"@id":"https:\/\/www.hingelaegas.ee\/#organization"},"potentialAction":[{"@type":"SearchAction","target":{"@type":"EntryPoint","urlTemplate":"https:\/\/www.hingelaegas.ee\/?s={search_term_string}"},"query-input":{"@type":"PropertyValueSpecification","valueRequired":true,"valueName":"search_term_string"}}],"inLanguage":"en-GB"},{"@type":"Organization","@id":"https:\/\/www.hingelaegas.ee\/#organization","name":"Hingelaegas O\u00dc","url":"https:\/\/www.hingelaegas.ee\/","logo":{"@type":"ImageObject","inLanguage":"en-GB","@id":"https:\/\/www.hingelaegas.ee\/#\/schema\/logo\/image\/","url":"https:\/\/hingelaegas.ee\/wp-content\/uploads\/2020\/12\/hingelaegas_vaike.png","contentUrl":"https:\/\/hingelaegas.ee\/wp-content\/uploads\/2020\/12\/hingelaegas_vaike.png","width":700,"height":700,"caption":"Hingelaegas O\u00dc"},"image":{"@id":"https:\/\/www.hingelaegas.ee\/#\/schema\/logo\/image\/"}}]}},"acf":[],"jetpack_likes_enabled":false,"jetpack_sharing_enabled":true,"_links":{"self":[{"href":"https:\/\/hingelaegas.ee\/en\/wp-json\/wp\/v2\/product\/7015","targetHints":{"allow":["GET"]}}],"collection":[{"href":"https:\/\/hingelaegas.ee\/en\/wp-json\/wp\/v2\/product"}],"about":[{"href":"https:\/\/hingelaegas.ee\/en\/wp-json\/wp\/v2\/types\/product"}],"replies":[{"embeddable":true,"href":"https:\/\/hingelaegas.ee\/en\/wp-json\/wp\/v2\/comments?post=7015"}],"wp:featuredmedia":[{"embeddable":true,"href":"https:\/\/hingelaegas.ee\/en\/wp-json\/wp\/v2\/media\/7018"}],"wp:attachment":[{"href":"https:\/\/hingelaegas.ee\/en\/wp-json\/wp\/v2\/media?parent=7015"}],"wp:term":[{"taxonomy":"product_brand","embeddable":true,"href":"https:\/\/hingelaegas.ee\/en\/wp-json\/wp\/v2\/product_brand?post=7015"},{"taxonomy":"product_cat","embeddable":true,"href":"https:\/\/hingelaegas.ee\/en\/wp-json\/wp\/v2\/product_cat?post=7015"},{"taxonomy":"product_tag","embeddable":true,"href":"https:\/\/hingelaegas.ee\/en\/wp-json\/wp\/v2\/product_tag?post=7015"}],"curies":[{"name":"wp","href":"https:\/\/api.w.org\/{rel}","templated":true}]}}