{"id":7462,"date":"2025-07-08T15:00:14","date_gmt":"2025-07-08T13:00:14","guid":{"rendered":"https:\/\/hingelaegas.ee\/?post_type=product&#038;p=7462"},"modified":"2025-11-05T15:12:50","modified_gmt":"2025-11-05T13:12:50","slug":"reekviemi-tarokaardid","status":"publish","type":"product","link":"https:\/\/hingelaegas.ee\/en\/product\/reekviemi-tarokaardid\/","title":{"rendered":"Requiem tarot cards, gothic style"},"content":{"rendered":"","protected":false},"excerpt":{"rendered":"<div id=\"tw-container\" class=\"\" data-cp=\"1\" data-is-ver=\"false\" data-nnttsvi=\"1\" data-sm=\"1\" data-sugg-time=\"500\" data-sugg-url=\"https:\/\/clients1.google.com\/complete\/search\" data-uilc=\"et\">\n<div id=\"tw-ob\" class=\"tw-src-ltr\">\n<div class=\"oSioSc\">\n<div id=\"tw-target\">\n<div id=\"kAz1tf\" class=\"g9WsWb\">\n<div id=\"tw-target-text-container\" class=\"tw-ta-container F0azHf tw-nfl\" tabindex=\"0\">\n<div id=\"tw-container\" class=\"\" data-cp=\"1\" data-is-ver=\"false\" data-nnttsvi=\"1\" data-sm=\"1\" data-sugg-time=\"500\" data-sugg-url=\"https:\/\/clients1.google.com\/complete\/search\" data-uilc=\"et\">\n<div id=\"tw-ob\" class=\"tw-src-ltr\">\n<div class=\"oSioSc\">\n<div id=\"tw-target\">\n<div id=\"kAz1tf\" class=\"g9WsWb\">\n<p>The Universe whispers to those who listen. Tarot cards have been used for centuries to gain knowledge, reveal hidden truths, and connect with the energies that shape our lives. They are primarily used to predict the future or analyze the current situation.<\/p>\n<p>Requiem tarot deck consists of 78 cards illustrated in a Gothic style, featuring dark, mysterious, and chilling designs. Ideal for those attracted to the Gothic aesthetic, offering deep insights through a uniquely haunting and memorable visual appeal. The deck is divided into the Major and Minor Arcana. The Major Arcana consists of 22 cards and the Minor Arcana consists of 56 cards. The deck comes with a guidebook (in English).<\/p>\n<p class=\"tw-ta-container F0azHf tw-nfl\" tabindex=\"0\"><strong>The set includes:<\/strong> tarot cards + guidebook (in English)<\/p>\n<p dir=\"ltr\" data-placeholder=\"T\u00f5lge\">Dimensions: 12 x 7 x 4 cm<\/p>\n<\/div>\n<\/div>\n<\/div>\n<\/div>\n<\/div>\n<\/div>\n<\/div>\n<\/div>\n<\/div>\n<\/div>\n<\/div>","protected":false},"featured_media":7465,"comment_status":"open","ping_status":"closed","template":"","meta":{"_monsterinsights_skip_tracking":false,"_monsterinsights_sitenote_active":false,"_monsterinsights_sitenote_note":"","_monsterinsights_sitenote_category":0},"product_brand":[],"product_cat":[110],"product_tag":[175,694],"class_list":{"0":"post-7462","1":"product","2":"type-product","3":"status-publish","4":"has-post-thumbnail","6":"product_cat-rituaalivahendid","7":"product_tag-rituaalivahendid","8":"product_tag-tarokaardid","10":"first","11":"instock","12":"taxable","13":"shipping-taxable","14":"purchasable","15":"product-type-simple"},"yoast_head":"<!-- This site is optimized with the Yoast SEO plugin v27.3 - https:\/\/yoast.com\/product\/yoast-seo-wordpress\/ -->\n<title>Reekviemi tarokaardid, gooti stiilis - Hingelaegas<\/title>\n<meta name=\"description\" content=\"Reekviemi tarokaartide pakk koosneb 78 gooti stiilis illustreeritud kaardist, sisaldades s\u00fcngeid, salap\u00e4raseid ja k\u00f5hedusttekitavaid kujundusi. Ideaalne neile, keda k\u00f6idab gooti esteetika, pakkudes s\u00fcgavaid teadmisi l\u00e4bi ainulaadselt kummitava ja meeldej\u00e4\u00e4va silmailu.\" \/>\n<meta name=\"robots\" content=\"index, follow, max-snippet:-1, max-image-preview:large, max-video-preview:-1\" \/>\n<link rel=\"canonical\" href=\"https:\/\/hingelaegas.ee\/en\/product\/reekviemi-tarokaardid\/\" \/>\n<meta property=\"og:locale\" content=\"en_GB\" \/>\n<meta property=\"og:type\" content=\"article\" \/>\n<meta property=\"og:title\" content=\"Reekviemi tarokaardid, gooti stiilis - Hingelaegas\" \/>\n<meta property=\"og:description\" content=\"Reekviemi tarokaartide pakk koosneb 78 gooti stiilis illustreeritud kaardist, sisaldades s\u00fcngeid, salap\u00e4raseid ja k\u00f5hedusttekitavaid kujundusi. Ideaalne neile, keda k\u00f6idab gooti esteetika, pakkudes s\u00fcgavaid teadmisi l\u00e4bi ainulaadselt kummitava ja meeldej\u00e4\u00e4va silmailu.\" \/>\n<meta property=\"og:url\" content=\"https:\/\/hingelaegas.ee\/en\/product\/reekviemi-tarokaardid\/\" \/>\n<meta property=\"og:site_name\" content=\"Hingelaegas\" \/>\n<meta property=\"article:modified_time\" content=\"2025-11-05T13:12:50+00:00\" \/>\n<meta property=\"og:image\" content=\"https:\/\/i0.wp.com\/www.hingelaegas.ee\/wp-content\/uploads\/2025\/07\/taro_reekviem-e1751980062749.jpeg?fit=800%2C800&ssl=1\" \/>\n\t<meta property=\"og:image:width\" content=\"800\" \/>\n\t<meta property=\"og:image:height\" content=\"800\" \/>\n\t<meta property=\"og:image:type\" content=\"image\/jpeg\" \/>\n<meta name=\"twitter:card\" content=\"summary_large_image\" \/>\n<meta name=\"twitter:label1\" content=\"Estimated reading time\" \/>\n\t<meta name=\"twitter:data1\" content=\"1 minute\" \/>\n<script type=\"application\/ld+json\" class=\"yoast-schema-graph\">{\"@context\":\"https:\\\/\\\/schema.org\",\"@graph\":[{\"@type\":\"WebPage\",\"@id\":\"https:\\\/\\\/hingelaegas.ee\\\/en\\\/product\\\/reekviemi-tarokaardid\\\/\",\"url\":\"https:\\\/\\\/hingelaegas.ee\\\/en\\\/product\\\/reekviemi-tarokaardid\\\/\",\"name\":\"Reekviemi tarokaardid, gooti stiilis - Hingelaegas\",\"isPartOf\":{\"@id\":\"https:\\\/\\\/www.hingelaegas.ee\\\/#website\"},\"primaryImageOfPage\":{\"@id\":\"https:\\\/\\\/hingelaegas.ee\\\/en\\\/product\\\/reekviemi-tarokaardid\\\/#primaryimage\"},\"image\":{\"@id\":\"https:\\\/\\\/hingelaegas.ee\\\/en\\\/product\\\/reekviemi-tarokaardid\\\/#primaryimage\"},\"thumbnailUrl\":\"https:\\\/\\\/i0.wp.com\\\/hingelaegas.ee\\\/wp-content\\\/uploads\\\/2025\\\/07\\\/taro_reekviem-e1751980062749.jpeg?fit=800%2C800&ssl=1\",\"datePublished\":\"2025-07-08T13:00:14+00:00\",\"dateModified\":\"2025-11-05T13:12:50+00:00\",\"description\":\"Reekviemi tarokaartide pakk koosneb 78 gooti stiilis illustreeritud kaardist, sisaldades s\u00fcngeid, salap\u00e4raseid ja k\u00f5hedusttekitavaid kujundusi. Ideaalne neile, keda k\u00f6idab gooti esteetika, pakkudes s\u00fcgavaid teadmisi l\u00e4bi ainulaadselt kummitava ja meeldej\u00e4\u00e4va silmailu.\",\"breadcrumb\":{\"@id\":\"https:\\\/\\\/hingelaegas.ee\\\/en\\\/product\\\/reekviemi-tarokaardid\\\/#breadcrumb\"},\"inLanguage\":\"en-GB\",\"potentialAction\":[{\"@type\":\"ReadAction\",\"target\":[\"https:\\\/\\\/hingelaegas.ee\\\/en\\\/product\\\/reekviemi-tarokaardid\\\/\"]}]},{\"@type\":\"ImageObject\",\"inLanguage\":\"en-GB\",\"@id\":\"https:\\\/\\\/hingelaegas.ee\\\/en\\\/product\\\/reekviemi-tarokaardid\\\/#primaryimage\",\"url\":\"https:\\\/\\\/i0.wp.com\\\/hingelaegas.ee\\\/wp-content\\\/uploads\\\/2025\\\/07\\\/taro_reekviem-e1751980062749.jpeg?fit=800%2C800&ssl=1\",\"contentUrl\":\"https:\\\/\\\/i0.wp.com\\\/hingelaegas.ee\\\/wp-content\\\/uploads\\\/2025\\\/07\\\/taro_reekviem-e1751980062749.jpeg?fit=800%2C800&ssl=1\",\"width\":800,\"height\":800},{\"@type\":\"BreadcrumbList\",\"@id\":\"https:\\\/\\\/hingelaegas.ee\\\/en\\\/product\\\/reekviemi-tarokaardid\\\/#breadcrumb\",\"itemListElement\":[{\"@type\":\"ListItem\",\"position\":1,\"name\":\"Home\",\"item\":\"https:\\\/\\\/www.hingelaegas.ee\\\/en\\\/\"},{\"@type\":\"ListItem\",\"position\":2,\"name\":\"E-POOD\",\"item\":\"https:\\\/\\\/www.hingelaegas.ee\\\/en\\\/e-pood\\\/\"},{\"@type\":\"ListItem\",\"position\":3,\"name\":\"Reekviemi tarokaardid, gooti stiilis\"}]},{\"@type\":\"WebSite\",\"@id\":\"https:\\\/\\\/www.hingelaegas.ee\\\/#website\",\"url\":\"https:\\\/\\\/www.hingelaegas.ee\\\/\",\"name\":\"Hingelaegas\",\"description\":\"Hingele. Kehale. Vaimule.\",\"publisher\":{\"@id\":\"https:\\\/\\\/www.hingelaegas.ee\\\/#organization\"},\"potentialAction\":[{\"@type\":\"SearchAction\",\"target\":{\"@type\":\"EntryPoint\",\"urlTemplate\":\"https:\\\/\\\/www.hingelaegas.ee\\\/?s={search_term_string}\"},\"query-input\":{\"@type\":\"PropertyValueSpecification\",\"valueRequired\":true,\"valueName\":\"search_term_string\"}}],\"inLanguage\":\"en-GB\"},{\"@type\":\"Organization\",\"@id\":\"https:\\\/\\\/www.hingelaegas.ee\\\/#organization\",\"name\":\"Hingelaegas O\u00dc\",\"url\":\"https:\\\/\\\/www.hingelaegas.ee\\\/\",\"logo\":{\"@type\":\"ImageObject\",\"inLanguage\":\"en-GB\",\"@id\":\"https:\\\/\\\/www.hingelaegas.ee\\\/#\\\/schema\\\/logo\\\/image\\\/\",\"url\":\"https:\\\/\\\/hingelaegas.ee\\\/wp-content\\\/uploads\\\/2020\\\/12\\\/hingelaegas_vaike.png\",\"contentUrl\":\"https:\\\/\\\/hingelaegas.ee\\\/wp-content\\\/uploads\\\/2020\\\/12\\\/hingelaegas_vaike.png\",\"width\":700,\"height\":700,\"caption\":\"Hingelaegas O\u00dc\"},\"image\":{\"@id\":\"https:\\\/\\\/www.hingelaegas.ee\\\/#\\\/schema\\\/logo\\\/image\\\/\"}}]}<\/script>\n<!-- \/ Yoast SEO plugin. -->","yoast_head_json":{"title":"Reekviemi tarokaardid, gooti stiilis - Hingelaegas","description":"Reekviemi tarokaartide pakk koosneb 78 gooti stiilis illustreeritud kaardist, sisaldades s\u00fcngeid, salap\u00e4raseid ja k\u00f5hedusttekitavaid kujundusi. Ideaalne neile, keda k\u00f6idab gooti esteetika, pakkudes s\u00fcgavaid teadmisi l\u00e4bi ainulaadselt kummitava ja meeldej\u00e4\u00e4va silmailu.","robots":{"index":"index","follow":"follow","max-snippet":"max-snippet:-1","max-image-preview":"max-image-preview:large","max-video-preview":"max-video-preview:-1"},"canonical":"https:\/\/hingelaegas.ee\/en\/product\/reekviemi-tarokaardid\/","og_locale":"en_GB","og_type":"article","og_title":"Reekviemi tarokaardid, gooti stiilis - Hingelaegas","og_description":"Reekviemi tarokaartide pakk koosneb 78 gooti stiilis illustreeritud kaardist, sisaldades s\u00fcngeid, salap\u00e4raseid ja k\u00f5hedusttekitavaid kujundusi. Ideaalne neile, keda k\u00f6idab gooti esteetika, pakkudes s\u00fcgavaid teadmisi l\u00e4bi ainulaadselt kummitava ja meeldej\u00e4\u00e4va silmailu.","og_url":"https:\/\/hingelaegas.ee\/en\/product\/reekviemi-tarokaardid\/","og_site_name":"Hingelaegas","article_modified_time":"2025-11-05T13:12:50+00:00","og_image":[{"width":800,"height":800,"url":"https:\/\/i0.wp.com\/www.hingelaegas.ee\/wp-content\/uploads\/2025\/07\/taro_reekviem-e1751980062749.jpeg?fit=800%2C800&ssl=1","type":"image\/jpeg"}],"twitter_card":"summary_large_image","twitter_misc":{"Estimated reading time":"1 minute"},"schema":{"@context":"https:\/\/schema.org","@graph":[{"@type":"WebPage","@id":"https:\/\/hingelaegas.ee\/en\/product\/reekviemi-tarokaardid\/","url":"https:\/\/hingelaegas.ee\/en\/product\/reekviemi-tarokaardid\/","name":"Reekviemi tarokaardid, gooti stiilis - Hingelaegas","isPartOf":{"@id":"https:\/\/www.hingelaegas.ee\/#website"},"primaryImageOfPage":{"@id":"https:\/\/hingelaegas.ee\/en\/product\/reekviemi-tarokaardid\/#primaryimage"},"image":{"@id":"https:\/\/hingelaegas.ee\/en\/product\/reekviemi-tarokaardid\/#primaryimage"},"thumbnailUrl":"https:\/\/i0.wp.com\/hingelaegas.ee\/wp-content\/uploads\/2025\/07\/taro_reekviem-e1751980062749.jpeg?fit=800%2C800&ssl=1","datePublished":"2025-07-08T13:00:14+00:00","dateModified":"2025-11-05T13:12:50+00:00","description":"Reekviemi tarokaartide pakk koosneb 78 gooti stiilis illustreeritud kaardist, sisaldades s\u00fcngeid, salap\u00e4raseid ja k\u00f5hedusttekitavaid kujundusi. Ideaalne neile, keda k\u00f6idab gooti esteetika, pakkudes s\u00fcgavaid teadmisi l\u00e4bi ainulaadselt kummitava ja meeldej\u00e4\u00e4va silmailu.","breadcrumb":{"@id":"https:\/\/hingelaegas.ee\/en\/product\/reekviemi-tarokaardid\/#breadcrumb"},"inLanguage":"en-GB","potentialAction":[{"@type":"ReadAction","target":["https:\/\/hingelaegas.ee\/en\/product\/reekviemi-tarokaardid\/"]}]},{"@type":"ImageObject","inLanguage":"en-GB","@id":"https:\/\/hingelaegas.ee\/en\/product\/reekviemi-tarokaardid\/#primaryimage","url":"https:\/\/i0.wp.com\/hingelaegas.ee\/wp-content\/uploads\/2025\/07\/taro_reekviem-e1751980062749.jpeg?fit=800%2C800&ssl=1","contentUrl":"https:\/\/i0.wp.com\/hingelaegas.ee\/wp-content\/uploads\/2025\/07\/taro_reekviem-e1751980062749.jpeg?fit=800%2C800&ssl=1","width":800,"height":800},{"@type":"BreadcrumbList","@id":"https:\/\/hingelaegas.ee\/en\/product\/reekviemi-tarokaardid\/#breadcrumb","itemListElement":[{"@type":"ListItem","position":1,"name":"Home","item":"https:\/\/www.hingelaegas.ee\/en\/"},{"@type":"ListItem","position":2,"name":"E-POOD","item":"https:\/\/www.hingelaegas.ee\/en\/e-pood\/"},{"@type":"ListItem","position":3,"name":"Reekviemi tarokaardid, gooti stiilis"}]},{"@type":"WebSite","@id":"https:\/\/www.hingelaegas.ee\/#website","url":"https:\/\/www.hingelaegas.ee\/","name":"Hingelaegas","description":"For Soul. For Body. For Mind.","publisher":{"@id":"https:\/\/www.hingelaegas.ee\/#organization"},"potentialAction":[{"@type":"SearchAction","target":{"@type":"EntryPoint","urlTemplate":"https:\/\/www.hingelaegas.ee\/?s={search_term_string}"},"query-input":{"@type":"PropertyValueSpecification","valueRequired":true,"valueName":"search_term_string"}}],"inLanguage":"en-GB"},{"@type":"Organization","@id":"https:\/\/www.hingelaegas.ee\/#organization","name":"Hingelaegas O\u00dc","url":"https:\/\/www.hingelaegas.ee\/","logo":{"@type":"ImageObject","inLanguage":"en-GB","@id":"https:\/\/www.hingelaegas.ee\/#\/schema\/logo\/image\/","url":"https:\/\/hingelaegas.ee\/wp-content\/uploads\/2020\/12\/hingelaegas_vaike.png","contentUrl":"https:\/\/hingelaegas.ee\/wp-content\/uploads\/2020\/12\/hingelaegas_vaike.png","width":700,"height":700,"caption":"Hingelaegas O\u00dc"},"image":{"@id":"https:\/\/www.hingelaegas.ee\/#\/schema\/logo\/image\/"}}]}},"acf":[],"jetpack_likes_enabled":false,"jetpack_sharing_enabled":true,"_links":{"self":[{"href":"https:\/\/hingelaegas.ee\/en\/wp-json\/wp\/v2\/product\/7462","targetHints":{"allow":["GET"]}}],"collection":[{"href":"https:\/\/hingelaegas.ee\/en\/wp-json\/wp\/v2\/product"}],"about":[{"href":"https:\/\/hingelaegas.ee\/en\/wp-json\/wp\/v2\/types\/product"}],"replies":[{"embeddable":true,"href":"https:\/\/hingelaegas.ee\/en\/wp-json\/wp\/v2\/comments?post=7462"}],"wp:featuredmedia":[{"embeddable":true,"href":"https:\/\/hingelaegas.ee\/en\/wp-json\/wp\/v2\/media\/7465"}],"wp:attachment":[{"href":"https:\/\/hingelaegas.ee\/en\/wp-json\/wp\/v2\/media?parent=7462"}],"wp:term":[{"taxonomy":"product_brand","embeddable":true,"href":"https:\/\/hingelaegas.ee\/en\/wp-json\/wp\/v2\/product_brand?post=7462"},{"taxonomy":"product_cat","embeddable":true,"href":"https:\/\/hingelaegas.ee\/en\/wp-json\/wp\/v2\/product_cat?post=7462"},{"taxonomy":"product_tag","embeddable":true,"href":"https:\/\/hingelaegas.ee\/en\/wp-json\/wp\/v2\/product_tag?post=7462"}],"curies":[{"name":"wp","href":"https:\/\/api.w.org\/{rel}","templated":true}]}}