{"id":7470,"date":"2025-07-08T15:17:48","date_gmt":"2025-07-08T13:17:48","guid":{"rendered":"https:\/\/hingelaegas.ee\/?post_type=product&#038;p=7470"},"modified":"2025-08-01T00:00:24","modified_gmt":"2025-07-31T21:00:24","slug":"maagiline-tarokaartide-kinkekomplekt","status":"publish","type":"product","link":"https:\/\/hingelaegas.ee\/en\/product\/maagiline-tarokaartide-kinkekomplekt\/","title":{"rendered":"Magical tarot card gift set, gold foil print"},"content":{"rendered":"","protected":false},"excerpt":{"rendered":"<div id=\"tw-container\" class=\"\" data-cp=\"1\" data-is-ver=\"false\" data-nnttsvi=\"1\" data-sm=\"1\" data-sugg-time=\"500\" data-sugg-url=\"https:\/\/clients1.google.com\/complete\/search\" data-uilc=\"et\">\n<div id=\"tw-ob\" class=\"tw-src-ltr\">\n<div class=\"oSioSc\">\n<div id=\"tw-target\">\n<div id=\"kAz1tf\" class=\"g9WsWb\">\n<div id=\"tw-target-text-container\" class=\"tw-ta-container F0azHf tw-nfl\" tabindex=\"0\">\n<div id=\"tw-container\" class=\"\" data-cp=\"1\" data-is-ver=\"false\" data-nnttsvi=\"1\" data-sm=\"1\" data-sugg-time=\"500\" data-sugg-url=\"https:\/\/clients1.google.com\/complete\/search\" data-uilc=\"et\">\n<div id=\"tw-ob\" class=\"tw-src-ltr\">\n<div class=\"oSioSc\">\n<div id=\"tw-target\">\n<div id=\"kAz1tf\" class=\"g9WsWb\">\n<p>The Universe whispers to those who listen. Tarot cards have been used for centuries to gain knowledge, reveal hidden truths, and connect with the energies that shape our lives. They are primarily used to predict the future or analyze the current situation.<\/p>\n<p>Magical tarot card gift set consists of everything you need to conduct an effective and enchanting tarot session. The magnetic gift box contains a deck of tarot cards with gold foil print and card storage trays (2 pcs), guidebook (in English), a mini bell, semi-precious stones (7 pcs), golden feathers (2 pcs), a base cloth with a pentagram image and a sachet of semi-precious stones with the image of a new moon and crystals. The tarot card deck consists of 78 beautifully illustrated cards. Each card is decorated with rich golden tones, which add luxury and elegance to your divination practice. The card deck is divided into Major and Minor Arcana. The Major Arcana consists of 22 cards and the Minor Arcana consists of 56 cards.<\/p>\n<p dir=\"ltr\" data-placeholder=\"T\u00f5lge\">Dimensions: 13,5 x 8,5 x 4,5 cm<\/p>\n<\/div>\n<\/div>\n<\/div>\n<\/div>\n<\/div>\n<\/div>\n<\/div>\n<\/div>\n<\/div>\n<\/div>\n<\/div>","protected":false},"featured_media":7473,"comment_status":"open","ping_status":"closed","template":"","meta":{"_monsterinsights_skip_tracking":false,"_monsterinsights_sitenote_active":false,"_monsterinsights_sitenote_note":"","_monsterinsights_sitenote_category":0},"product_brand":[],"product_cat":[413,110],"product_tag":[414,175,694],"class_list":{"0":"post-7470","1":"product","2":"type-product","3":"status-publish","4":"has-post-thumbnail","6":"product_cat-kinkekomplektid","7":"product_cat-rituaalivahendid","8":"product_tag-kinkekomplektid","9":"product_tag-rituaalivahendid","10":"product_tag-tarokaardid","12":"first","13":"instock","14":"taxable","15":"shipping-taxable","16":"purchasable","17":"product-type-simple"},"yoast_head":"<!-- This site is optimized with the Yoast SEO plugin v27.3 - https:\/\/yoast.com\/product\/yoast-seo-wordpress\/ -->\n<title>Maagiline tarokaartide kinkekomplekt, kuldse fooliumtr\u00fckiga - Hingelaegas<\/title>\n<meta name=\"description\" content=\"Maagiline tarokaartide kinkekomplekt koosneb k\u00f5igest vajalikust efektse ja lummava taroseansi l\u00e4biviimiseks. Magnetkinnitusega kinkekarbis on kuldse fooliumtr\u00fckiga tarokaartide pakk ja kaardihoidmisalused (2 tk), juhend (inglise keeles), kelluke, poolv\u00e4\u00e4riskivid (7 tk), kullatud suled (2 tk), pentagrammi kujutisega aluslina ning noorkuu ja kristallide kujutisega poolv\u00e4\u00e4riskivide kotike.\" \/>\n<meta name=\"robots\" content=\"index, follow, max-snippet:-1, max-image-preview:large, max-video-preview:-1\" \/>\n<link rel=\"canonical\" href=\"https:\/\/hingelaegas.ee\/en\/product\/maagiline-tarokaartide-kinkekomplekt\/\" \/>\n<meta property=\"og:locale\" content=\"en_GB\" \/>\n<meta property=\"og:type\" content=\"article\" \/>\n<meta property=\"og:title\" content=\"Maagiline tarokaartide kinkekomplekt, kuldse fooliumtr\u00fckiga - Hingelaegas\" \/>\n<meta property=\"og:description\" content=\"Maagiline tarokaartide kinkekomplekt koosneb k\u00f5igest vajalikust efektse ja lummava taroseansi l\u00e4biviimiseks. Magnetkinnitusega kinkekarbis on kuldse fooliumtr\u00fckiga tarokaartide pakk ja kaardihoidmisalused (2 tk), juhend (inglise keeles), kelluke, poolv\u00e4\u00e4riskivid (7 tk), kullatud suled (2 tk), pentagrammi kujutisega aluslina ning noorkuu ja kristallide kujutisega poolv\u00e4\u00e4riskivide kotike.\" \/>\n<meta property=\"og:url\" content=\"https:\/\/hingelaegas.ee\/en\/product\/maagiline-tarokaartide-kinkekomplekt\/\" \/>\n<meta property=\"og:site_name\" content=\"Hingelaegas\" \/>\n<meta property=\"article:modified_time\" content=\"2025-07-31T21:00:24+00:00\" \/>\n<meta property=\"og:image\" content=\"https:\/\/i0.wp.com\/hingelaegas.ee\/wp-content\/uploads\/2025\/07\/taro_kinkekomplekt-e1751981207685.jpeg?fit=800%2C800&ssl=1\" \/>\n\t<meta property=\"og:image:width\" content=\"800\" \/>\n\t<meta property=\"og:image:height\" content=\"800\" \/>\n\t<meta property=\"og:image:type\" content=\"image\/jpeg\" \/>\n<meta name=\"twitter:card\" content=\"summary_large_image\" \/>\n<meta name=\"twitter:label1\" content=\"Estimated reading time\" \/>\n\t<meta name=\"twitter:data1\" content=\"1 minute\" \/>\n<script type=\"application\/ld+json\" class=\"yoast-schema-graph\">{\"@context\":\"https:\\\/\\\/schema.org\",\"@graph\":[{\"@type\":\"WebPage\",\"@id\":\"https:\\\/\\\/hingelaegas.ee\\\/en\\\/product\\\/maagiline-tarokaartide-kinkekomplekt\\\/\",\"url\":\"https:\\\/\\\/hingelaegas.ee\\\/en\\\/product\\\/maagiline-tarokaartide-kinkekomplekt\\\/\",\"name\":\"Maagiline tarokaartide kinkekomplekt, kuldse fooliumtr\u00fckiga - Hingelaegas\",\"isPartOf\":{\"@id\":\"https:\\\/\\\/www.hingelaegas.ee\\\/#website\"},\"primaryImageOfPage\":{\"@id\":\"https:\\\/\\\/hingelaegas.ee\\\/en\\\/product\\\/maagiline-tarokaartide-kinkekomplekt\\\/#primaryimage\"},\"image\":{\"@id\":\"https:\\\/\\\/hingelaegas.ee\\\/en\\\/product\\\/maagiline-tarokaartide-kinkekomplekt\\\/#primaryimage\"},\"thumbnailUrl\":\"https:\\\/\\\/i0.wp.com\\\/hingelaegas.ee\\\/wp-content\\\/uploads\\\/2025\\\/07\\\/taro_kinkekomplekt-e1751981207685.jpeg?fit=800%2C800&ssl=1\",\"datePublished\":\"2025-07-08T13:17:48+00:00\",\"dateModified\":\"2025-07-31T21:00:24+00:00\",\"description\":\"Maagiline tarokaartide kinkekomplekt koosneb k\u00f5igest vajalikust efektse ja lummava taroseansi l\u00e4biviimiseks. Magnetkinnitusega kinkekarbis on kuldse fooliumtr\u00fckiga tarokaartide pakk ja kaardihoidmisalused (2 tk), juhend (inglise keeles), kelluke, poolv\u00e4\u00e4riskivid (7 tk), kullatud suled (2 tk), pentagrammi kujutisega aluslina ning noorkuu ja kristallide kujutisega poolv\u00e4\u00e4riskivide kotike.\",\"breadcrumb\":{\"@id\":\"https:\\\/\\\/hingelaegas.ee\\\/en\\\/product\\\/maagiline-tarokaartide-kinkekomplekt\\\/#breadcrumb\"},\"inLanguage\":\"en-GB\",\"potentialAction\":[{\"@type\":\"ReadAction\",\"target\":[\"https:\\\/\\\/hingelaegas.ee\\\/en\\\/product\\\/maagiline-tarokaartide-kinkekomplekt\\\/\"]}]},{\"@type\":\"ImageObject\",\"inLanguage\":\"en-GB\",\"@id\":\"https:\\\/\\\/hingelaegas.ee\\\/en\\\/product\\\/maagiline-tarokaartide-kinkekomplekt\\\/#primaryimage\",\"url\":\"https:\\\/\\\/i0.wp.com\\\/hingelaegas.ee\\\/wp-content\\\/uploads\\\/2025\\\/07\\\/taro_kinkekomplekt-e1751981207685.jpeg?fit=800%2C800&ssl=1\",\"contentUrl\":\"https:\\\/\\\/i0.wp.com\\\/hingelaegas.ee\\\/wp-content\\\/uploads\\\/2025\\\/07\\\/taro_kinkekomplekt-e1751981207685.jpeg?fit=800%2C800&ssl=1\",\"width\":800,\"height\":800},{\"@type\":\"BreadcrumbList\",\"@id\":\"https:\\\/\\\/hingelaegas.ee\\\/en\\\/product\\\/maagiline-tarokaartide-kinkekomplekt\\\/#breadcrumb\",\"itemListElement\":[{\"@type\":\"ListItem\",\"position\":1,\"name\":\"Home\",\"item\":\"https:\\\/\\\/www.hingelaegas.ee\\\/en\\\/\"},{\"@type\":\"ListItem\",\"position\":2,\"name\":\"E-POOD\",\"item\":\"https:\\\/\\\/www.hingelaegas.ee\\\/en\\\/e-pood\\\/\"},{\"@type\":\"ListItem\",\"position\":3,\"name\":\"Maagiline tarokaartide kinkekomplekt, kuldse fooliumtr\u00fckiga\"}]},{\"@type\":\"WebSite\",\"@id\":\"https:\\\/\\\/www.hingelaegas.ee\\\/#website\",\"url\":\"https:\\\/\\\/www.hingelaegas.ee\\\/\",\"name\":\"Hingelaegas\",\"description\":\"Hingele. Kehale. Vaimule.\",\"publisher\":{\"@id\":\"https:\\\/\\\/www.hingelaegas.ee\\\/#organization\"},\"potentialAction\":[{\"@type\":\"SearchAction\",\"target\":{\"@type\":\"EntryPoint\",\"urlTemplate\":\"https:\\\/\\\/www.hingelaegas.ee\\\/?s={search_term_string}\"},\"query-input\":{\"@type\":\"PropertyValueSpecification\",\"valueRequired\":true,\"valueName\":\"search_term_string\"}}],\"inLanguage\":\"en-GB\"},{\"@type\":\"Organization\",\"@id\":\"https:\\\/\\\/www.hingelaegas.ee\\\/#organization\",\"name\":\"Hingelaegas O\u00dc\",\"url\":\"https:\\\/\\\/www.hingelaegas.ee\\\/\",\"logo\":{\"@type\":\"ImageObject\",\"inLanguage\":\"en-GB\",\"@id\":\"https:\\\/\\\/www.hingelaegas.ee\\\/#\\\/schema\\\/logo\\\/image\\\/\",\"url\":\"https:\\\/\\\/hingelaegas.ee\\\/wp-content\\\/uploads\\\/2020\\\/12\\\/hingelaegas_vaike.png\",\"contentUrl\":\"https:\\\/\\\/hingelaegas.ee\\\/wp-content\\\/uploads\\\/2020\\\/12\\\/hingelaegas_vaike.png\",\"width\":700,\"height\":700,\"caption\":\"Hingelaegas O\u00dc\"},\"image\":{\"@id\":\"https:\\\/\\\/www.hingelaegas.ee\\\/#\\\/schema\\\/logo\\\/image\\\/\"}}]}<\/script>\n<!-- \/ Yoast SEO plugin. -->","yoast_head_json":{"title":"Maagiline tarokaartide kinkekomplekt, kuldse fooliumtr\u00fckiga - Hingelaegas","description":"Maagiline tarokaartide kinkekomplekt koosneb k\u00f5igest vajalikust efektse ja lummava taroseansi l\u00e4biviimiseks. Magnetkinnitusega kinkekarbis on kuldse fooliumtr\u00fckiga tarokaartide pakk ja kaardihoidmisalused (2 tk), juhend (inglise keeles), kelluke, poolv\u00e4\u00e4riskivid (7 tk), kullatud suled (2 tk), pentagrammi kujutisega aluslina ning noorkuu ja kristallide kujutisega poolv\u00e4\u00e4riskivide kotike.","robots":{"index":"index","follow":"follow","max-snippet":"max-snippet:-1","max-image-preview":"max-image-preview:large","max-video-preview":"max-video-preview:-1"},"canonical":"https:\/\/hingelaegas.ee\/en\/product\/maagiline-tarokaartide-kinkekomplekt\/","og_locale":"en_GB","og_type":"article","og_title":"Maagiline tarokaartide kinkekomplekt, kuldse fooliumtr\u00fckiga - Hingelaegas","og_description":"Maagiline tarokaartide kinkekomplekt koosneb k\u00f5igest vajalikust efektse ja lummava taroseansi l\u00e4biviimiseks. Magnetkinnitusega kinkekarbis on kuldse fooliumtr\u00fckiga tarokaartide pakk ja kaardihoidmisalused (2 tk), juhend (inglise keeles), kelluke, poolv\u00e4\u00e4riskivid (7 tk), kullatud suled (2 tk), pentagrammi kujutisega aluslina ning noorkuu ja kristallide kujutisega poolv\u00e4\u00e4riskivide kotike.","og_url":"https:\/\/hingelaegas.ee\/en\/product\/maagiline-tarokaartide-kinkekomplekt\/","og_site_name":"Hingelaegas","article_modified_time":"2025-07-31T21:00:24+00:00","og_image":[{"width":800,"height":800,"url":"https:\/\/i0.wp.com\/hingelaegas.ee\/wp-content\/uploads\/2025\/07\/taro_kinkekomplekt-e1751981207685.jpeg?fit=800%2C800&ssl=1","type":"image\/jpeg"}],"twitter_card":"summary_large_image","twitter_misc":{"Estimated reading time":"1 minute"},"schema":{"@context":"https:\/\/schema.org","@graph":[{"@type":"WebPage","@id":"https:\/\/hingelaegas.ee\/en\/product\/maagiline-tarokaartide-kinkekomplekt\/","url":"https:\/\/hingelaegas.ee\/en\/product\/maagiline-tarokaartide-kinkekomplekt\/","name":"Maagiline tarokaartide kinkekomplekt, kuldse fooliumtr\u00fckiga - Hingelaegas","isPartOf":{"@id":"https:\/\/www.hingelaegas.ee\/#website"},"primaryImageOfPage":{"@id":"https:\/\/hingelaegas.ee\/en\/product\/maagiline-tarokaartide-kinkekomplekt\/#primaryimage"},"image":{"@id":"https:\/\/hingelaegas.ee\/en\/product\/maagiline-tarokaartide-kinkekomplekt\/#primaryimage"},"thumbnailUrl":"https:\/\/i0.wp.com\/hingelaegas.ee\/wp-content\/uploads\/2025\/07\/taro_kinkekomplekt-e1751981207685.jpeg?fit=800%2C800&ssl=1","datePublished":"2025-07-08T13:17:48+00:00","dateModified":"2025-07-31T21:00:24+00:00","description":"Maagiline tarokaartide kinkekomplekt koosneb k\u00f5igest vajalikust efektse ja lummava taroseansi l\u00e4biviimiseks. Magnetkinnitusega kinkekarbis on kuldse fooliumtr\u00fckiga tarokaartide pakk ja kaardihoidmisalused (2 tk), juhend (inglise keeles), kelluke, poolv\u00e4\u00e4riskivid (7 tk), kullatud suled (2 tk), pentagrammi kujutisega aluslina ning noorkuu ja kristallide kujutisega poolv\u00e4\u00e4riskivide kotike.","breadcrumb":{"@id":"https:\/\/hingelaegas.ee\/en\/product\/maagiline-tarokaartide-kinkekomplekt\/#breadcrumb"},"inLanguage":"en-GB","potentialAction":[{"@type":"ReadAction","target":["https:\/\/hingelaegas.ee\/en\/product\/maagiline-tarokaartide-kinkekomplekt\/"]}]},{"@type":"ImageObject","inLanguage":"en-GB","@id":"https:\/\/hingelaegas.ee\/en\/product\/maagiline-tarokaartide-kinkekomplekt\/#primaryimage","url":"https:\/\/i0.wp.com\/hingelaegas.ee\/wp-content\/uploads\/2025\/07\/taro_kinkekomplekt-e1751981207685.jpeg?fit=800%2C800&ssl=1","contentUrl":"https:\/\/i0.wp.com\/hingelaegas.ee\/wp-content\/uploads\/2025\/07\/taro_kinkekomplekt-e1751981207685.jpeg?fit=800%2C800&ssl=1","width":800,"height":800},{"@type":"BreadcrumbList","@id":"https:\/\/hingelaegas.ee\/en\/product\/maagiline-tarokaartide-kinkekomplekt\/#breadcrumb","itemListElement":[{"@type":"ListItem","position":1,"name":"Home","item":"https:\/\/www.hingelaegas.ee\/en\/"},{"@type":"ListItem","position":2,"name":"E-POOD","item":"https:\/\/www.hingelaegas.ee\/en\/e-pood\/"},{"@type":"ListItem","position":3,"name":"Maagiline tarokaartide kinkekomplekt, kuldse fooliumtr\u00fckiga"}]},{"@type":"WebSite","@id":"https:\/\/www.hingelaegas.ee\/#website","url":"https:\/\/www.hingelaegas.ee\/","name":"Hingelaegas","description":"For Soul. For Body. For Mind.","publisher":{"@id":"https:\/\/www.hingelaegas.ee\/#organization"},"potentialAction":[{"@type":"SearchAction","target":{"@type":"EntryPoint","urlTemplate":"https:\/\/www.hingelaegas.ee\/?s={search_term_string}"},"query-input":{"@type":"PropertyValueSpecification","valueRequired":true,"valueName":"search_term_string"}}],"inLanguage":"en-GB"},{"@type":"Organization","@id":"https:\/\/www.hingelaegas.ee\/#organization","name":"Hingelaegas O\u00dc","url":"https:\/\/www.hingelaegas.ee\/","logo":{"@type":"ImageObject","inLanguage":"en-GB","@id":"https:\/\/www.hingelaegas.ee\/#\/schema\/logo\/image\/","url":"https:\/\/hingelaegas.ee\/wp-content\/uploads\/2020\/12\/hingelaegas_vaike.png","contentUrl":"https:\/\/hingelaegas.ee\/wp-content\/uploads\/2020\/12\/hingelaegas_vaike.png","width":700,"height":700,"caption":"Hingelaegas O\u00dc"},"image":{"@id":"https:\/\/www.hingelaegas.ee\/#\/schema\/logo\/image\/"}}]}},"acf":[],"jetpack_likes_enabled":false,"jetpack_sharing_enabled":true,"_links":{"self":[{"href":"https:\/\/hingelaegas.ee\/en\/wp-json\/wp\/v2\/product\/7470","targetHints":{"allow":["GET"]}}],"collection":[{"href":"https:\/\/hingelaegas.ee\/en\/wp-json\/wp\/v2\/product"}],"about":[{"href":"https:\/\/hingelaegas.ee\/en\/wp-json\/wp\/v2\/types\/product"}],"replies":[{"embeddable":true,"href":"https:\/\/hingelaegas.ee\/en\/wp-json\/wp\/v2\/comments?post=7470"}],"wp:featuredmedia":[{"embeddable":true,"href":"https:\/\/hingelaegas.ee\/en\/wp-json\/wp\/v2\/media\/7473"}],"wp:attachment":[{"href":"https:\/\/hingelaegas.ee\/en\/wp-json\/wp\/v2\/media?parent=7470"}],"wp:term":[{"taxonomy":"product_brand","embeddable":true,"href":"https:\/\/hingelaegas.ee\/en\/wp-json\/wp\/v2\/product_brand?post=7470"},{"taxonomy":"product_cat","embeddable":true,"href":"https:\/\/hingelaegas.ee\/en\/wp-json\/wp\/v2\/product_cat?post=7470"},{"taxonomy":"product_tag","embeddable":true,"href":"https:\/\/hingelaegas.ee\/en\/wp-json\/wp\/v2\/product_tag?post=7470"}],"curies":[{"name":"wp","href":"https:\/\/api.w.org\/{rel}","templated":true}]}}