{"id":782,"date":"2021-04-20T17:06:26","date_gmt":"2021-04-20T14:06:26","guid":{"rendered":"https:\/\/hingelaegas.ee\/product\/import-placeholder-for-70\/"},"modified":"2025-08-11T17:35:50","modified_gmt":"2025-08-11T14:35:50","slug":"geraanium-eeterlik-oli","status":"publish","type":"product","link":"https:\/\/hingelaegas.ee\/en\/product\/geraanium-eeterlik-oli\/","title":{"rendered":"Geranium essential oil"},"content":{"rendered":"<h1>Geranium<\/h1>\n<h4><strong>Origin and background<\/strong><\/h4>\n<p>Geranium essential oil is steam distilled from the parts of the plant <i>Pelargonium graveolens <\/i>, using its leaves, stalks, and flowers.<\/p>\n<p>Geranium plants originate in South Africa, the island of R\u00e9union (part of France), Madagascar, Egypt, and Morocco, and were not introduced to Europe until the 17th century.<\/p>\n<p>Although there are about 700 different varieties of this plant, only ten of them can produce large enough amounts of essential oil. Varieties planted in gardens generally produce too little oil during extraction. The Egyptians used this oil to highlight the beauty and radiance of the skin. Geranium can also be found in many perfumes and skin care products.<\/p>\n<p>The fragrant geranium was once planted around homes as a hedge because it was believed to keep evil spirits away from the home - just as it scares away mosquitoes!<\/p>\n<h4><strong>Properties<\/strong><\/h4>\n<h5>Aromatic properties<\/h5>\n<p>Geranium essential has a strong scent, invigorating the senses with its floral aroma, which also contains hints of mint and apple. This oil helps balance your body and mind perfectly and has a mood-boosting effect. Its aroma also effectively relieves ailments caused by health problems.<\/p>\n<p>The strong aroma of this essential oil scares away annoying mosquitoes.<\/p>\n<h5>Healing properties<\/h5>\n<p>Geranium essential oil helps balance oily and dry skin. It also relieves stress and anxiety. It has a calming and balancing effect on the adrenal cortex, which produces stress hormones in our body and thus helps balance our body's hormonal system.<\/p>\n<p>Geranium oil has been used to alleviate and treat various health problems. For example, it has been used to treat acne, bruising, small cuts, dermatitis, and eczema, as well as hemorrhoids, ulcers, edema, poor circulation, a sore throat, and tonsillitis.<\/p>\n<p>It is also helpful in relieving the symptoms of PMS and menopause, as well as endometriosis and infertility.<\/p>\n<h4><strong>Recommended uses<\/strong><\/h4>\n<p><span style=\"text-decoration: underline;\">Topical<\/span><\/p>\n<div id=\"pageBodyContent\">\n<div class=\"pagewrapper\">\n<div class=\"pagemain\">\n<div class=\"pagecontent web-content\">\n<div class=\"content-container\">\n<section id=\"s3\" class=\"product-content-section c50 closed\">\n<div class=\"product-content-container c50\">\n<div class=\"product-content c50 child-spacing\">\n<div class=\"list-block c83\">\n<ul class=\"c83\">\n<li class=\"c83\">It is recommended to use essential oils and their blend in a diluted form. Especially for sensitive and gentle skin. This means adding a small amount of water or carrier oil before applying it to the skin. The blend can be placed, for example, in a roll-on bottle that is convenient to carry along and can be used at any convenient time.<\/li>\n<li class=\"c83\">Can also be added to a neutral unscented cream, lotion, or liquid soap to achieve radiant and healthy skin.<\/li>\n<\/ul>\n<\/div>\n<div class=\"list-block c83\">\n<div class=\"heading c83\"><u>Aromatic<\/u><\/div>\n<\/div>\n<div class=\"list-block c83\">\n<ul class=\"c83\">\n<li class=\"c83\">Can be used in an aroma diffuser both at home or in the office to create a pleasant and cozy atmosphere that relaxes the senses and creates a pleasant aroma around you.<\/li>\n<li>It can also be added to an oil burner. Don't forget to add water to the oil burner and then drip in the essential oil! Pure essential oil is too strong and has a faint odor.<\/li>\n<li>Can be added to hot bath water and enjoy an aromatic mini-vacation in the middle of everyday life or at the end of a busy week.<\/li>\n<li class=\"c83\">Combine it with other compatible oils (see recommendations below) in a diffuser or bath water.<\/li>\n<li>Can be diluted in the spray bottle with water and spray it at home, in the office, or just to refresh your bed linen.<\/li>\n<\/ul>\n<\/div>\n<\/div>\n<\/div>\n<\/section>\n<\/div>\n<\/div>\n<\/div>\n<\/div>\n<\/div>\n<div id=\"pageBodyContent\">\n<div class=\"pagewrapper\">\n<div class=\"pagemain\">\n<div class=\"pagecontent web-content\">\n<div class=\"content-container\">\n<section id=\"s3\" class=\"product-content-section c50 closed\">\n<div class=\"product-content-container c50\">\n<div class=\"product-content c50 child-spacing\">\n<div class=\"text-block c82\">\n<h4 class=\"text-block c82\"><strong>Compatibility with other essential oils<\/strong><\/h4>\n<\/div>\n<div>\n<p>Orange, basil, bergamot, grapefruit, jasmine, lime, lavender, rosemary, sage, cedarwood, ylang ylang.<\/p>\n<p>&nbsp;<\/p>\n<section id=\"s3\" class=\"product-content-section c50 closed\">\n<div class=\"product-content-container c50\">\n<div class=\"product-content c50 child-spacing\">\n<p>You can read more about aromatherapy and essential oils from <a href=\"https:\/\/hingelaegas.ee\/blogi\/aroomiteraapia-ja-eeterlike-olide-kasulikud-omadused-ning-kasutamine\/\"><strong>here<\/strong><\/a>.<\/p>\n<p>&nbsp;<\/p>\n<\/div>\n<\/div>\n<\/section>\n<section id=\"s4\" class=\"product-content-section c50 closed\">\n<div class=\"product-content-container c50\">\n<h2 class=\"heading c50\"><em style=\"font-size: 16px;\">Caution!<\/em><\/h2>\n<ul>\n<li>Keep out of reach of children.<\/li>\n<li>For external use only.<\/li>\n<li>Avoid contact with eyes or mucous membranes.<\/li>\n<li>In case of pregnancy, breast-feeding, taking medication or any other medical condition, consult your doctor before use.<\/li>\n<li>The information on essential oils on Hingelaegas website comes from public sources. The information given does not constitute health advice and references to the properties and effects of the oils are based on aromatherapy and folk medicine. Therefore, Hingelaegas O\u00dc cannot be held responsible for the accuracy of the information. The use of essential oils is the responsibility of each person individually.<\/li>\n<\/ul>\n<\/div>\n<\/section>\n<\/div>\n<\/div>\n<\/div>\n<\/section>\n<\/div>\n<\/div>\n<\/div>\n<\/div>\n<\/div>","protected":false},"excerpt":{"rendered":"<p><strong>Ingredients<\/strong><\/p>\n<p>100% pure geranium (<em>Pelargonium graveolens<\/em>) essential oil<\/p>\n<p><strong>Used plant parts<\/strong><\/p>\n<p>Leaves, stalks, flowers<\/p>\n<p><strong>Extraction method<\/strong><\/p>\n<p>Steam distillation<\/p>\n<p><strong>Country of origin<\/strong><\/p>\n<p>Egypt<\/p>\n<p><strong>Aroma<\/strong><\/p>\n<p>Floral, fresh, sweet, rose-scented<\/p>","protected":false},"featured_media":6001,"comment_status":"open","ping_status":"closed","template":"","meta":{"_monsterinsights_skip_tracking":false,"_monsterinsights_sitenote_active":false,"_monsterinsights_sitenote_note":"","_monsterinsights_sitenote_category":0},"product_brand":[],"product_cat":[102],"product_tag":[138,267,474],"class_list":{"0":"post-782","1":"product","2":"type-product","3":"status-publish","4":"has-post-thumbnail","6":"product_cat-eeterlikud-olid","7":"product_tag-aroomiteraapia","8":"product_tag-eeterlikud-olid","9":"product_tag-lillelised-olid","11":"first","12":"instock","13":"taxable","14":"shipping-taxable","15":"purchasable","16":"product-type-variable"},"yoast_head":"<!-- This site is optimized with the Yoast SEO plugin v27.4 - https:\/\/yoast.com\/product\/yoast-seo-wordpress\/ -->\n<title>Geraanium eeterlik \u00f5li - Hingelaegas<\/title>\n<meta name=\"description\" content=\"Geraaniumi eeterlik on tugeval\u00f5hnaline, turgutades meeli oma lillelise aroomiga, milles peitub ka vihjeid m\u00fcndi ja \u00f5una aroomile. See \u00f5li aitab suurep\u00e4raselt tasakaalustada meie keha ja meelt ning m\u00f5jub tujut\u00f5stvalt. Tema aroom aitab m\u00f5jusalt leevendada ka terviseh\u00e4dadest tingitud vaevusi.\" \/>\n<meta name=\"robots\" content=\"index, follow, max-snippet:-1, max-image-preview:large, max-video-preview:-1\" \/>\n<link rel=\"canonical\" href=\"https:\/\/hingelaegas.ee\/en\/product\/geraanium-eeterlik-oli\/\" \/>\n<meta property=\"og:locale\" content=\"en_GB\" \/>\n<meta property=\"og:type\" content=\"article\" \/>\n<meta property=\"og:title\" content=\"Geraanium eeterlik \u00f5li - Hingelaegas\" \/>\n<meta property=\"og:description\" content=\"Geraaniumi eeterlik on tugeval\u00f5hnaline, turgutades meeli oma lillelise aroomiga, milles peitub ka vihjeid m\u00fcndi ja \u00f5una aroomile. See \u00f5li aitab suurep\u00e4raselt tasakaalustada meie keha ja meelt ning m\u00f5jub tujut\u00f5stvalt. Tema aroom aitab m\u00f5jusalt leevendada ka terviseh\u00e4dadest tingitud vaevusi.\" \/>\n<meta property=\"og:url\" content=\"https:\/\/hingelaegas.ee\/en\/product\/geraanium-eeterlik-oli\/\" \/>\n<meta property=\"og:site_name\" content=\"Hingelaegas\" \/>\n<meta property=\"article:modified_time\" content=\"2025-08-11T14:35:50+00:00\" \/>\n<meta property=\"og:image\" content=\"https:\/\/i0.wp.com\/hingelaegas.ee\/wp-content\/uploads\/2021\/04\/geraanium-EO.png?fit=800%2C800&ssl=1\" \/>\n\t<meta property=\"og:image:width\" content=\"800\" \/>\n\t<meta property=\"og:image:height\" content=\"800\" \/>\n\t<meta property=\"og:image:type\" content=\"image\/png\" \/>\n<meta name=\"twitter:card\" content=\"summary_large_image\" \/>\n<meta name=\"twitter:label1\" content=\"Estimated reading time\" \/>\n\t<meta name=\"twitter:data1\" content=\"3 minutes\" \/>\n<script type=\"application\/ld+json\" class=\"yoast-schema-graph\">{\"@context\":\"https:\\\/\\\/schema.org\",\"@graph\":[{\"@type\":\"WebPage\",\"@id\":\"https:\\\/\\\/hingelaegas.ee\\\/product\\\/geraanium-eeterlik-oli\\\/\",\"url\":\"https:\\\/\\\/hingelaegas.ee\\\/product\\\/geraanium-eeterlik-oli\\\/\",\"name\":\"Geraanium eeterlik \u00f5li - Hingelaegas\",\"isPartOf\":{\"@id\":\"https:\\\/\\\/www.hingelaegas.ee\\\/#website\"},\"primaryImageOfPage\":{\"@id\":\"https:\\\/\\\/hingelaegas.ee\\\/product\\\/geraanium-eeterlik-oli\\\/#primaryimage\"},\"image\":{\"@id\":\"https:\\\/\\\/hingelaegas.ee\\\/product\\\/geraanium-eeterlik-oli\\\/#primaryimage\"},\"thumbnailUrl\":\"https:\\\/\\\/i0.wp.com\\\/hingelaegas.ee\\\/wp-content\\\/uploads\\\/2021\\\/04\\\/geraanium-EO.png?fit=800%2C800&ssl=1\",\"datePublished\":\"2021-04-20T14:06:26+00:00\",\"dateModified\":\"2025-08-11T14:35:50+00:00\",\"description\":\"Geraaniumi eeterlik on tugeval\u00f5hnaline, turgutades meeli oma lillelise aroomiga, milles peitub ka vihjeid m\u00fcndi ja \u00f5una aroomile. See \u00f5li aitab suurep\u00e4raselt tasakaalustada meie keha ja meelt ning m\u00f5jub tujut\u00f5stvalt. Tema aroom aitab m\u00f5jusalt leevendada ka terviseh\u00e4dadest tingitud vaevusi.\",\"breadcrumb\":{\"@id\":\"https:\\\/\\\/hingelaegas.ee\\\/product\\\/geraanium-eeterlik-oli\\\/#breadcrumb\"},\"inLanguage\":\"en-GB\",\"potentialAction\":[{\"@type\":\"ReadAction\",\"target\":[\"https:\\\/\\\/hingelaegas.ee\\\/product\\\/geraanium-eeterlik-oli\\\/\"]}]},{\"@type\":\"ImageObject\",\"inLanguage\":\"en-GB\",\"@id\":\"https:\\\/\\\/hingelaegas.ee\\\/product\\\/geraanium-eeterlik-oli\\\/#primaryimage\",\"url\":\"https:\\\/\\\/i0.wp.com\\\/hingelaegas.ee\\\/wp-content\\\/uploads\\\/2021\\\/04\\\/geraanium-EO.png?fit=800%2C800&ssl=1\",\"contentUrl\":\"https:\\\/\\\/i0.wp.com\\\/hingelaegas.ee\\\/wp-content\\\/uploads\\\/2021\\\/04\\\/geraanium-EO.png?fit=800%2C800&ssl=1\",\"width\":800,\"height\":800},{\"@type\":\"BreadcrumbList\",\"@id\":\"https:\\\/\\\/hingelaegas.ee\\\/product\\\/geraanium-eeterlik-oli\\\/#breadcrumb\",\"itemListElement\":[{\"@type\":\"ListItem\",\"position\":1,\"name\":\"Home\",\"item\":\"https:\\\/\\\/www.hingelaegas.ee\\\/\"},{\"@type\":\"ListItem\",\"position\":2,\"name\":\"E-POOD\",\"item\":\"https:\\\/\\\/www.hingelaegas.ee\\\/e-pood\\\/\"},{\"@type\":\"ListItem\",\"position\":3,\"name\":\"Geraanium eeterlik \u00f5li\"}]},{\"@type\":\"WebSite\",\"@id\":\"https:\\\/\\\/www.hingelaegas.ee\\\/#website\",\"url\":\"https:\\\/\\\/www.hingelaegas.ee\\\/\",\"name\":\"Hingelaegas\",\"description\":\"Hingele. Kehale. Vaimule.\",\"publisher\":{\"@id\":\"https:\\\/\\\/www.hingelaegas.ee\\\/#organization\"},\"potentialAction\":[{\"@type\":\"SearchAction\",\"target\":{\"@type\":\"EntryPoint\",\"urlTemplate\":\"https:\\\/\\\/www.hingelaegas.ee\\\/?s={search_term_string}\"},\"query-input\":{\"@type\":\"PropertyValueSpecification\",\"valueRequired\":true,\"valueName\":\"search_term_string\"}}],\"inLanguage\":\"en-GB\"},{\"@type\":\"Organization\",\"@id\":\"https:\\\/\\\/www.hingelaegas.ee\\\/#organization\",\"name\":\"Hingelaegas O\u00dc\",\"url\":\"https:\\\/\\\/www.hingelaegas.ee\\\/\",\"logo\":{\"@type\":\"ImageObject\",\"inLanguage\":\"en-GB\",\"@id\":\"https:\\\/\\\/www.hingelaegas.ee\\\/#\\\/schema\\\/logo\\\/image\\\/\",\"url\":\"https:\\\/\\\/hingelaegas.ee\\\/wp-content\\\/uploads\\\/2020\\\/12\\\/hingelaegas_vaike.png\",\"contentUrl\":\"https:\\\/\\\/hingelaegas.ee\\\/wp-content\\\/uploads\\\/2020\\\/12\\\/hingelaegas_vaike.png\",\"width\":700,\"height\":700,\"caption\":\"Hingelaegas O\u00dc\"},\"image\":{\"@id\":\"https:\\\/\\\/www.hingelaegas.ee\\\/#\\\/schema\\\/logo\\\/image\\\/\"}}]}<\/script>\n<!-- \/ Yoast SEO plugin. -->","yoast_head_json":{"title":"Geraanium eeterlik \u00f5li - Hingelaegas","description":"Geranium essential has a strong scent, invigorating the senses with its floral aroma, which also contains hints of mint and apple. This oil helps balance your body and mind perfectly and has a mood-boosting effect. Its aroma also effectively relieves ailments caused by health problems.","robots":{"index":"index","follow":"follow","max-snippet":"max-snippet:-1","max-image-preview":"max-image-preview:large","max-video-preview":"max-video-preview:-1"},"canonical":"https:\/\/hingelaegas.ee\/en\/product\/geraanium-eeterlik-oli\/","og_locale":"en_GB","og_type":"article","og_title":"Geraanium eeterlik \u00f5li - Hingelaegas","og_description":"Geraaniumi eeterlik on tugeval\u00f5hnaline, turgutades meeli oma lillelise aroomiga, milles peitub ka vihjeid m\u00fcndi ja \u00f5una aroomile. See \u00f5li aitab suurep\u00e4raselt tasakaalustada meie keha ja meelt ning m\u00f5jub tujut\u00f5stvalt. Tema aroom aitab m\u00f5jusalt leevendada ka terviseh\u00e4dadest tingitud vaevusi.","og_url":"https:\/\/hingelaegas.ee\/en\/product\/geraanium-eeterlik-oli\/","og_site_name":"Hingelaegas","article_modified_time":"2025-08-11T14:35:50+00:00","og_image":[{"width":800,"height":800,"url":"https:\/\/i0.wp.com\/hingelaegas.ee\/wp-content\/uploads\/2021\/04\/geraanium-EO.png?fit=800%2C800&ssl=1","type":"image\/png"}],"twitter_card":"summary_large_image","twitter_misc":{"Estimated reading time":"3 minutes"},"schema":{"@context":"https:\/\/schema.org","@graph":[{"@type":"WebPage","@id":"https:\/\/hingelaegas.ee\/product\/geraanium-eeterlik-oli\/","url":"https:\/\/hingelaegas.ee\/product\/geraanium-eeterlik-oli\/","name":"Geraanium eeterlik \u00f5li - Hingelaegas","isPartOf":{"@id":"https:\/\/www.hingelaegas.ee\/#website"},"primaryImageOfPage":{"@id":"https:\/\/hingelaegas.ee\/product\/geraanium-eeterlik-oli\/#primaryimage"},"image":{"@id":"https:\/\/hingelaegas.ee\/product\/geraanium-eeterlik-oli\/#primaryimage"},"thumbnailUrl":"https:\/\/i0.wp.com\/hingelaegas.ee\/wp-content\/uploads\/2021\/04\/geraanium-EO.png?fit=800%2C800&ssl=1","datePublished":"2021-04-20T14:06:26+00:00","dateModified":"2025-08-11T14:35:50+00:00","description":"Geranium essential has a strong scent, invigorating the senses with its floral aroma, which also contains hints of mint and apple. This oil helps balance your body and mind perfectly and has a mood-boosting effect. Its aroma also effectively relieves ailments caused by health problems.","breadcrumb":{"@id":"https:\/\/hingelaegas.ee\/product\/geraanium-eeterlik-oli\/#breadcrumb"},"inLanguage":"en-GB","potentialAction":[{"@type":"ReadAction","target":["https:\/\/hingelaegas.ee\/product\/geraanium-eeterlik-oli\/"]}]},{"@type":"ImageObject","inLanguage":"en-GB","@id":"https:\/\/hingelaegas.ee\/product\/geraanium-eeterlik-oli\/#primaryimage","url":"https:\/\/i0.wp.com\/hingelaegas.ee\/wp-content\/uploads\/2021\/04\/geraanium-EO.png?fit=800%2C800&ssl=1","contentUrl":"https:\/\/i0.wp.com\/hingelaegas.ee\/wp-content\/uploads\/2021\/04\/geraanium-EO.png?fit=800%2C800&ssl=1","width":800,"height":800},{"@type":"BreadcrumbList","@id":"https:\/\/hingelaegas.ee\/product\/geraanium-eeterlik-oli\/#breadcrumb","itemListElement":[{"@type":"ListItem","position":1,"name":"Home","item":"https:\/\/www.hingelaegas.ee\/"},{"@type":"ListItem","position":2,"name":"E-POOD","item":"https:\/\/www.hingelaegas.ee\/e-pood\/"},{"@type":"ListItem","position":3,"name":"Geraanium eeterlik \u00f5li"}]},{"@type":"WebSite","@id":"https:\/\/www.hingelaegas.ee\/#website","url":"https:\/\/www.hingelaegas.ee\/","name":"Hingelaegas","description":"For Soul. For Body. For Mind.","publisher":{"@id":"https:\/\/www.hingelaegas.ee\/#organization"},"potentialAction":[{"@type":"SearchAction","target":{"@type":"EntryPoint","urlTemplate":"https:\/\/www.hingelaegas.ee\/?s={search_term_string}"},"query-input":{"@type":"PropertyValueSpecification","valueRequired":true,"valueName":"search_term_string"}}],"inLanguage":"en-GB"},{"@type":"Organization","@id":"https:\/\/www.hingelaegas.ee\/#organization","name":"Hingelaegas O\u00dc","url":"https:\/\/www.hingelaegas.ee\/","logo":{"@type":"ImageObject","inLanguage":"en-GB","@id":"https:\/\/www.hingelaegas.ee\/#\/schema\/logo\/image\/","url":"https:\/\/hingelaegas.ee\/wp-content\/uploads\/2020\/12\/hingelaegas_vaike.png","contentUrl":"https:\/\/hingelaegas.ee\/wp-content\/uploads\/2020\/12\/hingelaegas_vaike.png","width":700,"height":700,"caption":"Hingelaegas O\u00dc"},"image":{"@id":"https:\/\/www.hingelaegas.ee\/#\/schema\/logo\/image\/"}}]}},"acf":[],"jetpack_likes_enabled":false,"jetpack_sharing_enabled":true,"_links":{"self":[{"href":"https:\/\/hingelaegas.ee\/en\/wp-json\/wp\/v2\/product\/782","targetHints":{"allow":["GET"]}}],"collection":[{"href":"https:\/\/hingelaegas.ee\/en\/wp-json\/wp\/v2\/product"}],"about":[{"href":"https:\/\/hingelaegas.ee\/en\/wp-json\/wp\/v2\/types\/product"}],"replies":[{"embeddable":true,"href":"https:\/\/hingelaegas.ee\/en\/wp-json\/wp\/v2\/comments?post=782"}],"wp:featuredmedia":[{"embeddable":true,"href":"https:\/\/hingelaegas.ee\/en\/wp-json\/wp\/v2\/media\/6001"}],"wp:attachment":[{"href":"https:\/\/hingelaegas.ee\/en\/wp-json\/wp\/v2\/media?parent=782"}],"wp:term":[{"taxonomy":"product_brand","embeddable":true,"href":"https:\/\/hingelaegas.ee\/en\/wp-json\/wp\/v2\/product_brand?post=782"},{"taxonomy":"product_cat","embeddable":true,"href":"https:\/\/hingelaegas.ee\/en\/wp-json\/wp\/v2\/product_cat?post=782"},{"taxonomy":"product_tag","embeddable":true,"href":"https:\/\/hingelaegas.ee\/en\/wp-json\/wp\/v2\/product_tag?post=782"}],"curies":[{"name":"wp","href":"https:\/\/api.w.org\/{rel}","templated":true}]}}